{"id":1637,"date":"2024-06-29T18:26:08","date_gmt":"2024-06-29T16:26:08","guid":{"rendered":"https:\/\/o-de-r-ose.fr\/?page_id=1637"},"modified":"2025-08-11T15:26:32","modified_gmt":"2025-08-11T13:26:32","slug":"le-bien-etre","status":"publish","type":"page","link":"https:\/\/o-de-r-ose.fr\/index.php\/le-bien-etre\/","title":{"rendered":"Soin et beaut\u00e9"},"content":{"rendered":"<p>[et_pb_section fb_built=\u00a0\u00bb1&Prime; _builder_version=\u00a0\u00bb4.23.1&Prime; _module_preset=\u00a0\u00bbdefault\u00a0\u00bb background_image=\u00a0\u00bbhttps:\/\/o-de-r-ose.fr\/wp-content\/uploads\/2024\/08\/BIEN-ETRE.png\u00a0\u00bb global_colors_info=\u00a0\u00bb{}\u00a0\u00bb][et_pb_row _builder_version=\u00a0\u00bb4.23.1&Prime; _module_preset=\u00a0\u00bbdefault\u00a0\u00bb global_colors_info=\u00a0\u00bb{}\u00a0\u00bb][et_pb_column type=\u00a0\u00bb4_4&Prime; _builder_version=\u00a0\u00bb4.23.1&Prime; _module_preset=\u00a0\u00bbdefault\u00a0\u00bb global_colors_info=\u00a0\u00bb{}\u00a0\u00bb][et_pb_heading title=\u00a0\u00bbSoins \u00e9nerg\u00e9tiques\u00a0\u00bb _builder_version=\u00a0\u00bb4.23.1&Prime; _module_preset=\u00a0\u00bbdefault\u00a0\u00bb title_text_align=\u00a0\u00bbcenter\u00a0\u00bb title_text_color=\u00a0\u00bb#FFFFFF\u00a0\u00bb title_font_size=\u00a0\u00bb100px\u00a0\u00bb title_line_height=\u00a0\u00bb3em\u00a0\u00bb global_colors_info=\u00a0\u00bb{}\u00a0\u00bb][\/et_pb_heading][\/et_pb_column][\/et_pb_row][\/et_pb_section][et_pb_section fb_built=\u00a0\u00bb1&Prime; _builder_version=\u00a0\u00bb4.23.1&Prime; _module_preset=\u00a0\u00bbdefault\u00a0\u00bb background_color=\u00a0\u00bb#f3efe5&Prime; global_colors_info=\u00a0\u00bb{}\u00a0\u00bb][et_pb_row column_structure=\u00a0\u00bb1_3,1_3,1_3&Prime; _builder_version=\u00a0\u00bb4.23.1&Prime; _module_preset=\u00a0\u00bbdefault\u00a0\u00bb global_colors_info=\u00a0\u00bb{}\u00a0\u00bb][et_pb_column type=\u00a0\u00bb1_3&Prime; _builder_version=\u00a0\u00bb4.23.1&Prime; _module_preset=\u00a0\u00bbdefault\u00a0\u00bb global_colors_info=\u00a0\u00bb{}\u00a0\u00bb][et_pb_image src=\u00a0\u00bbhttps:\/\/o-de-r-ose.fr\/wp-content\/uploads\/2024\/09\/PRENDRE-SOIN-e1727423176652.jpg\u00a0\u00bb title_text=\u00a0\u00bbPRENDRE SOIN\u00a0\u00bb url=\u00a0\u00bbhttps:\/\/o-de-r-ose.fr\/index.php\/soins-et-beaute\/\u00a0\u00bb align=\u00a0\u00bbcenter\u00a0\u00bb _builder_version=\u00a0\u00bb4.23.1&Prime; _module_preset=\u00a0\u00bbdefault\u00a0\u00bb width=\u00a0\u00bb77%\u00a0\u00bb max_width=\u00a0\u00bb80%\u00a0\u00bb border_radii=\u00a0\u00bbon|295px|295px|295px|295px\u00a0\u00bb global_colors_info=\u00a0\u00bb{}\u00a0\u00bb][\/et_pb_image][et_pb_text _builder_version=\u00a0\u00bb4.23.1&Prime; _module_preset=\u00a0\u00bbdefault\u00a0\u00bb text_text_color=\u00a0\u00bb#A80011&Prime; link_option_url=\u00a0\u00bbhttps:\/\/o-de-r-ose.fr\/index.php\/soins-et-beaute\/\u00a0\u00bb global_colors_info=\u00a0\u00bb{}\u00a0\u00bb]<\/p>\n<p style=\"text-align: center;\">Harmoniser ses \u00e9nergies<\/p>\n<p style=\"text-align: center;\">\n<p>[\/et_pb_text][\/et_pb_column][et_pb_column type=\u00a0\u00bb1_3&Prime; _builder_version=\u00a0\u00bb4.23.1&Prime; _module_preset=\u00a0\u00bbdefault\u00a0\u00bb global_colors_info=\u00a0\u00bb{}\u00a0\u00bb][et_pb_image src=\u00a0\u00bbhttps:\/\/o-de-r-ose.fr\/wp-content\/uploads\/2024\/08\/MASSAGE-PETIT.png\u00a0\u00bb title_text=\u00a0\u00bbMASSAGE PETIT\u00a0\u00bb url=\u00a0\u00bbhttps:\/\/o-de-r-ose.fr\/index.php\/o-de-rose-accueil\/cascade-de-la-rose\/\u00a0\u00bb show_bottom_space=\u00a0\u00bboff\u00a0\u00bb align=\u00a0\u00bbcenter\u00a0\u00bb _builder_version=\u00a0\u00bb4.23.1&Prime; _module_preset=\u00a0\u00bbdefault\u00a0\u00bb width=\u00a0\u00bb73%\u00a0\u00bb max_width=\u00a0\u00bb73%\u00a0\u00bb hover_enabled=\u00a0\u00bb0&Prime; border_radii=\u00a0\u00bbon|374px|374px|374px|374px\u00a0\u00bb global_colors_info=\u00a0\u00bb{}\u00a0\u00bb height=\u00a0\u00bb219px\u00a0\u00bb sticky_enabled=\u00a0\u00bb0&Prime;][\/et_pb_image][et_pb_text _builder_version=\u00a0\u00bb4.23.1&Prime; _module_preset=\u00a0\u00bbdefault\u00a0\u00bb text_text_color=\u00a0\u00bb#A80011&Prime; link_option_url=\u00a0\u00bbhttps:\/\/o-de-r-ose.fr\/index.php\/o-de-rose-accueil\/cascade-de-la-rose\/\u00a0\u00bb global_colors_info=\u00a0\u00bb{}\u00a0\u00bb]<\/p>\n<p style=\"text-align: center;\">\n<p style=\"text-align: center;\">Massages<\/p>\n<p>[\/et_pb_text][\/et_pb_column][et_pb_column type=\u00a0\u00bb1_3&Prime; _builder_version=\u00a0\u00bb4.23.1&Prime; _module_preset=\u00a0\u00bbdefault\u00a0\u00bb global_colors_info=\u00a0\u00bb{}\u00a0\u00bb][et_pb_image src=\u00a0\u00bbhttps:\/\/o-de-r-ose.fr\/wp-content\/uploads\/2025\/08\/DANSE-OCEAN-e1754916202158.jpg\u00a0\u00bb title_text=\u00a0\u00bbDANSE OCEAN\u00a0\u00bb url=\u00a0\u00bbhttps:\/\/o-de-r-ose.fr\/index.php\/ocean-sacre-2\/\u00a0\u00bb align=\u00a0\u00bbcenter\u00a0\u00bb _builder_version=\u00a0\u00bb4.23.1&Prime; _module_preset=\u00a0\u00bbdefault\u00a0\u00bb width=\u00a0\u00bb68%\u00a0\u00bb hover_enabled=\u00a0\u00bb0&Prime; border_radii=\u00a0\u00bbon|202px|202px|202px|202px\u00a0\u00bb global_colors_info=\u00a0\u00bb{}\u00a0\u00bb sticky_enabled=\u00a0\u00bb0&Prime;][\/et_pb_image][et_pb_text _builder_version=\u00a0\u00bb4.23.1&Prime; _module_preset=\u00a0\u00bbdefault\u00a0\u00bb text_text_color=\u00a0\u00bb#A80011&Prime; link_option_url=\u00a0\u00bbhttps:\/\/o-de-r-ose.fr\/index.php\/tarifs\/\u00a0\u00bb global_colors_info=\u00a0\u00bb{}\u00a0\u00bb]<\/p>\n<p style=\"text-align: center;\">Ateliers Oc\u00e9an Sacr\u00e9<\/p>\n<p>[\/et_pb_text][\/et_pb_column][\/et_pb_row][\/et_pb_section]<\/p>\n","protected":false},"excerpt":{"rendered":"<p>Harmoniser ses \u00e9nergies MassagesAteliers Oc\u00e9an Sacr\u00e9<\/p>\n","protected":false},"author":1,"featured_media":0,"parent":0,"menu_order":0,"comment_status":"closed","ping_status":"closed","template":"","meta":{"_et_pb_use_builder":"on","_et_pb_old_content":"","_et_gb_content_width":"","footnotes":""},"class_list":["post-1637","page","type-page","status-publish","hentry"],"yoast_head":"<!-- This site is optimized with the Yoast SEO plugin v23.0 - https:\/\/yoast.com\/wordpress\/plugins\/seo\/ -->\n<title>Soin et beaut\u00e9 - O de r&#039;Ose<\/title>\n<meta name=\"robots\" content=\"index, follow, max-snippet:-1, max-image-preview:large, max-video-preview:-1\" \/>\n<link rel=\"canonical\" href=\"https:\/\/o-de-r-ose.fr\/index.php\/le-bien-etre\/\" \/>\n<meta property=\"og:locale\" content=\"fr_FR\" \/>\n<meta property=\"og:type\" content=\"article\" \/>\n<meta property=\"og:title\" content=\"Soin et beaut\u00e9 - O de r&#039;Ose\" \/>\n<meta property=\"og:description\" content=\"Harmoniser ses \u00e9nergies MassagesAteliers Oc\u00e9an Sacr\u00e9\" \/>\n<meta property=\"og:url\" content=\"https:\/\/o-de-r-ose.fr\/index.php\/le-bien-etre\/\" \/>\n<meta property=\"og:site_name\" content=\"O de r&#039;Ose\" \/>\n<meta property=\"article:publisher\" content=\"https:\/\/www.facebook.com\/people\/O-de-rOse\/61553288860149\/\" \/>\n<meta property=\"article:modified_time\" content=\"2025-08-11T13:26:32+00:00\" \/>\n<meta property=\"og:image\" content=\"https:\/\/o-de-r-ose.fr\/wp-content\/uploads\/2023\/11\/O-DE-ROSE-LOGO.png\" \/>\n\t<meta property=\"og:image:width\" content=\"500\" \/>\n\t<meta property=\"og:image:height\" content=\"500\" \/>\n\t<meta property=\"og:image:type\" content=\"image\/png\" \/>\n<meta name=\"twitter:card\" content=\"summary_large_image\" \/>\n<meta name=\"twitter:label1\" content=\"Dur\u00e9e de lecture estim\u00e9e\" \/>\n\t<meta name=\"twitter:data1\" content=\"1 minute\" \/>\n<script type=\"application\/ld+json\" class=\"yoast-schema-graph\">{\"@context\":\"https:\/\/schema.org\",\"@graph\":[{\"@type\":\"WebPage\",\"@id\":\"https:\/\/o-de-r-ose.fr\/index.php\/le-bien-etre\/\",\"url\":\"https:\/\/o-de-r-ose.fr\/index.php\/le-bien-etre\/\",\"name\":\"Soin et beaut\u00e9 - O de r&#039;Ose\",\"isPartOf\":{\"@id\":\"https:\/\/o-de-r-ose.fr\/#website\"},\"datePublished\":\"2024-06-29T16:26:08+00:00\",\"dateModified\":\"2025-08-11T13:26:32+00:00\",\"breadcrumb\":{\"@id\":\"https:\/\/o-de-r-ose.fr\/index.php\/le-bien-etre\/#breadcrumb\"},\"inLanguage\":\"fr-FR\",\"potentialAction\":[{\"@type\":\"ReadAction\",\"target\":[\"https:\/\/o-de-r-ose.fr\/index.php\/le-bien-etre\/\"]}]},{\"@type\":\"BreadcrumbList\",\"@id\":\"https:\/\/o-de-r-ose.fr\/index.php\/le-bien-etre\/#breadcrumb\",\"itemListElement\":[{\"@type\":\"ListItem\",\"position\":1,\"name\":\"Accueil\",\"item\":\"https:\/\/o-de-r-ose.fr\/\"},{\"@type\":\"ListItem\",\"position\":2,\"name\":\"Soin et beaut\u00e9\"}]},{\"@type\":\"WebSite\",\"@id\":\"https:\/\/o-de-r-ose.fr\/#website\",\"url\":\"https:\/\/o-de-r-ose.fr\/\",\"name\":\"O de r'Ose\",\"description\":\"La seconde Floraison\",\"publisher\":{\"@id\":\"https:\/\/o-de-r-ose.fr\/#organization\"},\"potentialAction\":[{\"@type\":\"SearchAction\",\"target\":{\"@type\":\"EntryPoint\",\"urlTemplate\":\"https:\/\/o-de-r-ose.fr\/?s={search_term_string}\"},\"query-input\":\"required name=search_term_string\"}],\"inLanguage\":\"fr-FR\"},{\"@type\":\"Organization\",\"@id\":\"https:\/\/o-de-r-ose.fr\/#organization\",\"name\":\"O de r'Ose\",\"url\":\"https:\/\/o-de-r-ose.fr\/\",\"logo\":{\"@type\":\"ImageObject\",\"inLanguage\":\"fr-FR\",\"@id\":\"https:\/\/o-de-r-ose.fr\/#\/schema\/logo\/image\/\",\"url\":\"https:\/\/o-de-r-ose.fr\/wp-content\/uploads\/2023\/11\/O-DE-ROSE-LOGO.png\",\"contentUrl\":\"https:\/\/o-de-r-ose.fr\/wp-content\/uploads\/2023\/11\/O-DE-ROSE-LOGO.png\",\"width\":500,\"height\":500,\"caption\":\"O de r'Ose\"},\"image\":{\"@id\":\"https:\/\/o-de-r-ose.fr\/#\/schema\/logo\/image\/\"},\"sameAs\":[\"https:\/\/www.facebook.com\/people\/O-de-rOse\/61553288860149\/\"]}]}<\/script>\n<!-- \/ Yoast SEO plugin. -->","yoast_head_json":{"title":"Soin et beaut\u00e9 - O de r&#039;Ose","robots":{"index":"index","follow":"follow","max-snippet":"max-snippet:-1","max-image-preview":"max-image-preview:large","max-video-preview":"max-video-preview:-1"},"canonical":"https:\/\/o-de-r-ose.fr\/index.php\/le-bien-etre\/","og_locale":"fr_FR","og_type":"article","og_title":"Soin et beaut\u00e9 - O de r&#039;Ose","og_description":"Harmoniser ses \u00e9nergies MassagesAteliers Oc\u00e9an Sacr\u00e9","og_url":"https:\/\/o-de-r-ose.fr\/index.php\/le-bien-etre\/","og_site_name":"O de r&#039;Ose","article_publisher":"https:\/\/www.facebook.com\/people\/O-de-rOse\/61553288860149\/","article_modified_time":"2025-08-11T13:26:32+00:00","og_image":[{"width":500,"height":500,"url":"https:\/\/o-de-r-ose.fr\/wp-content\/uploads\/2023\/11\/O-DE-ROSE-LOGO.png","type":"image\/png"}],"twitter_card":"summary_large_image","twitter_misc":{"Dur\u00e9e de lecture estim\u00e9e":"1 minute"},"schema":{"@context":"https:\/\/schema.org","@graph":[{"@type":"WebPage","@id":"https:\/\/o-de-r-ose.fr\/index.php\/le-bien-etre\/","url":"https:\/\/o-de-r-ose.fr\/index.php\/le-bien-etre\/","name":"Soin et beaut\u00e9 - O de r&#039;Ose","isPartOf":{"@id":"https:\/\/o-de-r-ose.fr\/#website"},"datePublished":"2024-06-29T16:26:08+00:00","dateModified":"2025-08-11T13:26:32+00:00","breadcrumb":{"@id":"https:\/\/o-de-r-ose.fr\/index.php\/le-bien-etre\/#breadcrumb"},"inLanguage":"fr-FR","potentialAction":[{"@type":"ReadAction","target":["https:\/\/o-de-r-ose.fr\/index.php\/le-bien-etre\/"]}]},{"@type":"BreadcrumbList","@id":"https:\/\/o-de-r-ose.fr\/index.php\/le-bien-etre\/#breadcrumb","itemListElement":[{"@type":"ListItem","position":1,"name":"Accueil","item":"https:\/\/o-de-r-ose.fr\/"},{"@type":"ListItem","position":2,"name":"Soin et beaut\u00e9"}]},{"@type":"WebSite","@id":"https:\/\/o-de-r-ose.fr\/#website","url":"https:\/\/o-de-r-ose.fr\/","name":"O de r'Ose","description":"La seconde Floraison","publisher":{"@id":"https:\/\/o-de-r-ose.fr\/#organization"},"potentialAction":[{"@type":"SearchAction","target":{"@type":"EntryPoint","urlTemplate":"https:\/\/o-de-r-ose.fr\/?s={search_term_string}"},"query-input":"required name=search_term_string"}],"inLanguage":"fr-FR"},{"@type":"Organization","@id":"https:\/\/o-de-r-ose.fr\/#organization","name":"O de r'Ose","url":"https:\/\/o-de-r-ose.fr\/","logo":{"@type":"ImageObject","inLanguage":"fr-FR","@id":"https:\/\/o-de-r-ose.fr\/#\/schema\/logo\/image\/","url":"https:\/\/o-de-r-ose.fr\/wp-content\/uploads\/2023\/11\/O-DE-ROSE-LOGO.png","contentUrl":"https:\/\/o-de-r-ose.fr\/wp-content\/uploads\/2023\/11\/O-DE-ROSE-LOGO.png","width":500,"height":500,"caption":"O de r'Ose"},"image":{"@id":"https:\/\/o-de-r-ose.fr\/#\/schema\/logo\/image\/"},"sameAs":["https:\/\/www.facebook.com\/people\/O-de-rOse\/61553288860149\/"]}]}},"_links":{"self":[{"href":"https:\/\/o-de-r-ose.fr\/index.php\/wp-json\/wp\/v2\/pages\/1637","targetHints":{"allow":["GET"]}}],"collection":[{"href":"https:\/\/o-de-r-ose.fr\/index.php\/wp-json\/wp\/v2\/pages"}],"about":[{"href":"https:\/\/o-de-r-ose.fr\/index.php\/wp-json\/wp\/v2\/types\/page"}],"author":[{"embeddable":true,"href":"https:\/\/o-de-r-ose.fr\/index.php\/wp-json\/wp\/v2\/users\/1"}],"replies":[{"embeddable":true,"href":"https:\/\/o-de-r-ose.fr\/index.php\/wp-json\/wp\/v2\/comments?post=1637"}],"version-history":[{"count":25,"href":"https:\/\/o-de-r-ose.fr\/index.php\/wp-json\/wp\/v2\/pages\/1637\/revisions"}],"predecessor-version":[{"id":2796,"href":"https:\/\/o-de-r-ose.fr\/index.php\/wp-json\/wp\/v2\/pages\/1637\/revisions\/2796"}],"wp:attachment":[{"href":"https:\/\/o-de-r-ose.fr\/index.php\/wp-json\/wp\/v2\/media?parent=1637"}],"curies":[{"name":"wp","href":"https:\/\/api.w.org\/{rel}","templated":true}]}}