{"id":1984,"date":"2024-08-10T09:59:35","date_gmt":"2024-08-10T07:59:35","guid":{"rendered":"https:\/\/o-de-r-ose.fr\/?page_id=1984"},"modified":"2025-09-10T10:57:23","modified_gmt":"2025-09-10T08:57:23","slug":"ocean-sacre-2","status":"publish","type":"page","link":"https:\/\/o-de-r-ose.fr\/index.php\/ocean-sacre-2\/","title":{"rendered":"Ateliers de l&rsquo;Oc\u00e9an Sacr\u00e9"},"content":{"rendered":"<p>[et_pb_section fb_built=\u00a0\u00bb1&Prime; _builder_version=\u00a0\u00bb4.23.1&Prime; _module_preset=\u00a0\u00bbdefault\u00a0\u00bb background_color=\u00a0\u00bb#f3efe5&Prime; background_image=\u00a0\u00bbhttps:\/\/o-de-r-ose.fr\/wp-content\/uploads\/2025\/08\/OCEAN-SACRE.png\u00a0\u00bb min_height=\u00a0\u00bb484px\u00a0\u00bb height=\u00a0\u00bb418px\u00a0\u00bb max_height=\u00a0\u00bb426px\u00a0\u00bb global_colors_info=\u00a0\u00bb{}\u00a0\u00bb][et_pb_row _builder_version=\u00a0\u00bb4.23.1&Prime; _module_preset=\u00a0\u00bbdefault\u00a0\u00bb global_colors_info=\u00a0\u00bb{}\u00a0\u00bb][et_pb_column type=\u00a0\u00bb4_4&Prime; _builder_version=\u00a0\u00bb4.23.1&Prime; _module_preset=\u00a0\u00bbdefault\u00a0\u00bb global_colors_info=\u00a0\u00bb{}\u00a0\u00bb][et_pb_heading title=\u00a0\u00bbAteliers de l&rsquo;Oc\u00e9an Sacr\u00e9\u00a0\u00bb _builder_version=\u00a0\u00bb4.23.1&Prime; _module_preset=\u00a0\u00bbdefault\u00a0\u00bb title_font=\u00a0\u00bb|800|||||||\u00a0\u00bb title_text_align=\u00a0\u00bbcenter\u00a0\u00bb title_text_color=\u00a0\u00bb#FFFFFF\u00a0\u00bb title_font_size=\u00a0\u00bb92px\u00a0\u00bb title_line_height=\u00a0\u00bb1.5em\u00a0\u00bb title_text_shadow_style=\u00a0\u00bbpreset1&Prime; title_text_shadow_horizontal_length=\u00a0\u00bb0.03em\u00a0\u00bb title_text_shadow_vertical_length=\u00a0\u00bb0.04em\u00a0\u00bb title_text_shadow_blur_strength=\u00a0\u00bb0.05em\u00a0\u00bb title_text_shadow_color=\u00a0\u00bb#4A4A4A\u00a0\u00bb global_colors_info=\u00a0\u00bb{}\u00a0\u00bb][\/et_pb_heading][\/et_pb_column][\/et_pb_row][\/et_pb_section][et_pb_section fb_built=\u00a0\u00bb1&Prime; _builder_version=\u00a0\u00bb4.23.1&Prime; _module_preset=\u00a0\u00bbdefault\u00a0\u00bb background_color=\u00a0\u00bb#f3efe5&Prime; global_colors_info=\u00a0\u00bb{}\u00a0\u00bb][et_pb_row _builder_version=\u00a0\u00bb4.23.1&Prime; _module_preset=\u00a0\u00bbdefault\u00a0\u00bb global_colors_info=\u00a0\u00bb{}\u00a0\u00bb][et_pb_column type=\u00a0\u00bb4_4&Prime; _builder_version=\u00a0\u00bb4.23.1&Prime; _module_preset=\u00a0\u00bbdefault\u00a0\u00bb global_colors_info=\u00a0\u00bb{}\u00a0\u00bb][et_pb_heading title=\u00a0\u00bbLa source de l&rsquo;\u00e9nergie f\u00e9minine\u00a0\u00bb _builder_version=\u00a0\u00bb4.23.1&Prime; _module_preset=\u00a0\u00bbdefault\u00a0\u00bb title_text_align=\u00a0\u00bbcenter\u00a0\u00bb global_colors_info=\u00a0\u00bb{}\u00a0\u00bb][\/et_pb_heading][\/et_pb_column][\/et_pb_row][et_pb_row _builder_version=\u00a0\u00bb4.23.1&Prime; _module_preset=\u00a0\u00bbdefault\u00a0\u00bb global_colors_info=\u00a0\u00bb{}\u00a0\u00bb][et_pb_column type=\u00a0\u00bb4_4&Prime; _builder_version=\u00a0\u00bb4.23.1&Prime; _module_preset=\u00a0\u00bbdefault\u00a0\u00bb global_colors_info=\u00a0\u00bb{}\u00a0\u00bb][et_pb_text _builder_version=\u00a0\u00bb4.23.1&Prime; _module_preset=\u00a0\u00bbdefault\u00a0\u00bb box_shadow_style=\u00a0\u00bbpreset1&Prime; global_colors_info=\u00a0\u00bb{}\u00a0\u00bb]<\/p>\n<p style=\"text-align: justify;\">La danse de l&rsquo;Oc\u00e9an Sacr\u00e9 vous invite \u00e0 red\u00e9couvrir votre v\u00e9ritable \u00e9nergie f\u00e9minine et \u00e0 entrer dans votre nouveau cycle d&rsquo;\u00e9volution.<\/p>\n<p style=\"text-align: justify;\">A raison de 2 rencontres par mois de septembre \u00e0 juin, vous vous offrirez un moment privil\u00e9gi\u00e9 o\u00f9 l&rsquo;esprit, l&rsquo;\u00e2me et le corps rentreront en r\u00e9sonance avec votre v\u00e9ritable nature.<\/p>\n<p style=\"text-align: justify;\">Ces ateliers d&rsquo;une dur\u00e9e de 2 heures se d\u00e9roulent en 2 parties :<\/p>\n<p style=\"text-align: justify;\">&#8211; exploration de l&rsquo;esprit et des \u00e9motions<\/p>\n<p style=\"text-align: justify;\">&#8211; lib\u00e9ration \u00e9motionnelle par le corps avec des mouvements dans\u00e9s<\/p>\n<p style=\"text-align: justify;\">\n<p style=\"text-align: justify;\">\n<p>[\/et_pb_text][et_pb_text _builder_version=\u00a0\u00bb4.23.1&Prime; _module_preset=\u00a0\u00bbdefault\u00a0\u00bb box_shadow_style=\u00a0\u00bbpreset1&Prime; global_colors_info=\u00a0\u00bb{}\u00a0\u00bb]<\/p>\n<p style=\"text-align: justify;\">\n<p style=\"text-align: justify;\">Diff\u00e9rentes th\u00e9matiques \u00e9volutives seront abord\u00e9es lors de ces ateliers et o\u00f9 vous aurez la possibilit\u00e9 de proposer un sujet qui vous touche plus particuli\u00e8rement.<\/p>\n<p style=\"text-align: justify;\">Ces ateliers permettent d&rsquo;apporter les conditions favorables \u00e0 une version authentique de votre \u00catre, laissant libre cours \u00e0 la joie et la spontan\u00e9it\u00e9 de la vie.<\/p>\n<p style=\"text-align: justify;\">\n<p>[\/et_pb_text][et_pb_text _builder_version=\u00a0\u00bb4.23.1&Prime; _module_preset=\u00a0\u00bbdefault\u00a0\u00bb box_shadow_style=\u00a0\u00bbpreset1&Prime; global_colors_info=\u00a0\u00bb{}\u00a0\u00bb]<\/p>\n<p>&nbsp;<\/p>\n<p style=\"text-align: justify;\"><span style=\"color: #758e63;\">Cette pratique s&rsquo;installe sur une saison de septembre \u00e0 juin car tout comme la danse qui est pratiqu\u00e9e de fa\u00e7on r\u00e9guli\u00e8re, le r\u00e9sultat passe par la fr\u00e9quence rapproch\u00e9e des s\u00e9ances conjugu\u00e9e \u00e0 la dur\u00e9e dans le temps.<\/span><\/p>\n<p style=\"text-align: justify;\"><span style=\"color: #758e63;\">Ces ateliers au nombre maximum de 8 personnes permettent un libre \u00e9change en toute s\u00e9curit\u00e9 et bienveillance entre les participantes o\u00f9 une coh\u00e9sion de groupe se cr\u00e9era au fil des rencontres. Il y aura \u00e9galement un court entretien pr\u00e9alable sur la motivation de chacune \u00e0 venir la rencontre avec elle-m\u00eame.<\/span><\/p>\n<p style=\"text-align: justify;\">\n<p style=\"text-align: justify;\">\n<p>[\/et_pb_text][et_pb_text _builder_version=\u00a0\u00bb4.23.1&Prime; _module_preset=\u00a0\u00bbdefault\u00a0\u00bb hover_enabled=\u00a0\u00bb0&Prime; box_shadow_style=\u00a0\u00bbpreset1&Prime; global_colors_info=\u00a0\u00bb{}\u00a0\u00bb sticky_enabled=\u00a0\u00bb0&Prime;]<\/p>\n<p style=\"text-align: justify;\"><strong><em>Pourquoi ces ateliers :<\/em><\/strong><\/p>\n<p style=\"text-align: justify;\"><em>Riche d&rsquo;une exp\u00e9rience en tant qu&rsquo;enseignante de danse orientale et autres cultures, j&rsquo;accompagne depuis 14 ans les femmes \u00e0 travers cet art.\u00a0<\/em><\/p>\n<p style=\"text-align: justify;\"><em>A travers ma p\u00e9dagogie, j&rsquo;observe chaque ann\u00e9e les \u00e9volutions de chacune tant sur le plan physique, technique que sur la confiance en soi et l&rsquo;\u00e9panouissement personnel.<\/em><\/p>\n<p style=\"text-align: justify;\"><em>Ma passion pour ce f\u00e9minin dont j&rsquo;ai approfondi la compr\u00e9hension au cours de mes exp\u00e9riences personnelles, les th\u00e9rapies que je propose et la connexion intime que j&rsquo;ai avec l&rsquo;eau me portent aujourd&rsquo;hui \u00e0 accompagner les femmes dans leur recherche de cette f\u00e9minit\u00e9 authentique.<\/em><\/p>\n<p style=\"text-align: justify;\"><em>C&rsquo;est avec beaucoup de douceur et d&rsquo;ouverture du coeur que nous aborderons ensemble ce processus de lib\u00e9ration et de gu\u00e9rison.<\/em><\/p>\n<p style=\"text-align: justify;\"><em><\/em><\/p>\n<p>[\/et_pb_text][et_pb_text _builder_version=\u00a0\u00bb4.23.1&Prime; _module_preset=\u00a0\u00bbdefault\u00a0\u00bb global_colors_info=\u00a0\u00bb{}\u00a0\u00bb]<\/p>\n<p><span style=\"color: #766153;\"><strong>Programme<\/strong> : infos aupr\u00e8s de Fabienne au 07.57.67.55.58<\/span><\/p>\n<p>[\/et_pb_text][et_pb_text _builder_version=\u00a0\u00bb4.23.1&Prime; _module_preset=\u00a0\u00bbdefault\u00a0\u00bb global_colors_info=\u00a0\u00bb{}\u00a0\u00bb]<\/p>\n<p><span style=\"color: #766153;\"><strong>Tarif douceur<\/strong> : 180 \u20ac l&rsquo;ann\u00e9e<\/span><\/p>\n<p>[\/et_pb_text][et_pb_text _builder_version=\u00a0\u00bb4.23.1&Prime; _module_preset=\u00a0\u00bbdefault\u00a0\u00bb global_colors_info=\u00a0\u00bb{}\u00a0\u00bb]<\/p>\n<p><span style=\"color: #766153;\"><strong>Calendrier des s\u00e9ances<\/strong> : <a href=\"https:\/\/o-de-r-ose.fr\/index.php\/calendrier\/\">ICI<\/a><\/span><\/p>\n<p>[\/et_pb_text][\/et_pb_column][\/et_pb_row][et_pb_row column_structure=\u00a0\u00bb1_3,1_3,1_3&Prime; _builder_version=\u00a0\u00bb4.23.1&Prime; _module_preset=\u00a0\u00bbdefault\u00a0\u00bb global_colors_info=\u00a0\u00bb{}\u00a0\u00bb][et_pb_column type=\u00a0\u00bb1_3&Prime; _builder_version=\u00a0\u00bb4.23.1&Prime; _module_preset=\u00a0\u00bbdefault\u00a0\u00bb global_colors_info=\u00a0\u00bb{}\u00a0\u00bb][et_pb_image src=\u00a0\u00bbhttps:\/\/o-de-r-ose.fr\/wp-content\/uploads\/2025\/08\/CHEVAL.jpg\u00a0\u00bb title_text=\u00a0\u00bbCHEVAL\u00a0\u00bb align=\u00a0\u00bbcenter\u00a0\u00bb _builder_version=\u00a0\u00bb4.23.1&Prime; _module_preset=\u00a0\u00bbdefault\u00a0\u00bb width=\u00a0\u00bb100%\u00a0\u00bb border_radii=\u00a0\u00bbon|98px|98px|98px|98px\u00a0\u00bb global_colors_info=\u00a0\u00bb{}\u00a0\u00bb][\/et_pb_image][\/et_pb_column][et_pb_column type=\u00a0\u00bb1_3&Prime; _builder_version=\u00a0\u00bb4.23.1&Prime; _module_preset=\u00a0\u00bbdefault\u00a0\u00bb global_colors_info=\u00a0\u00bb{}\u00a0\u00bb][et_pb_text _builder_version=\u00a0\u00bb4.23.1&Prime; _module_preset=\u00a0\u00bbdefault\u00a0\u00bb global_colors_info=\u00a0\u00bb{}\u00a0\u00bb]<\/p>\n<p style=\"text-align: justify;\">\n<p style=\"text-align: justify;\">\n<p style=\"text-align: justify;\">\n<p style=\"text-align: justify;\">\n<p style=\"text-align: justify;\"><span style=\"color: #758e63;\">Au printemps, \u00e0 la venue des beaux jours et apr\u00e8s une la merveilleuse reconnexion \u00e0 votre \u00e9nergie f\u00e9minine, vous serez en mesure de venir \u00e0 la rencontre du cheval et de l&rsquo;eau.<\/span><\/p>\n<p style=\"text-align: justify;\"><span style=\"color: #758e63;\">Une nouvelle perception de sa relation \u00e0 l&rsquo;autre et aux \u00e9l\u00e9ments de la nature enrichira votre essence de vie.<\/span><\/p>\n<p>[\/et_pb_text][\/et_pb_column][et_pb_column type=\u00a0\u00bb1_3&Prime; _builder_version=\u00a0\u00bb4.23.1&Prime; _module_preset=\u00a0\u00bbdefault\u00a0\u00bb global_colors_info=\u00a0\u00bb{}\u00a0\u00bb][et_pb_image src=\u00a0\u00bbhttps:\/\/o-de-r-ose.fr\/wp-content\/uploads\/2025\/08\/EAU-FEMME.jpg\u00a0\u00bb title_text=\u00a0\u00bbEAU FEMME\u00a0\u00bb align=\u00a0\u00bbcenter\u00a0\u00bb _builder_version=\u00a0\u00bb4.23.1&Prime; _module_preset=\u00a0\u00bbdefault\u00a0\u00bb border_radii=\u00a0\u00bbon|138px|138px|138px|138px\u00a0\u00bb global_colors_info=\u00a0\u00bb{}\u00a0\u00bb][\/et_pb_image][\/et_pb_column][\/et_pb_row][et_pb_row _builder_version=\u00a0\u00bb4.23.1&Prime; _module_preset=\u00a0\u00bbdefault\u00a0\u00bb global_colors_info=\u00a0\u00bb{}\u00a0\u00bb][et_pb_column type=\u00a0\u00bb4_4&Prime; _builder_version=\u00a0\u00bb4.23.1&Prime; _module_preset=\u00a0\u00bbdefault\u00a0\u00bb global_colors_info=\u00a0\u00bb{}\u00a0\u00bb][et_pb_image src=\u00a0\u00bbhttps:\/\/o-de-r-ose.fr\/wp-content\/uploads\/2025\/07\/Design-sans-titre1-e1751648289422.png\u00a0\u00bb title_text=\u00a0\u00bbDesign sans titre(1)\u00a0\u00bb align=\u00a0\u00bbcenter\u00a0\u00bb _builder_version=\u00a0\u00bb4.23.1&Prime; _module_preset=\u00a0\u00bbdefault\u00a0\u00bb width=\u00a0\u00bb42%\u00a0\u00bb max_width=\u00a0\u00bb43%\u00a0\u00bb module_alignment=\u00a0\u00bbcenter\u00a0\u00bb height=\u00a0\u00bb467px\u00a0\u00bb max_height=\u00a0\u00bb496px\u00a0\u00bb animation_style=\u00a0\u00bbzoom\u00a0\u00bb border_radii=\u00a0\u00bbon|800px|800px|800px|800px\u00a0\u00bb global_colors_info=\u00a0\u00bb{}\u00a0\u00bb][\/et_pb_image][\/et_pb_column][\/et_pb_row][\/et_pb_section]<\/p>\n","protected":false},"excerpt":{"rendered":"<p>La danse de l&rsquo;Oc\u00e9an Sacr\u00e9 vous invite \u00e0 red\u00e9couvrir votre v\u00e9ritable \u00e9nergie f\u00e9minine et \u00e0 entrer dans votre nouveau cycle d&rsquo;\u00e9volution. A raison de 2 rencontres par mois de septembre \u00e0 juin, vous vous offrirez un moment privil\u00e9gi\u00e9 o\u00f9 l&rsquo;esprit, l&rsquo;\u00e2me et le corps rentreront en r\u00e9sonance avec votre v\u00e9ritable nature. Ces ateliers d&rsquo;une dur\u00e9e [&hellip;]<\/p>\n","protected":false},"author":1,"featured_media":0,"parent":0,"menu_order":0,"comment_status":"closed","ping_status":"closed","template":"","meta":{"_et_pb_use_builder":"on","_et_pb_old_content":"","_et_gb_content_width":"","footnotes":""},"class_list":["post-1984","page","type-page","status-publish","hentry"],"yoast_head":"<!-- This site is optimized with the Yoast SEO plugin v23.0 - https:\/\/yoast.com\/wordpress\/plugins\/seo\/ -->\n<title>Ateliers de l&#039;Oc\u00e9an Sacr\u00e9 - O de r&#039;Ose<\/title>\n<meta name=\"robots\" content=\"index, follow, max-snippet:-1, max-image-preview:large, max-video-preview:-1\" \/>\n<link rel=\"canonical\" href=\"https:\/\/o-de-r-ose.fr\/index.php\/ocean-sacre-2\/\" \/>\n<meta property=\"og:locale\" content=\"fr_FR\" \/>\n<meta property=\"og:type\" content=\"article\" \/>\n<meta property=\"og:title\" content=\"Ateliers de l&#039;Oc\u00e9an Sacr\u00e9 - O de r&#039;Ose\" \/>\n<meta property=\"og:description\" content=\"La danse de l&#039;Oc\u00e9an Sacr\u00e9 vous invite \u00e0 red\u00e9couvrir votre v\u00e9ritable \u00e9nergie f\u00e9minine et \u00e0 entrer dans votre nouveau cycle d&#039;\u00e9volution. A raison de 2 rencontres par mois de septembre \u00e0 juin, vous vous offrirez un moment privil\u00e9gi\u00e9 o\u00f9 l&#039;esprit, l&#039;\u00e2me et le corps rentreront en r\u00e9sonance avec votre v\u00e9ritable nature. Ces ateliers d&#039;une dur\u00e9e [&hellip;]\" \/>\n<meta property=\"og:url\" content=\"https:\/\/o-de-r-ose.fr\/index.php\/ocean-sacre-2\/\" \/>\n<meta property=\"og:site_name\" content=\"O de r&#039;Ose\" \/>\n<meta property=\"article:publisher\" content=\"https:\/\/www.facebook.com\/people\/O-de-rOse\/61553288860149\/\" \/>\n<meta property=\"article:modified_time\" content=\"2025-09-10T08:57:23+00:00\" \/>\n<meta property=\"og:image\" content=\"https:\/\/o-de-r-ose.fr\/wp-content\/uploads\/2023\/11\/O-DE-ROSE-LOGO.png\" \/>\n\t<meta property=\"og:image:width\" content=\"500\" \/>\n\t<meta property=\"og:image:height\" content=\"500\" \/>\n\t<meta property=\"og:image:type\" content=\"image\/png\" \/>\n<meta name=\"twitter:card\" content=\"summary_large_image\" \/>\n<meta name=\"twitter:label1\" content=\"Dur\u00e9e de lecture estim\u00e9e\" \/>\n\t<meta name=\"twitter:data1\" content=\"1 minute\" \/>\n<script type=\"application\/ld+json\" class=\"yoast-schema-graph\">{\"@context\":\"https:\/\/schema.org\",\"@graph\":[{\"@type\":\"WebPage\",\"@id\":\"https:\/\/o-de-r-ose.fr\/index.php\/ocean-sacre-2\/\",\"url\":\"https:\/\/o-de-r-ose.fr\/index.php\/ocean-sacre-2\/\",\"name\":\"Ateliers de l'Oc\u00e9an Sacr\u00e9 - O de r&#039;Ose\",\"isPartOf\":{\"@id\":\"https:\/\/o-de-r-ose.fr\/#website\"},\"datePublished\":\"2024-08-10T07:59:35+00:00\",\"dateModified\":\"2025-09-10T08:57:23+00:00\",\"breadcrumb\":{\"@id\":\"https:\/\/o-de-r-ose.fr\/index.php\/ocean-sacre-2\/#breadcrumb\"},\"inLanguage\":\"fr-FR\",\"potentialAction\":[{\"@type\":\"ReadAction\",\"target\":[\"https:\/\/o-de-r-ose.fr\/index.php\/ocean-sacre-2\/\"]}]},{\"@type\":\"BreadcrumbList\",\"@id\":\"https:\/\/o-de-r-ose.fr\/index.php\/ocean-sacre-2\/#breadcrumb\",\"itemListElement\":[{\"@type\":\"ListItem\",\"position\":1,\"name\":\"Accueil\",\"item\":\"https:\/\/o-de-r-ose.fr\/\"},{\"@type\":\"ListItem\",\"position\":2,\"name\":\"Ateliers de l&rsquo;Oc\u00e9an Sacr\u00e9\"}]},{\"@type\":\"WebSite\",\"@id\":\"https:\/\/o-de-r-ose.fr\/#website\",\"url\":\"https:\/\/o-de-r-ose.fr\/\",\"name\":\"O de r'Ose\",\"description\":\"La seconde Floraison\",\"publisher\":{\"@id\":\"https:\/\/o-de-r-ose.fr\/#organization\"},\"potentialAction\":[{\"@type\":\"SearchAction\",\"target\":{\"@type\":\"EntryPoint\",\"urlTemplate\":\"https:\/\/o-de-r-ose.fr\/?s={search_term_string}\"},\"query-input\":\"required name=search_term_string\"}],\"inLanguage\":\"fr-FR\"},{\"@type\":\"Organization\",\"@id\":\"https:\/\/o-de-r-ose.fr\/#organization\",\"name\":\"O de r'Ose\",\"url\":\"https:\/\/o-de-r-ose.fr\/\",\"logo\":{\"@type\":\"ImageObject\",\"inLanguage\":\"fr-FR\",\"@id\":\"https:\/\/o-de-r-ose.fr\/#\/schema\/logo\/image\/\",\"url\":\"https:\/\/o-de-r-ose.fr\/wp-content\/uploads\/2023\/11\/O-DE-ROSE-LOGO.png\",\"contentUrl\":\"https:\/\/o-de-r-ose.fr\/wp-content\/uploads\/2023\/11\/O-DE-ROSE-LOGO.png\",\"width\":500,\"height\":500,\"caption\":\"O de r'Ose\"},\"image\":{\"@id\":\"https:\/\/o-de-r-ose.fr\/#\/schema\/logo\/image\/\"},\"sameAs\":[\"https:\/\/www.facebook.com\/people\/O-de-rOse\/61553288860149\/\"]}]}<\/script>\n<!-- \/ Yoast SEO plugin. -->","yoast_head_json":{"title":"Ateliers de l'Oc\u00e9an Sacr\u00e9 - O de r&#039;Ose","robots":{"index":"index","follow":"follow","max-snippet":"max-snippet:-1","max-image-preview":"max-image-preview:large","max-video-preview":"max-video-preview:-1"},"canonical":"https:\/\/o-de-r-ose.fr\/index.php\/ocean-sacre-2\/","og_locale":"fr_FR","og_type":"article","og_title":"Ateliers de l'Oc\u00e9an Sacr\u00e9 - O de r&#039;Ose","og_description":"La danse de l'Oc\u00e9an Sacr\u00e9 vous invite \u00e0 red\u00e9couvrir votre v\u00e9ritable \u00e9nergie f\u00e9minine et \u00e0 entrer dans votre nouveau cycle d'\u00e9volution. A raison de 2 rencontres par mois de septembre \u00e0 juin, vous vous offrirez un moment privil\u00e9gi\u00e9 o\u00f9 l'esprit, l'\u00e2me et le corps rentreront en r\u00e9sonance avec votre v\u00e9ritable nature. Ces ateliers d'une dur\u00e9e [&hellip;]","og_url":"https:\/\/o-de-r-ose.fr\/index.php\/ocean-sacre-2\/","og_site_name":"O de r&#039;Ose","article_publisher":"https:\/\/www.facebook.com\/people\/O-de-rOse\/61553288860149\/","article_modified_time":"2025-09-10T08:57:23+00:00","og_image":[{"width":500,"height":500,"url":"https:\/\/o-de-r-ose.fr\/wp-content\/uploads\/2023\/11\/O-DE-ROSE-LOGO.png","type":"image\/png"}],"twitter_card":"summary_large_image","twitter_misc":{"Dur\u00e9e de lecture estim\u00e9e":"1 minute"},"schema":{"@context":"https:\/\/schema.org","@graph":[{"@type":"WebPage","@id":"https:\/\/o-de-r-ose.fr\/index.php\/ocean-sacre-2\/","url":"https:\/\/o-de-r-ose.fr\/index.php\/ocean-sacre-2\/","name":"Ateliers de l'Oc\u00e9an Sacr\u00e9 - O de r&#039;Ose","isPartOf":{"@id":"https:\/\/o-de-r-ose.fr\/#website"},"datePublished":"2024-08-10T07:59:35+00:00","dateModified":"2025-09-10T08:57:23+00:00","breadcrumb":{"@id":"https:\/\/o-de-r-ose.fr\/index.php\/ocean-sacre-2\/#breadcrumb"},"inLanguage":"fr-FR","potentialAction":[{"@type":"ReadAction","target":["https:\/\/o-de-r-ose.fr\/index.php\/ocean-sacre-2\/"]}]},{"@type":"BreadcrumbList","@id":"https:\/\/o-de-r-ose.fr\/index.php\/ocean-sacre-2\/#breadcrumb","itemListElement":[{"@type":"ListItem","position":1,"name":"Accueil","item":"https:\/\/o-de-r-ose.fr\/"},{"@type":"ListItem","position":2,"name":"Ateliers de l&rsquo;Oc\u00e9an Sacr\u00e9"}]},{"@type":"WebSite","@id":"https:\/\/o-de-r-ose.fr\/#website","url":"https:\/\/o-de-r-ose.fr\/","name":"O de r'Ose","description":"La seconde Floraison","publisher":{"@id":"https:\/\/o-de-r-ose.fr\/#organization"},"potentialAction":[{"@type":"SearchAction","target":{"@type":"EntryPoint","urlTemplate":"https:\/\/o-de-r-ose.fr\/?s={search_term_string}"},"query-input":"required name=search_term_string"}],"inLanguage":"fr-FR"},{"@type":"Organization","@id":"https:\/\/o-de-r-ose.fr\/#organization","name":"O de r'Ose","url":"https:\/\/o-de-r-ose.fr\/","logo":{"@type":"ImageObject","inLanguage":"fr-FR","@id":"https:\/\/o-de-r-ose.fr\/#\/schema\/logo\/image\/","url":"https:\/\/o-de-r-ose.fr\/wp-content\/uploads\/2023\/11\/O-DE-ROSE-LOGO.png","contentUrl":"https:\/\/o-de-r-ose.fr\/wp-content\/uploads\/2023\/11\/O-DE-ROSE-LOGO.png","width":500,"height":500,"caption":"O de r'Ose"},"image":{"@id":"https:\/\/o-de-r-ose.fr\/#\/schema\/logo\/image\/"},"sameAs":["https:\/\/www.facebook.com\/people\/O-de-rOse\/61553288860149\/"]}]}},"_links":{"self":[{"href":"https:\/\/o-de-r-ose.fr\/index.php\/wp-json\/wp\/v2\/pages\/1984","targetHints":{"allow":["GET"]}}],"collection":[{"href":"https:\/\/o-de-r-ose.fr\/index.php\/wp-json\/wp\/v2\/pages"}],"about":[{"href":"https:\/\/o-de-r-ose.fr\/index.php\/wp-json\/wp\/v2\/types\/page"}],"author":[{"embeddable":true,"href":"https:\/\/o-de-r-ose.fr\/index.php\/wp-json\/wp\/v2\/users\/1"}],"replies":[{"embeddable":true,"href":"https:\/\/o-de-r-ose.fr\/index.php\/wp-json\/wp\/v2\/comments?post=1984"}],"version-history":[{"count":37,"href":"https:\/\/o-de-r-ose.fr\/index.php\/wp-json\/wp\/v2\/pages\/1984\/revisions"}],"predecessor-version":[{"id":2845,"href":"https:\/\/o-de-r-ose.fr\/index.php\/wp-json\/wp\/v2\/pages\/1984\/revisions\/2845"}],"wp:attachment":[{"href":"https:\/\/o-de-r-ose.fr\/index.php\/wp-json\/wp\/v2\/media?parent=1984"}],"curies":[{"name":"wp","href":"https:\/\/api.w.org\/{rel}","templated":true}]}}