{"id":2371,"date":"2024-10-16T12:24:24","date_gmt":"2024-10-16T10:24:24","guid":{"rendered":"https:\/\/o-de-r-ose.fr\/?page_id=2371"},"modified":"2024-10-19T21:16:58","modified_gmt":"2024-10-19T19:16:58","slug":"temoignages-2","status":"publish","type":"page","link":"https:\/\/o-de-r-ose.fr\/index.php\/temoignages-2\/","title":{"rendered":"T\u00e9moignages"},"content":{"rendered":"<p>[et_pb_section fb_built=\u00a0\u00bb1&Prime; _builder_version=\u00a0\u00bb4.23.1&Prime; _module_preset=\u00a0\u00bbdefault\u00a0\u00bb background_image=\u00a0\u00bbhttps:\/\/o-de-r-ose.fr\/wp-content\/uploads\/2024\/10\/TEMOIGNAGES.png\u00a0\u00bb global_colors_info=\u00a0\u00bb{}\u00a0\u00bb][et_pb_row _builder_version=\u00a0\u00bb4.23.1&Prime; _module_preset=\u00a0\u00bbdefault\u00a0\u00bb global_colors_info=\u00a0\u00bb{}\u00a0\u00bb][et_pb_column type=\u00a0\u00bb4_4&Prime; _builder_version=\u00a0\u00bb4.23.1&Prime; _module_preset=\u00a0\u00bbdefault\u00a0\u00bb global_colors_info=\u00a0\u00bb{}\u00a0\u00bb][et_pb_heading title=\u00a0\u00bbA ton avis &#8230;\u00a0\u00bb _builder_version=\u00a0\u00bb4.23.1&Prime; _module_preset=\u00a0\u00bbdefault\u00a0\u00bb title_text_align=\u00a0\u00bbcenter\u00a0\u00bb title_text_color=\u00a0\u00bb#54342C\u00a0\u00bb title_font_size=\u00a0\u00bb99px\u00a0\u00bb title_line_height=\u00a0\u00bb2.3em\u00a0\u00bb global_colors_info=\u00a0\u00bb{}\u00a0\u00bb][\/et_pb_heading][\/et_pb_column][\/et_pb_row][\/et_pb_section][et_pb_section fb_built=\u00a0\u00bb1&Prime; _builder_version=\u00a0\u00bb4.23.1&Prime; _module_preset=\u00a0\u00bbdefault\u00a0\u00bb background_color=\u00a0\u00bb#f3efe5&Prime; global_colors_info=\u00a0\u00bb{}\u00a0\u00bb][et_pb_row _builder_version=\u00a0\u00bb4.23.1&Prime; _module_preset=\u00a0\u00bbdefault\u00a0\u00bb global_colors_info=\u00a0\u00bb{}\u00a0\u00bb][et_pb_column type=\u00a0\u00bb4_4&Prime; _builder_version=\u00a0\u00bb4.23.1&Prime; _module_preset=\u00a0\u00bbdefault\u00a0\u00bb global_colors_info=\u00a0\u00bb{}\u00a0\u00bb][et_pb_testimonial author=\u00a0\u00bbSophie\u00a0\u00bb job_title=\u00a0\u00bbDanse\u00a0\u00bb portrait_url=\u00a0\u00bbhttps:\/\/o-de-r-ose.fr\/wp-content\/uploads\/2024\/10\/SOPHIE.jpg\u00a0\u00bb quote_icon=\u00a0\u00bboff\u00a0\u00bb _builder_version=\u00a0\u00bb4.23.1&Prime; _module_preset=\u00a0\u00bbdefault\u00a0\u00bb body_font_size=\u00a0\u00bb15px\u00a0\u00bb position_font=\u00a0\u00bb||on||||||\u00a0\u00bb border_width_all=\u00a0\u00bb7px\u00a0\u00bb border_color_all=\u00a0\u00bbrgba(21,84,0,0.32)\u00a0\u00bb global_colors_info=\u00a0\u00bb{}\u00a0\u00bb]<\/p>\n<p>\u00ab\u00a0J&rsquo;ai d\u00e9cid\u00e9 un jour de commencer \u00e0 essayer d&rsquo;accepter mon corps, celui que j&rsquo;ai tant cach\u00e9 pendant&#8230; 38 ans. J&rsquo;ai vu Fabienne danser lors de son spectacle de fin d&rsquo;ann\u00e9e, elle \u00e9tait magnifique, une danseuse Orientale, qui ressemblait \u00e0 une D\u00e9esse, c&rsquo;\u00e9tait incroyable et je me suis tourn\u00e9e vers elle pour me lancer le plus gros d\u00e9fi de ma vie, danser et en plus devant du monde et &#8230; Et&#8230; En tenue de danseuse orientale !!! Depuis ce jour o\u00f9 j&rsquo;ai r\u00e9ussi ce pari, beaucoup de choses ont chang\u00e9 en moi.<br \/>La patience, la bienveillance de Fabienne, son soutien m&rsquo;ont \u00e9norm\u00e9ment apport\u00e9 pour ma vie de femme. J&rsquo;ai retrouv\u00e9 ma f\u00e9minit\u00e9 et je suis extr\u00eamement heureuse d&rsquo;avoir rencontr\u00e9 Fabienne et tout ce que cela m&rsquo;a apport\u00e9. Merci du fond du c\u0153ur\u00a0\u00bb.<\/p>\n<p>[\/et_pb_testimonial][et_pb_testimonial author=\u00a0\u00bbCaroline\u00a0\u00bb job_title=\u00a0\u00bbDanse et ateliers f\u00e9minin\u00a0\u00bb portrait_url=\u00a0\u00bbhttps:\/\/o-de-r-ose.fr\/wp-content\/uploads\/2024\/10\/CARO.jpeg\u00a0\u00bb quote_icon=\u00a0\u00bboff\u00a0\u00bb _builder_version=\u00a0\u00bb4.23.1&Prime; _module_preset=\u00a0\u00bbdefault\u00a0\u00bb body_text_color=\u00a0\u00bb#54342C\u00a0\u00bb body_font_size=\u00a0\u00bb15px\u00a0\u00bb position_font=\u00a0\u00bb||on||||||\u00a0\u00bb border_width_all=\u00a0\u00bb7px\u00a0\u00bb border_color_all=\u00a0\u00bbrgba(21,84,0,0.32)\u00a0\u00bb global_colors_info=\u00a0\u00bb{}\u00a0\u00bb]<\/p>\n<p><span style=\"color: #ffffff;\"><span style=\"color: #766153;\">J&rsquo;ai rencontr\u00e9 Fabienne pour prendre des cours de Bollywood. Je vivais \u00e0 ce moment l\u00e0 une p\u00e9riode de grands changements dans tous les domaines de ma vie.<\/span><\/span><\/p>\n<p><span style=\"color: #766153;\">Ses cours m&rsquo;ont permise de trouver un espace convivial et agr\u00e9able au sein d&rsquo;un groupe bienveillant.<\/span><\/p>\n<p><span style=\"color: #766153;\">J&rsquo;ai pu \u00e9galement \u00eatre accompagn\u00e9e individuellement et b\u00e9n\u00e9ficier de diff\u00e9rents soins \u00e9nerg\u00e9tiques de sa part, ce qui m&rsquo;a permise de me lib\u00e9rer de blocages, l\u00e2cher prise et m&rsquo;aimer d&rsquo;avantage.<\/span><\/p>\n<p><span style=\"color: #766153;\">Je remercie Fabienne pour son \u00e9coute attentive, sa douceur et son accueil. Ces diff\u00e9rents et ateliers propos\u00e9s m&rsquo;ont ouvert \u00e0 d&rsquo;autres perspectives.<\/span><\/p>\n<p><span style=\"color: #766153;\">J&rsquo;ai repris confiance en moi et en mes capacit\u00e9s. Elle s&rsquo;est adapt\u00e9e \u00e0 mes besoins et a \u00e9t\u00e9 de bons conseils.<\/span><\/p>\n<p><span style=\"color: #766153;\">Je la remercie sinc\u00e8rement de la confiance qu&rsquo;elle a eue envers moi pour me donner l&rsquo;opportuit\u00e9 de r\u00e9aliser un solo sur une musique tr\u00e8s importante ayant une symbolique \u00e0 mes yeux. Ce qui m&rsquo;a amen\u00e9e \u00e0 une d\u00e9livrance et \u00e0 une gu\u00e9rison.<\/span><\/p>\n<p><span style=\"color: #766153;\">Aujourd&rsquo;hui j&rsquo;ose d&rsquo;avantage \u00eatre qui je suis.<\/span><\/p>\n<p><span style=\"color: #766153;\">Je crois en la force de la douceur.<\/span><\/p>\n<p><span style=\"color: #766153;\">Encore merci.<\/span><\/p>\n<p>[\/et_pb_testimonial][\/et_pb_column][\/et_pb_row][\/et_pb_section]<\/p>\n","protected":false},"excerpt":{"rendered":"<p>\u00ab\u00a0J&rsquo;ai d\u00e9cid\u00e9 un jour de commencer \u00e0 essayer d&rsquo;accepter mon corps, celui que j&rsquo;ai tant cach\u00e9 pendant&#8230; 38 ans. J&rsquo;ai vu Fabienne danser lors de son spectacle de fin d&rsquo;ann\u00e9e, elle \u00e9tait magnifique, une danseuse Orientale, qui ressemblait \u00e0 une D\u00e9esse, c&rsquo;\u00e9tait incroyable et je me suis tourn\u00e9e vers elle pour me lancer le plus [&hellip;]<\/p>\n","protected":false},"author":1,"featured_media":0,"parent":0,"menu_order":0,"comment_status":"closed","ping_status":"closed","template":"","meta":{"_et_pb_use_builder":"on","_et_pb_old_content":"","_et_gb_content_width":"","footnotes":""},"class_list":["post-2371","page","type-page","status-publish","hentry"],"yoast_head":"<!-- This site is optimized with the Yoast SEO plugin v23.0 - https:\/\/yoast.com\/wordpress\/plugins\/seo\/ -->\n<title>T\u00e9moignages - O de r&#039;Ose<\/title>\n<meta name=\"robots\" content=\"index, follow, max-snippet:-1, max-image-preview:large, max-video-preview:-1\" \/>\n<link rel=\"canonical\" href=\"https:\/\/o-de-r-ose.fr\/index.php\/temoignages-2\/\" \/>\n<meta property=\"og:locale\" content=\"fr_FR\" \/>\n<meta property=\"og:type\" content=\"article\" \/>\n<meta property=\"og:title\" content=\"T\u00e9moignages - O de r&#039;Ose\" \/>\n<meta property=\"og:description\" content=\"&quot;J&#039;ai d\u00e9cid\u00e9 un jour de commencer \u00e0 essayer d&#039;accepter mon corps, celui que j&#039;ai tant cach\u00e9 pendant... 38 ans. J&#039;ai vu Fabienne danser lors de son spectacle de fin d&#039;ann\u00e9e, elle \u00e9tait magnifique, une danseuse Orientale, qui ressemblait \u00e0 une D\u00e9esse, c&#039;\u00e9tait incroyable et je me suis tourn\u00e9e vers elle pour me lancer le plus [&hellip;]\" \/>\n<meta property=\"og:url\" content=\"https:\/\/o-de-r-ose.fr\/index.php\/temoignages-2\/\" \/>\n<meta property=\"og:site_name\" content=\"O de r&#039;Ose\" \/>\n<meta property=\"article:publisher\" content=\"https:\/\/www.facebook.com\/people\/O-de-rOse\/61553288860149\/\" \/>\n<meta property=\"article:modified_time\" content=\"2024-10-19T19:16:58+00:00\" \/>\n<meta property=\"og:image\" content=\"https:\/\/o-de-r-ose.fr\/wp-content\/uploads\/2023\/11\/O-DE-ROSE-LOGO.png\" \/>\n\t<meta property=\"og:image:width\" content=\"500\" \/>\n\t<meta property=\"og:image:height\" content=\"500\" \/>\n\t<meta property=\"og:image:type\" content=\"image\/png\" \/>\n<meta name=\"twitter:card\" content=\"summary_large_image\" \/>\n<script type=\"application\/ld+json\" class=\"yoast-schema-graph\">{\"@context\":\"https:\/\/schema.org\",\"@graph\":[{\"@type\":\"WebPage\",\"@id\":\"https:\/\/o-de-r-ose.fr\/index.php\/temoignages-2\/\",\"url\":\"https:\/\/o-de-r-ose.fr\/index.php\/temoignages-2\/\",\"name\":\"T\u00e9moignages - O de r&#039;Ose\",\"isPartOf\":{\"@id\":\"https:\/\/o-de-r-ose.fr\/#website\"},\"datePublished\":\"2024-10-16T10:24:24+00:00\",\"dateModified\":\"2024-10-19T19:16:58+00:00\",\"breadcrumb\":{\"@id\":\"https:\/\/o-de-r-ose.fr\/index.php\/temoignages-2\/#breadcrumb\"},\"inLanguage\":\"fr-FR\",\"potentialAction\":[{\"@type\":\"ReadAction\",\"target\":[\"https:\/\/o-de-r-ose.fr\/index.php\/temoignages-2\/\"]}]},{\"@type\":\"BreadcrumbList\",\"@id\":\"https:\/\/o-de-r-ose.fr\/index.php\/temoignages-2\/#breadcrumb\",\"itemListElement\":[{\"@type\":\"ListItem\",\"position\":1,\"name\":\"Accueil\",\"item\":\"https:\/\/o-de-r-ose.fr\/\"},{\"@type\":\"ListItem\",\"position\":2,\"name\":\"T\u00e9moignages\"}]},{\"@type\":\"WebSite\",\"@id\":\"https:\/\/o-de-r-ose.fr\/#website\",\"url\":\"https:\/\/o-de-r-ose.fr\/\",\"name\":\"O de r'Ose\",\"description\":\"La seconde Floraison\",\"publisher\":{\"@id\":\"https:\/\/o-de-r-ose.fr\/#organization\"},\"potentialAction\":[{\"@type\":\"SearchAction\",\"target\":{\"@type\":\"EntryPoint\",\"urlTemplate\":\"https:\/\/o-de-r-ose.fr\/?s={search_term_string}\"},\"query-input\":\"required name=search_term_string\"}],\"inLanguage\":\"fr-FR\"},{\"@type\":\"Organization\",\"@id\":\"https:\/\/o-de-r-ose.fr\/#organization\",\"name\":\"O de r'Ose\",\"url\":\"https:\/\/o-de-r-ose.fr\/\",\"logo\":{\"@type\":\"ImageObject\",\"inLanguage\":\"fr-FR\",\"@id\":\"https:\/\/o-de-r-ose.fr\/#\/schema\/logo\/image\/\",\"url\":\"https:\/\/o-de-r-ose.fr\/wp-content\/uploads\/2023\/11\/O-DE-ROSE-LOGO.png\",\"contentUrl\":\"https:\/\/o-de-r-ose.fr\/wp-content\/uploads\/2023\/11\/O-DE-ROSE-LOGO.png\",\"width\":500,\"height\":500,\"caption\":\"O de r'Ose\"},\"image\":{\"@id\":\"https:\/\/o-de-r-ose.fr\/#\/schema\/logo\/image\/\"},\"sameAs\":[\"https:\/\/www.facebook.com\/people\/O-de-rOse\/61553288860149\/\"]}]}<\/script>\n<!-- \/ Yoast SEO plugin. -->","yoast_head_json":{"title":"T\u00e9moignages - O de r&#039;Ose","robots":{"index":"index","follow":"follow","max-snippet":"max-snippet:-1","max-image-preview":"max-image-preview:large","max-video-preview":"max-video-preview:-1"},"canonical":"https:\/\/o-de-r-ose.fr\/index.php\/temoignages-2\/","og_locale":"fr_FR","og_type":"article","og_title":"T\u00e9moignages - O de r&#039;Ose","og_description":"\"J'ai d\u00e9cid\u00e9 un jour de commencer \u00e0 essayer d'accepter mon corps, celui que j'ai tant cach\u00e9 pendant... 38 ans. J'ai vu Fabienne danser lors de son spectacle de fin d'ann\u00e9e, elle \u00e9tait magnifique, une danseuse Orientale, qui ressemblait \u00e0 une D\u00e9esse, c'\u00e9tait incroyable et je me suis tourn\u00e9e vers elle pour me lancer le plus [&hellip;]","og_url":"https:\/\/o-de-r-ose.fr\/index.php\/temoignages-2\/","og_site_name":"O de r&#039;Ose","article_publisher":"https:\/\/www.facebook.com\/people\/O-de-rOse\/61553288860149\/","article_modified_time":"2024-10-19T19:16:58+00:00","og_image":[{"width":500,"height":500,"url":"https:\/\/o-de-r-ose.fr\/wp-content\/uploads\/2023\/11\/O-DE-ROSE-LOGO.png","type":"image\/png"}],"twitter_card":"summary_large_image","schema":{"@context":"https:\/\/schema.org","@graph":[{"@type":"WebPage","@id":"https:\/\/o-de-r-ose.fr\/index.php\/temoignages-2\/","url":"https:\/\/o-de-r-ose.fr\/index.php\/temoignages-2\/","name":"T\u00e9moignages - O de r&#039;Ose","isPartOf":{"@id":"https:\/\/o-de-r-ose.fr\/#website"},"datePublished":"2024-10-16T10:24:24+00:00","dateModified":"2024-10-19T19:16:58+00:00","breadcrumb":{"@id":"https:\/\/o-de-r-ose.fr\/index.php\/temoignages-2\/#breadcrumb"},"inLanguage":"fr-FR","potentialAction":[{"@type":"ReadAction","target":["https:\/\/o-de-r-ose.fr\/index.php\/temoignages-2\/"]}]},{"@type":"BreadcrumbList","@id":"https:\/\/o-de-r-ose.fr\/index.php\/temoignages-2\/#breadcrumb","itemListElement":[{"@type":"ListItem","position":1,"name":"Accueil","item":"https:\/\/o-de-r-ose.fr\/"},{"@type":"ListItem","position":2,"name":"T\u00e9moignages"}]},{"@type":"WebSite","@id":"https:\/\/o-de-r-ose.fr\/#website","url":"https:\/\/o-de-r-ose.fr\/","name":"O de r'Ose","description":"La seconde Floraison","publisher":{"@id":"https:\/\/o-de-r-ose.fr\/#organization"},"potentialAction":[{"@type":"SearchAction","target":{"@type":"EntryPoint","urlTemplate":"https:\/\/o-de-r-ose.fr\/?s={search_term_string}"},"query-input":"required name=search_term_string"}],"inLanguage":"fr-FR"},{"@type":"Organization","@id":"https:\/\/o-de-r-ose.fr\/#organization","name":"O de r'Ose","url":"https:\/\/o-de-r-ose.fr\/","logo":{"@type":"ImageObject","inLanguage":"fr-FR","@id":"https:\/\/o-de-r-ose.fr\/#\/schema\/logo\/image\/","url":"https:\/\/o-de-r-ose.fr\/wp-content\/uploads\/2023\/11\/O-DE-ROSE-LOGO.png","contentUrl":"https:\/\/o-de-r-ose.fr\/wp-content\/uploads\/2023\/11\/O-DE-ROSE-LOGO.png","width":500,"height":500,"caption":"O de r'Ose"},"image":{"@id":"https:\/\/o-de-r-ose.fr\/#\/schema\/logo\/image\/"},"sameAs":["https:\/\/www.facebook.com\/people\/O-de-rOse\/61553288860149\/"]}]}},"_links":{"self":[{"href":"https:\/\/o-de-r-ose.fr\/index.php\/wp-json\/wp\/v2\/pages\/2371","targetHints":{"allow":["GET"]}}],"collection":[{"href":"https:\/\/o-de-r-ose.fr\/index.php\/wp-json\/wp\/v2\/pages"}],"about":[{"href":"https:\/\/o-de-r-ose.fr\/index.php\/wp-json\/wp\/v2\/types\/page"}],"author":[{"embeddable":true,"href":"https:\/\/o-de-r-ose.fr\/index.php\/wp-json\/wp\/v2\/users\/1"}],"replies":[{"embeddable":true,"href":"https:\/\/o-de-r-ose.fr\/index.php\/wp-json\/wp\/v2\/comments?post=2371"}],"version-history":[{"count":8,"href":"https:\/\/o-de-r-ose.fr\/index.php\/wp-json\/wp\/v2\/pages\/2371\/revisions"}],"predecessor-version":[{"id":2422,"href":"https:\/\/o-de-r-ose.fr\/index.php\/wp-json\/wp\/v2\/pages\/2371\/revisions\/2422"}],"wp:attachment":[{"href":"https:\/\/o-de-r-ose.fr\/index.php\/wp-json\/wp\/v2\/media?parent=2371"}],"curies":[{"name":"wp","href":"https:\/\/api.w.org\/{rel}","templated":true}]}}