{"id":417,"date":"2023-12-04T21:20:38","date_gmt":"2023-12-04T20:20:38","guid":{"rendered":"https:\/\/o-de-r-ose.fr\/?page_id=417"},"modified":"2025-08-11T14:38:02","modified_gmt":"2025-08-11T12:38:02","slug":"cascade-de-la-rose","status":"publish","type":"page","link":"https:\/\/o-de-r-ose.fr\/index.php\/o-de-rose-accueil\/cascade-de-la-rose\/","title":{"rendered":"Massages"},"content":{"rendered":"<p>[et_pb_section fb_built=\u00a0\u00bb1&Prime; _builder_version=\u00a0\u00bb4.23.1&Prime; _module_preset=\u00a0\u00bbdefault\u00a0\u00bb background_video_mp4=\u00a0\u00bbhttps:\/\/o-de-r-ose.fr\/wp-content\/uploads\/2023\/12\/CASCADE.mp4&Prime; background_video_height=\u00a0\u00bb700&Prime; height=\u00a0\u00bb643px\u00a0\u00bb custom_padding=\u00a0\u00bb186px|||||\u00a0\u00bb global_colors_info=\u00a0\u00bb{}\u00a0\u00bb][et_pb_row _builder_version=\u00a0\u00bb4.23.1&Prime; _module_preset=\u00a0\u00bbdefault\u00a0\u00bb custom_margin=\u00a0\u00bb-57px|auto||auto||\u00a0\u00bb custom_padding=\u00a0\u00bb16px|||||\u00a0\u00bb global_colors_info=\u00a0\u00bb{}\u00a0\u00bb][et_pb_column type=\u00a0\u00bb4_4&Prime; _builder_version=\u00a0\u00bb4.23.1&Prime; _module_preset=\u00a0\u00bbdefault\u00a0\u00bb global_colors_info=\u00a0\u00bb{}\u00a0\u00bb][et_pb_heading title=\u00a0\u00bbCascade de la r&rsquo;Ose\u00a0\u00bb _builder_version=\u00a0\u00bb4.23.1&Prime; _module_preset=\u00a0\u00bbdefault\u00a0\u00bb title_text_align=\u00a0\u00bbcenter\u00a0\u00bb title_text_color=\u00a0\u00bb#A80011&Prime; title_font_size=\u00a0\u00bb105px\u00a0\u00bb title_line_height=\u00a0\u00bb1.2em\u00a0\u00bb module_alignment=\u00a0\u00bbcenter\u00a0\u00bb min_height=\u00a0\u00bb486px\u00a0\u00bb height=\u00a0\u00bb509px\u00a0\u00bb max_height=\u00a0\u00bb515px\u00a0\u00bb title_text_shadow_style=\u00a0\u00bbpreset3&Prime; title_text_shadow_color=\u00a0\u00bb#474747&Prime; global_colors_info=\u00a0\u00bb{}\u00a0\u00bb][\/et_pb_heading][\/et_pb_column][\/et_pb_row][\/et_pb_section][et_pb_section fb_built=\u00a0\u00bb1&Prime; _builder_version=\u00a0\u00bb4.23.1&Prime; _module_preset=\u00a0\u00bbdefault\u00a0\u00bb background_color=\u00a0\u00bb#f3efe5&Prime; custom_padding=\u00a0\u00bb35px||24px|||\u00a0\u00bb global_colors_info=\u00a0\u00bb{}\u00a0\u00bb][et_pb_row _builder_version=\u00a0\u00bb4.23.1&Prime; _module_preset=\u00a0\u00bbdefault\u00a0\u00bb custom_padding=\u00a0\u00bb3px|||||\u00a0\u00bb global_colors_info=\u00a0\u00bb{}\u00a0\u00bb][et_pb_column type=\u00a0\u00bb4_4&Prime; _builder_version=\u00a0\u00bb4.23.1&Prime; _module_preset=\u00a0\u00bbdefault\u00a0\u00bb global_colors_info=\u00a0\u00bb{}\u00a0\u00bb][et_pb_text _builder_version=\u00a0\u00bb4.23.1&Prime; _module_preset=\u00a0\u00bbdefault\u00a0\u00bb min_height=\u00a0\u00bb63.8px\u00a0\u00bb custom_padding=\u00a0\u00bb8px|||||\u00a0\u00bb global_colors_info=\u00a0\u00bb{}\u00a0\u00bb]<\/p>\n<p style=\"text-align: center;\"><span style=\"font-size: x-large;\"><\/span><\/p>\n<p style=\"text-align: center;\"><span style=\"font-size: x-large;\">Il est des moments o\u00f9 le temps et l&rsquo;espace ne font plus qu&rsquo;un, <\/span><\/p>\n<p style=\"text-align: center;\"><span style=\"font-size: x-large;\">alors centr\u00e9 sur son essence ultime le corps se laisse aller au flux et reflux <\/span><\/p>\n<p style=\"text-align: center;\"><span style=\"font-size: x-large;\">d&rsquo;une douceur insoup\u00e7onn\u00e9e qui effleure la peau donnant ainsi l&rsquo;impression <\/span><\/p>\n<p style=\"text-align: center;\"><span style=\"font-size: x-large;\">d&rsquo;une fusion ultime avec le grand tout.<\/span><\/p>\n<p>[\/et_pb_text][\/et_pb_column][\/et_pb_row][\/et_pb_section][et_pb_section fb_built=\u00a0\u00bb1&Prime; _builder_version=\u00a0\u00bb4.23.1&Prime; _module_preset=\u00a0\u00bbdefault\u00a0\u00bb background_color=\u00a0\u00bb#f3efe5&Prime; custom_padding=\u00a0\u00bb12px|||||\u00a0\u00bb global_colors_info=\u00a0\u00bb{}\u00a0\u00bb][et_pb_row _builder_version=\u00a0\u00bb4.23.1&Prime; _module_preset=\u00a0\u00bbdefault\u00a0\u00bb custom_padding=\u00a0\u00bb10px|||||\u00a0\u00bb global_colors_info=\u00a0\u00bb{}\u00a0\u00bb][et_pb_column type=\u00a0\u00bb4_4&Prime; _builder_version=\u00a0\u00bb4.23.1&Prime; _module_preset=\u00a0\u00bbdefault\u00a0\u00bb global_colors_info=\u00a0\u00bb{}\u00a0\u00bb][et_pb_heading title=\u00a0\u00bbCascade de la r&rsquo;Ose\u00a0\u00bb _builder_version=\u00a0\u00bb4.23.1&Prime; _module_preset=\u00a0\u00bbdefault\u00a0\u00bb background_enable_image=\u00a0\u00bboff\u00a0\u00bb background_position=\u00a0\u00bbcenter_right\u00a0\u00bb custom_padding=\u00a0\u00bb||0px|||\u00a0\u00bb global_colors_info=\u00a0\u00bb{}\u00a0\u00bb][\/et_pb_heading][et_pb_text _builder_version=\u00a0\u00bb4.23.1&Prime; _module_preset=\u00a0\u00bbdefault\u00a0\u00bb custom_margin=\u00a0\u00bb-41px|||||\u00a0\u00bb hover_enabled=\u00a0\u00bb0&Prime; global_colors_info=\u00a0\u00bb{}\u00a0\u00bb sticky_enabled=\u00a0\u00bb0&Prime;]<\/p>\n<p><strong><\/strong><\/p>\n<p><strong><\/strong><\/p>\n<p style=\"text-align: justify;\"><strong>Un temps pour le toucher harmonisant :<\/strong><\/p>\n<p style=\"text-align: justify;\">Sous la douceur des doigts glissants sur l\u2019huile onctueuse venue pr\u00e9parer la peau \u00e0 recevoir le nectar du toucher apaisant, votre corps et votre esprit se laissent enivrer de la cascade aux embruns soyeux et parfum\u00e9s. Les noeuds \u00e9nerg\u00e9tiques s&rsquo;appaisent, l&rsquo;harmonisation du corps et de l&rsquo;esprit prend place.<\/p>\n<p style=\"text-align: justify;\">\n<p style=\"text-align: justify;\"><strong>Les pierres chaudes :<\/strong><\/p>\n<p style=\"text-align: justify;\">A l&rsquo;instant m\u00eame o\u00f9 le corps et l&rsquo;esprit ont trouv\u00e9 l&rsquo;apaisement en leur centre avec le massage \u00e9nerg\u00e9tique, <strong>une douce chaleur naissante du coeur de la pierre \u00ab\u00a0chaude\u00a0\u00bb de Basalte vient connecter les \u00e9l\u00e9ments de la pierre \u00e0 ceux du corps<\/strong>. Une danse s&rsquo;installe alors permettant un \u00e9change sans pareil entre les cellules et apporte une harmonisation \u00e9nerg\u00e9tique en profondeur.<\/p>\n<p style=\"text-align: justify;\">\n<p style=\"text-align: justify;\"><strong>Sublimation du massage par le son :<\/strong><\/p>\n<p style=\"text-align: justify;\">Apr\u00e8s avoir pris soin d\u2019harmoniser les noeuds \u00e9nerg\u00e9tiques \u00e0 travers le massage, la d\u00e9tente en profondeur du corps par les pierres chaudes, le son vient sublimer et r\u00e9\u00e9quilibrer les \u00e9nergies du corps et de l\u2019aura.<\/p>\n<p style=\"text-align: justify;\">Ce soin effectu\u00e9 par les vibrations sonores du tambour, du bol tib\u00e9tain et du bol de cristal favorise la lib\u00e9ration des charges \u00e9motionnelles et ainsi que l&rsquo;\u00e9quilibre int\u00e9rieur. Il s&rsquo;agit d&rsquo;un v\u00e9ritable bain vibratoire <span style=\"font-weight: 400;\"> permettant d\u2019\u00e9vacuer les \u00e9motions enfouies et de r\u00e9informer l\u2019eau corporelle. <\/span><\/p>\n<p style=\"text-align: justify;\">Cet instant pr\u00e9cieux de relaxation profonde permet d\u2019harmoniser corps et esprit et de retrouver bien-\u00eatre et s\u00e9r\u00e9nit\u00e9.<\/p>\n<p style=\"text-align: justify;\">Un moment \u00e0 s&rsquo;offrir ou \u00e0 offrir.<\/p>\n<p style=\"text-align: justify;\"><strong>Tarif : 50 \u20ac\u00a0<\/strong><\/p>\n<p style=\"text-align: justify;\"><strong>Dur\u00e9e : 1 h 30 \u00e0 1 h 45\u00a0<\/strong><\/p>\n<p>[\/et_pb_text][\/et_pb_column][\/et_pb_row][et_pb_row _builder_version=\u00a0\u00bb4.23.1&Prime; _module_preset=\u00a0\u00bbdefault\u00a0\u00bb column_structure=\u00a0\u00bb1_2,1_2&Prime;][et_pb_column _builder_version=\u00a0\u00bb4.23.1&Prime; _module_preset=\u00a0\u00bbdefault\u00a0\u00bb type=\u00a0\u00bb1_2&Prime;][et_pb_text _builder_version=\u00a0\u00bb4.23.1&Prime; _module_preset=\u00a0\u00bbdefault\u00a0\u00bb hover_enabled=\u00a0\u00bb0&Prime; sticky_enabled=\u00a0\u00bb0&Prime; custom_padding=\u00a0\u00bb||0px|||\u00a0\u00bb]<\/p>\n<p>&nbsp;<\/p>\n<p>&nbsp;<\/p>\n<p>&nbsp;<\/p>\n<p>&nbsp;<\/p>\n<p>&nbsp;<\/p>\n<p>[\/et_pb_text][et_pb_heading title=\u00a0\u00bbEtoile de la r&rsquo;Ose\u00a0\u00bb _builder_version=\u00a0\u00bb4.23.1&Prime; _module_preset=\u00a0\u00bbdefault\u00a0\u00bb hover_enabled=\u00a0\u00bb0&Prime; sticky_enabled=\u00a0\u00bb0&Prime; title_font_size=\u00a0\u00bb45px\u00a0\u00bb title_text_align=\u00a0\u00bbcenter\u00a0\u00bb box_shadow_style=\u00a0\u00bbpreset1&Prime;][\/et_pb_heading][et_pb_text _builder_version=\u00a0\u00bb4.23.1&Prime; _module_preset=\u00a0\u00bbdefault\u00a0\u00bb hover_enabled=\u00a0\u00bb0&Prime; sticky_enabled=\u00a0\u00bb0&Prime;]<\/p>\n<p style=\"text-align: center;\"><em>Le bon cadeau est cr\u00e9\u00e9 avec un grand soin de qualit\u00e9 et de beaut\u00e9 afin qu\u2019il soit lui-m\u00eame le premier cadeau<\/em><\/p>\n<p>[\/et_pb_text][\/et_pb_column][et_pb_column _builder_version=\u00a0\u00bb4.23.1&Prime; _module_preset=\u00a0\u00bbdefault\u00a0\u00bb type=\u00a0\u00bb1_2&Prime;][et_pb_image src=\u00a0\u00bbhttps:\/\/o-de-r-ose.fr\/wp-content\/uploads\/2025\/08\/O-DE-ROSE-Bon-cadeau.png\u00a0\u00bb _builder_version=\u00a0\u00bb4.23.1&Prime; _module_preset=\u00a0\u00bbdefault\u00a0\u00bb title_text=\u00a0\u00bbO DE R&rsquo;OSE Bon cadeau\u00a0\u00bb hover_enabled=\u00a0\u00bb0&Prime; sticky_enabled=\u00a0\u00bb0&Prime; width=\u00a0\u00bb59%\u00a0\u00bb border_style_all=\u00a0\u00bboutset\u00a0\u00bb box_shadow_style=\u00a0\u00bbpreset7&Prime; box_shadow_horizontal=\u00a0\u00bb2px\u00a0\u00bb box_shadow_vertical=\u00a0\u00bb2px\u00a0\u00bb][\/et_pb_image][\/et_pb_column][\/et_pb_row][\/et_pb_section][et_pb_section fb_built=\u00a0\u00bb1&Prime; _builder_version=\u00a0\u00bb4.23.1&Prime; _module_preset=\u00a0\u00bbdefault\u00a0\u00bb background_enable_color=\u00a0\u00bboff\u00a0\u00bb use_background_color_gradient=\u00a0\u00bbon\u00a0\u00bb background_color_gradient_direction=\u00a0\u00bb1deg\u00a0\u00bb background_color_gradient_stops=\u00a0\u00bb#231c1a 0%|#685148 13%|#745853 29%|#e0d7c3 74%|#f3efe5 92%|#f3efe5 99%\u00a0\u00bb background_image=\u00a0\u00bbhttps:\/\/o-de-r-ose.fr\/wp-content\/uploads\/2024\/01\/HUILES-MASSAGE.png\u00a0\u00bb background_blend=\u00a0\u00bbsoft-light\u00a0\u00bb width=\u00a0\u00bb100%\u00a0\u00bb module_alignment=\u00a0\u00bbcenter\u00a0\u00bb min_height=\u00a0\u00bb448.8px\u00a0\u00bb height=\u00a0\u00bb411px\u00a0\u00bb max_height=\u00a0\u00bb371px\u00a0\u00bb custom_margin=\u00a0\u00bb-6px||||false|false\u00a0\u00bb custom_padding=\u00a0\u00bb1px||||false|false\u00a0\u00bb global_colors_info=\u00a0\u00bb{}\u00a0\u00bb][\/et_pb_section]<\/p>\n","protected":false},"excerpt":{"rendered":"<p>Il est des moments o\u00f9 le temps et l&rsquo;espace ne font plus qu&rsquo;un, alors centr\u00e9 sur son essence ultime le corps se laisse aller au flux et reflux d&rsquo;une douceur insoup\u00e7onn\u00e9e qui effleure la peau donnant ainsi l&rsquo;impression d&rsquo;une fusion ultime avec le grand tout. Un temps pour le toucher harmonisant : Sous la douceur [&hellip;]<\/p>\n","protected":false},"author":1,"featured_media":1682,"parent":120,"menu_order":0,"comment_status":"closed","ping_status":"closed","template":"","meta":{"_et_pb_use_builder":"on","_et_pb_old_content":"","_et_gb_content_width":"","footnotes":""},"class_list":["post-417","page","type-page","status-publish","has-post-thumbnail","hentry"],"yoast_head":"<!-- This site is optimized with the Yoast SEO plugin v23.0 - https:\/\/yoast.com\/wordpress\/plugins\/seo\/ -->\n<title>Massages - O de r&#039;Ose<\/title>\n<meta name=\"description\" content=\"Les massages douceur de la cascade pour harmoniser le corps et l&#039;esprit et ainsi retrouver bien-\u00eatre et s\u00e9r\u00e9nit\u00e9.\" \/>\n<meta name=\"robots\" content=\"index, follow, max-snippet:-1, max-image-preview:large, max-video-preview:-1\" \/>\n<link rel=\"canonical\" href=\"https:\/\/o-de-r-ose.fr\/index.php\/o-de-rose-accueil\/cascade-de-la-rose\/\" \/>\n<meta property=\"og:locale\" content=\"fr_FR\" \/>\n<meta property=\"og:type\" content=\"article\" \/>\n<meta property=\"og:title\" content=\"cascade-de-la-rose\" \/>\n<meta property=\"og:description\" content=\"Un temps de douceur pour soi pour harmoniser le corps et l&#039;esprit et ainsi retrouver bien-\u00eatre et s\u00e9r\u00e9nit\u00e9.\" \/>\n<meta property=\"og:url\" content=\"https:\/\/o-de-r-ose.fr\/index.php\/o-de-rose-accueil\/cascade-de-la-rose\/\" \/>\n<meta property=\"og:site_name\" content=\"O de r&#039;Ose\" \/>\n<meta property=\"article:publisher\" content=\"https:\/\/www.facebook.com\/people\/O-de-rOse\/61553288860149\/\" \/>\n<meta property=\"article:modified_time\" content=\"2025-08-11T12:38:02+00:00\" \/>\n<meta property=\"og:image\" content=\"https:\/\/o-de-r-ose.fr\/wp-content\/uploads\/2023\/12\/Ambiance.png\" \/>\n\t<meta property=\"og:image:width\" content=\"1080\" \/>\n\t<meta property=\"og:image:height\" content=\"500\" \/>\n\t<meta property=\"og:image:type\" content=\"image\/png\" \/>\n<meta name=\"twitter:card\" content=\"summary_large_image\" \/>\n<meta name=\"twitter:label1\" content=\"Dur\u00e9e de lecture estim\u00e9e\" \/>\n\t<meta name=\"twitter:data1\" content=\"2 minutes\" \/>\n<script type=\"application\/ld+json\" class=\"yoast-schema-graph\">{\"@context\":\"https:\/\/schema.org\",\"@graph\":[{\"@type\":\"WebPage\",\"@id\":\"https:\/\/o-de-r-ose.fr\/index.php\/o-de-rose-accueil\/cascade-de-la-rose\/\",\"url\":\"https:\/\/o-de-r-ose.fr\/index.php\/o-de-rose-accueil\/cascade-de-la-rose\/\",\"name\":\"Massages - O de r&#039;Ose\",\"isPartOf\":{\"@id\":\"https:\/\/o-de-r-ose.fr\/#website\"},\"primaryImageOfPage\":{\"@id\":\"https:\/\/o-de-r-ose.fr\/index.php\/o-de-rose-accueil\/cascade-de-la-rose\/#primaryimage\"},\"image\":{\"@id\":\"https:\/\/o-de-r-ose.fr\/index.php\/o-de-rose-accueil\/cascade-de-la-rose\/#primaryimage\"},\"thumbnailUrl\":\"https:\/\/o-de-r-ose.fr\/wp-content\/uploads\/2024\/07\/CASCADE.png\",\"datePublished\":\"2023-12-04T20:20:38+00:00\",\"dateModified\":\"2025-08-11T12:38:02+00:00\",\"description\":\"Les massages douceur de la cascade pour harmoniser le corps et l'esprit et ainsi retrouver bien-\u00eatre et s\u00e9r\u00e9nit\u00e9.\",\"breadcrumb\":{\"@id\":\"https:\/\/o-de-r-ose.fr\/index.php\/o-de-rose-accueil\/cascade-de-la-rose\/#breadcrumb\"},\"inLanguage\":\"fr-FR\",\"potentialAction\":[{\"@type\":\"ReadAction\",\"target\":[\"https:\/\/o-de-r-ose.fr\/index.php\/o-de-rose-accueil\/cascade-de-la-rose\/\"]}]},{\"@type\":\"ImageObject\",\"inLanguage\":\"fr-FR\",\"@id\":\"https:\/\/o-de-r-ose.fr\/index.php\/o-de-rose-accueil\/cascade-de-la-rose\/#primaryimage\",\"url\":\"https:\/\/o-de-r-ose.fr\/wp-content\/uploads\/2024\/07\/CASCADE.png\",\"contentUrl\":\"https:\/\/o-de-r-ose.fr\/wp-content\/uploads\/2024\/07\/CASCADE.png\",\"width\":1221,\"height\":885},{\"@type\":\"BreadcrumbList\",\"@id\":\"https:\/\/o-de-r-ose.fr\/index.php\/o-de-rose-accueil\/cascade-de-la-rose\/#breadcrumb\",\"itemListElement\":[{\"@type\":\"ListItem\",\"position\":1,\"name\":\"Accueil\",\"item\":\"https:\/\/o-de-r-ose.fr\/\"},{\"@type\":\"ListItem\",\"position\":2,\"name\":\"Accueil\",\"item\":\"https:\/\/o-de-r-ose.fr\/\"},{\"@type\":\"ListItem\",\"position\":3,\"name\":\"Massages\"}]},{\"@type\":\"WebSite\",\"@id\":\"https:\/\/o-de-r-ose.fr\/#website\",\"url\":\"https:\/\/o-de-r-ose.fr\/\",\"name\":\"O de r'Ose\",\"description\":\"La seconde Floraison\",\"publisher\":{\"@id\":\"https:\/\/o-de-r-ose.fr\/#organization\"},\"potentialAction\":[{\"@type\":\"SearchAction\",\"target\":{\"@type\":\"EntryPoint\",\"urlTemplate\":\"https:\/\/o-de-r-ose.fr\/?s={search_term_string}\"},\"query-input\":\"required name=search_term_string\"}],\"inLanguage\":\"fr-FR\"},{\"@type\":\"Organization\",\"@id\":\"https:\/\/o-de-r-ose.fr\/#organization\",\"name\":\"O de r'Ose\",\"url\":\"https:\/\/o-de-r-ose.fr\/\",\"logo\":{\"@type\":\"ImageObject\",\"inLanguage\":\"fr-FR\",\"@id\":\"https:\/\/o-de-r-ose.fr\/#\/schema\/logo\/image\/\",\"url\":\"https:\/\/o-de-r-ose.fr\/wp-content\/uploads\/2023\/11\/O-DE-ROSE-LOGO.png\",\"contentUrl\":\"https:\/\/o-de-r-ose.fr\/wp-content\/uploads\/2023\/11\/O-DE-ROSE-LOGO.png\",\"width\":500,\"height\":500,\"caption\":\"O de r'Ose\"},\"image\":{\"@id\":\"https:\/\/o-de-r-ose.fr\/#\/schema\/logo\/image\/\"},\"sameAs\":[\"https:\/\/www.facebook.com\/people\/O-de-rOse\/61553288860149\/\"]}]}<\/script>\n<!-- \/ Yoast SEO plugin. -->","yoast_head_json":{"title":"Massages - O de r&#039;Ose","description":"Les massages douceur de la cascade pour harmoniser le corps et l'esprit et ainsi retrouver bien-\u00eatre et s\u00e9r\u00e9nit\u00e9.","robots":{"index":"index","follow":"follow","max-snippet":"max-snippet:-1","max-image-preview":"max-image-preview:large","max-video-preview":"max-video-preview:-1"},"canonical":"https:\/\/o-de-r-ose.fr\/index.php\/o-de-rose-accueil\/cascade-de-la-rose\/","og_locale":"fr_FR","og_type":"article","og_title":"cascade-de-la-rose","og_description":"Un temps de douceur pour soi pour harmoniser le corps et l'esprit et ainsi retrouver bien-\u00eatre et s\u00e9r\u00e9nit\u00e9.","og_url":"https:\/\/o-de-r-ose.fr\/index.php\/o-de-rose-accueil\/cascade-de-la-rose\/","og_site_name":"O de r&#039;Ose","article_publisher":"https:\/\/www.facebook.com\/people\/O-de-rOse\/61553288860149\/","article_modified_time":"2025-08-11T12:38:02+00:00","og_image":[{"width":1080,"height":500,"url":"https:\/\/o-de-r-ose.fr\/wp-content\/uploads\/2023\/12\/Ambiance.png","type":"image\/png"}],"twitter_card":"summary_large_image","twitter_misc":{"Dur\u00e9e de lecture estim\u00e9e":"2 minutes"},"schema":{"@context":"https:\/\/schema.org","@graph":[{"@type":"WebPage","@id":"https:\/\/o-de-r-ose.fr\/index.php\/o-de-rose-accueil\/cascade-de-la-rose\/","url":"https:\/\/o-de-r-ose.fr\/index.php\/o-de-rose-accueil\/cascade-de-la-rose\/","name":"Massages - O de r&#039;Ose","isPartOf":{"@id":"https:\/\/o-de-r-ose.fr\/#website"},"primaryImageOfPage":{"@id":"https:\/\/o-de-r-ose.fr\/index.php\/o-de-rose-accueil\/cascade-de-la-rose\/#primaryimage"},"image":{"@id":"https:\/\/o-de-r-ose.fr\/index.php\/o-de-rose-accueil\/cascade-de-la-rose\/#primaryimage"},"thumbnailUrl":"https:\/\/o-de-r-ose.fr\/wp-content\/uploads\/2024\/07\/CASCADE.png","datePublished":"2023-12-04T20:20:38+00:00","dateModified":"2025-08-11T12:38:02+00:00","description":"Les massages douceur de la cascade pour harmoniser le corps et l'esprit et ainsi retrouver bien-\u00eatre et s\u00e9r\u00e9nit\u00e9.","breadcrumb":{"@id":"https:\/\/o-de-r-ose.fr\/index.php\/o-de-rose-accueil\/cascade-de-la-rose\/#breadcrumb"},"inLanguage":"fr-FR","potentialAction":[{"@type":"ReadAction","target":["https:\/\/o-de-r-ose.fr\/index.php\/o-de-rose-accueil\/cascade-de-la-rose\/"]}]},{"@type":"ImageObject","inLanguage":"fr-FR","@id":"https:\/\/o-de-r-ose.fr\/index.php\/o-de-rose-accueil\/cascade-de-la-rose\/#primaryimage","url":"https:\/\/o-de-r-ose.fr\/wp-content\/uploads\/2024\/07\/CASCADE.png","contentUrl":"https:\/\/o-de-r-ose.fr\/wp-content\/uploads\/2024\/07\/CASCADE.png","width":1221,"height":885},{"@type":"BreadcrumbList","@id":"https:\/\/o-de-r-ose.fr\/index.php\/o-de-rose-accueil\/cascade-de-la-rose\/#breadcrumb","itemListElement":[{"@type":"ListItem","position":1,"name":"Accueil","item":"https:\/\/o-de-r-ose.fr\/"},{"@type":"ListItem","position":2,"name":"Accueil","item":"https:\/\/o-de-r-ose.fr\/"},{"@type":"ListItem","position":3,"name":"Massages"}]},{"@type":"WebSite","@id":"https:\/\/o-de-r-ose.fr\/#website","url":"https:\/\/o-de-r-ose.fr\/","name":"O de r'Ose","description":"La seconde Floraison","publisher":{"@id":"https:\/\/o-de-r-ose.fr\/#organization"},"potentialAction":[{"@type":"SearchAction","target":{"@type":"EntryPoint","urlTemplate":"https:\/\/o-de-r-ose.fr\/?s={search_term_string}"},"query-input":"required name=search_term_string"}],"inLanguage":"fr-FR"},{"@type":"Organization","@id":"https:\/\/o-de-r-ose.fr\/#organization","name":"O de r'Ose","url":"https:\/\/o-de-r-ose.fr\/","logo":{"@type":"ImageObject","inLanguage":"fr-FR","@id":"https:\/\/o-de-r-ose.fr\/#\/schema\/logo\/image\/","url":"https:\/\/o-de-r-ose.fr\/wp-content\/uploads\/2023\/11\/O-DE-ROSE-LOGO.png","contentUrl":"https:\/\/o-de-r-ose.fr\/wp-content\/uploads\/2023\/11\/O-DE-ROSE-LOGO.png","width":500,"height":500,"caption":"O de r'Ose"},"image":{"@id":"https:\/\/o-de-r-ose.fr\/#\/schema\/logo\/image\/"},"sameAs":["https:\/\/www.facebook.com\/people\/O-de-rOse\/61553288860149\/"]}]}},"_links":{"self":[{"href":"https:\/\/o-de-r-ose.fr\/index.php\/wp-json\/wp\/v2\/pages\/417","targetHints":{"allow":["GET"]}}],"collection":[{"href":"https:\/\/o-de-r-ose.fr\/index.php\/wp-json\/wp\/v2\/pages"}],"about":[{"href":"https:\/\/o-de-r-ose.fr\/index.php\/wp-json\/wp\/v2\/types\/page"}],"author":[{"embeddable":true,"href":"https:\/\/o-de-r-ose.fr\/index.php\/wp-json\/wp\/v2\/users\/1"}],"replies":[{"embeddable":true,"href":"https:\/\/o-de-r-ose.fr\/index.php\/wp-json\/wp\/v2\/comments?post=417"}],"version-history":[{"count":68,"href":"https:\/\/o-de-r-ose.fr\/index.php\/wp-json\/wp\/v2\/pages\/417\/revisions"}],"predecessor-version":[{"id":2789,"href":"https:\/\/o-de-r-ose.fr\/index.php\/wp-json\/wp\/v2\/pages\/417\/revisions\/2789"}],"up":[{"embeddable":true,"href":"https:\/\/o-de-r-ose.fr\/index.php\/wp-json\/wp\/v2\/pages\/120"}],"wp:featuredmedia":[{"embeddable":true,"href":"https:\/\/o-de-r-ose.fr\/index.php\/wp-json\/wp\/v2\/media\/1682"}],"wp:attachment":[{"href":"https:\/\/o-de-r-ose.fr\/index.php\/wp-json\/wp\/v2\/media?parent=417"}],"curies":[{"name":"wp","href":"https:\/\/api.w.org\/{rel}","templated":true}]}}