{"id":614,"date":"2023-12-10T19:11:38","date_gmt":"2023-12-10T18:11:38","guid":{"rendered":"https:\/\/o-de-r-ose.fr\/?page_id=614"},"modified":"2024-12-04T13:16:25","modified_gmt":"2024-12-04T12:16:25","slug":"soins-et-beaute","status":"publish","type":"page","link":"https:\/\/o-de-r-ose.fr\/index.php\/soins-et-beaute\/","title":{"rendered":"Soins et beaut\u00e9"},"content":{"rendered":"<p>[et_pb_section fb_built=\u00a0\u00bb1&Prime; _builder_version=\u00a0\u00bb4.23.1&Prime; _module_preset=\u00a0\u00bbdefault\u00a0\u00bb background_color=\u00a0\u00bb#f3efe5&Prime; use_background_color_gradient=\u00a0\u00bbon\u00a0\u00bb background_color_gradient_stops=\u00a0\u00bb#f3efe5 22%|rgba(243,239,229,0.57) 58%|rgba(243,239,229,0.76) 84%|#f3efe5 99%\u00a0\u00bb background_color_gradient_overlays_image=\u00a0\u00bbon\u00a0\u00bb background_enable_image=\u00a0\u00bboff\u00a0\u00bb background_video_mp4=\u00a0\u00bbhttps:\/\/o-de-r-ose.fr\/wp-content\/uploads\/2024\/09\/PRENDRE-SOIN.mp4&Prime; min_height=\u00a0\u00bb634.1px\u00a0\u00bb custom_padding=\u00a0\u00bb30px|||||\u00a0\u00bb bottom_divider_style=\u00a0\u00bbcurve2&Prime; bottom_divider_color=\u00a0\u00bb#FFFFFF\u00a0\u00bb global_colors_info=\u00a0\u00bb{}\u00a0\u00bb][et_pb_row _builder_version=\u00a0\u00bb4.23.1&Prime; _module_preset=\u00a0\u00bbdefault\u00a0\u00bb global_colors_info=\u00a0\u00bb{}\u00a0\u00bb][et_pb_column type=\u00a0\u00bb4_4&Prime; _builder_version=\u00a0\u00bb4.23.1&Prime; _module_preset=\u00a0\u00bbdefault\u00a0\u00bb global_colors_info=\u00a0\u00bb{}\u00a0\u00bb][et_pb_heading title=\u00a0\u00bbRetour \u00e0 l&rsquo;harmonie\u00a0\u00bb _builder_version=\u00a0\u00bb4.23.1&Prime; _module_preset=\u00a0\u00bbdefault\u00a0\u00bb title_text_align=\u00a0\u00bbcenter\u00a0\u00bb title_text_color=\u00a0\u00bb#FFFFFF\u00a0\u00bb title_font_size=\u00a0\u00bb64px\u00a0\u00bb global_colors_info=\u00a0\u00bb{}\u00a0\u00bb][\/et_pb_heading][\/et_pb_column][\/et_pb_row][et_pb_row _builder_version=\u00a0\u00bb4.23.1&Prime; _module_preset=\u00a0\u00bbdefault\u00a0\u00bb global_colors_info=\u00a0\u00bb{}\u00a0\u00bb][et_pb_column type=\u00a0\u00bb4_4&Prime; _builder_version=\u00a0\u00bb4.23.1&Prime; _module_preset=\u00a0\u00bbdefault\u00a0\u00bb global_colors_info=\u00a0\u00bb{}\u00a0\u00bb][et_pb_text _builder_version=\u00a0\u00bb4.23.1&Prime; _module_preset=\u00a0\u00bbdefault\u00a0\u00bb text_font=\u00a0\u00bb|||||on|||\u00a0\u00bb text_font_size=\u00a0\u00bb37px\u00a0\u00bb text_line_height=\u00a0\u00bb2.3em\u00a0\u00bb global_colors_info=\u00a0\u00bb{}\u00a0\u00bb]<\/p>\n<p style=\"text-align: left;\">Un pas l&rsquo;un apr\u00e8s l&rsquo;autre<br \/>pour sa plus grande r\u00e9alisation<\/p>\n<p>[\/et_pb_text][\/et_pb_column][\/et_pb_row][\/et_pb_section][et_pb_section fb_built=\u00a0\u00bb1&Prime; next_background_color=\u00a0\u00bb#f3efe5&Prime; admin_label=\u00a0\u00bbAbout\u00a0\u00bb _builder_version=\u00a0\u00bb4.23.1&Prime; _module_preset=\u00a0\u00bbdefault\u00a0\u00bb background_enable_color=\u00a0\u00bboff\u00a0\u00bb background_image=\u00a0\u00bbhttps:\/\/o-de-r-ose.fr\/wp-content\/uploads\/2023\/12\/ROSES-1-e1702315248978.png\u00a0\u00bb parallax=\u00a0\u00bbon\u00a0\u00bb min_height=\u00a0\u00bb417.1px\u00a0\u00bb custom_margin=\u00a0\u00bb-19px|||||\u00a0\u00bb custom_padding=\u00a0\u00bb390px||20px|||\u00a0\u00bb bottom_divider_style=\u00a0\u00bbgraph4&Prime; bottom_divider_flip=\u00a0\u00bbvertical\u00a0\u00bb collapsed=\u00a0\u00bbon\u00a0\u00bb global_colors_info=\u00a0\u00bb{%22gcid-904649ba-8489-45ef-bc4d-794bd4d0fcba%22:%91%22background_color%22%93}\u00a0\u00bb][\/et_pb_section][et_pb_section fb_built=\u00a0\u00bb1&Prime; _builder_version=\u00a0\u00bb4.23.1&Prime; _module_preset=\u00a0\u00bbdefault\u00a0\u00bb background_color=\u00a0\u00bb#f3efe5&Prime; global_colors_info=\u00a0\u00bb{}\u00a0\u00bb][et_pb_row column_structure=\u00a0\u00bb1_2,1_2&Prime; _builder_version=\u00a0\u00bb4.23.1&Prime; _module_preset=\u00a0\u00bbdefault\u00a0\u00bb global_colors_info=\u00a0\u00bb{}\u00a0\u00bb][et_pb_column type=\u00a0\u00bb1_2&Prime; _builder_version=\u00a0\u00bb4.23.1&Prime; _module_preset=\u00a0\u00bbdefault\u00a0\u00bb global_colors_info=\u00a0\u00bb{}\u00a0\u00bb][et_pb_image src=\u00a0\u00bbhttps:\/\/o-de-r-ose.fr\/wp-content\/uploads\/2024\/09\/KINESIOLOGIE-e1727418746929.jpg\u00a0\u00bb title_text=\u00a0\u00bbKINESIOLOGIE\u00a0\u00bb url=\u00a0\u00bbhttps:\/\/o-de-r-ose.fr\/index.php\/le-touch-for-health\/\u00a0\u00bb align=\u00a0\u00bbcenter\u00a0\u00bb _builder_version=\u00a0\u00bb4.23.1&Prime; _module_preset=\u00a0\u00bbdefault\u00a0\u00bb border_radii=\u00a0\u00bbon|186px|186px|186px|186px\u00a0\u00bb global_colors_info=\u00a0\u00bb{}\u00a0\u00bb][\/et_pb_image][et_pb_text _builder_version=\u00a0\u00bb4.23.1&Prime; _module_preset=\u00a0\u00bbdefault\u00a0\u00bb text_line_height=\u00a0\u00bb1.9em\u00a0\u00bb custom_margin=\u00a0\u00bb||9px|||\u00a0\u00bb link_option_url=\u00a0\u00bbhttps:\/\/o-de-r-ose.fr\/index.php\/le-touch-for-health\/\u00a0\u00bb global_colors_info=\u00a0\u00bb{}\u00a0\u00bb]<\/p>\n<p style=\"text-align: center;\">Kin\u00e9siologie<\/p>\n<p>[\/et_pb_text][et_pb_text _builder_version=\u00a0\u00bb4.23.1&Prime; _module_preset=\u00a0\u00bbdefault\u00a0\u00bb text_text_color=\u00a0\u00bb#A8003B\u00a0\u00bb text_line_height=\u00a0\u00bb1.9em\u00a0\u00bb header_text_color=\u00a0\u00bb#A8003B\u00a0\u00bb link_option_url=\u00a0\u00bbhttps:\/\/o-de-r-ose.fr\/index.php\/le-touch-for-health\/\u00a0\u00bb global_colors_info=\u00a0\u00bb{}\u00a0\u00bb]<\/p>\n<h6 style=\"text-align: center;\"><span style=\"color: #993300;\">Touch For Health<\/span><\/h6>\n<p>[\/et_pb_text][\/et_pb_column][et_pb_column type=\u00a0\u00bb1_2&Prime; _builder_version=\u00a0\u00bb4.23.1&Prime; _module_preset=\u00a0\u00bbdefault\u00a0\u00bb global_colors_info=\u00a0\u00bb{}\u00a0\u00bb][et_pb_image src=\u00a0\u00bbhttps:\/\/o-de-r-ose.fr\/wp-content\/uploads\/2024\/09\/YONI-e1727418928300.jpg\u00a0\u00bb title_text=\u00a0\u00bbYONI\u00a0\u00bb url=\u00a0\u00bbhttps:\/\/o-de-r-ose.fr\/index.php\/douceur-do\/\u00a0\u00bb align=\u00a0\u00bbcenter\u00a0\u00bb _builder_version=\u00a0\u00bb4.23.1&Prime; _module_preset=\u00a0\u00bbdefault\u00a0\u00bb border_radii=\u00a0\u00bbon|240px|240px|240px|240px\u00a0\u00bb global_colors_info=\u00a0\u00bb{}\u00a0\u00bb][\/et_pb_image][et_pb_text _builder_version=\u00a0\u00bb4.23.1&Prime; _module_preset=\u00a0\u00bbdefault\u00a0\u00bb text_line_height=\u00a0\u00bb1.9em\u00a0\u00bb custom_margin=\u00a0\u00bb||11px|||\u00a0\u00bb link_option_url=\u00a0\u00bbhttps:\/\/o-de-r-ose.fr\/index.php\/douceur-do\/\u00a0\u00bb global_colors_info=\u00a0\u00bb{}\u00a0\u00bb]<\/p>\n<p style=\"text-align: center;\">Douceur d&rsquo;O<\/p>\n<p>[\/et_pb_text][et_pb_text _builder_version=\u00a0\u00bb4.23.1&Prime; _module_preset=\u00a0\u00bbdefault\u00a0\u00bb text_text_color=\u00a0\u00bb#A8003B\u00a0\u00bb text_line_height=\u00a0\u00bb1.9em\u00a0\u00bb header_text_color=\u00a0\u00bb#A8003B\u00a0\u00bb min_height=\u00a0\u00bb46.2px\u00a0\u00bb custom_padding=\u00a0\u00bb||1px|||\u00a0\u00bb link_option_url=\u00a0\u00bbhttps:\/\/o-de-r-ose.fr\/index.php\/douceur-do\/\u00a0\u00bb global_colors_info=\u00a0\u00bb{}\u00a0\u00bb]<\/p>\n<h6 style=\"text-align: center;\"><span style=\"color: #993300;\">Les soins d&rsquo;harmonisation<br \/><\/span><\/h6>\n<p>[\/et_pb_text][\/et_pb_column][\/et_pb_row][\/et_pb_section][et_pb_section fb_built=\u00a0\u00bb1&Prime; _builder_version=\u00a0\u00bb4.23.1&Prime; _module_preset=\u00a0\u00bbdefault\u00a0\u00bb background_color=\u00a0\u00bb#f3efe5&Prime; min_height=\u00a0\u00bb574.8px\u00a0\u00bb custom_margin=\u00a0\u00bb-14px|||||\u00a0\u00bb custom_padding=\u00a0\u00bb||22px|||\u00a0\u00bb global_colors_info=\u00a0\u00bb{}\u00a0\u00bb][et_pb_row _builder_version=\u00a0\u00bb4.23.1&Prime; _module_preset=\u00a0\u00bbdefault\u00a0\u00bb custom_padding=\u00a0\u00bb||0px|||\u00a0\u00bb global_colors_info=\u00a0\u00bb{}\u00a0\u00bb][et_pb_column type=\u00a0\u00bb4_4&Prime; _builder_version=\u00a0\u00bb4.23.1&Prime; _module_preset=\u00a0\u00bbdefault\u00a0\u00bb global_colors_info=\u00a0\u00bb{}\u00a0\u00bb][et_pb_heading title=\u00a0\u00bbLa kinesiologie \u00a0\u00bb _builder_version=\u00a0\u00bb4.23.1&Prime; _module_preset=\u00a0\u00bbdefault\u00a0\u00bb title_text_color=\u00a0\u00bb#A8003B\u00a0\u00bb global_colors_info=\u00a0\u00bb{}\u00a0\u00bb][\/et_pb_heading][et_pb_text _builder_version=\u00a0\u00bb4.23.1&Prime; _module_preset=\u00a0\u00bbdefault\u00a0\u00bb text_text_color=\u00a0\u00bb#775b41&Prime; text_font_size=\u00a0\u00bb33px\u00a0\u00bb text_line_height=\u00a0\u00bb2.6em\u00a0\u00bb text_orientation=\u00a0\u00bbcenter\u00a0\u00bb custom_margin=\u00a0\u00bb-41px|||||\u00a0\u00bb global_colors_info=\u00a0\u00bb{}\u00a0\u00bb]<\/p>\n<p>Muscle &#8211; Posture &#8211; Energie<\/p>\n<p>[\/et_pb_text][\/et_pb_column][\/et_pb_row][et_pb_row _builder_version=\u00a0\u00bb4.23.1&Prime; _module_preset=\u00a0\u00bbdefault\u00a0\u00bb global_colors_info=\u00a0\u00bb{}\u00a0\u00bb][et_pb_column type=\u00a0\u00bb4_4&Prime; _builder_version=\u00a0\u00bb4.23.1&Prime; _module_preset=\u00a0\u00bbdefault\u00a0\u00bb global_colors_info=\u00a0\u00bb{}\u00a0\u00bb][et_pb_text _builder_version=\u00a0\u00bb4.23.1&Prime; _module_preset=\u00a0\u00bbdefault\u00a0\u00bb text_font=\u00a0\u00bb||on|||on|||\u00a0\u00bb text_font_size=\u00a0\u00bb19px\u00a0\u00bb text_orientation=\u00a0\u00bbjustified\u00a0\u00bb global_colors_info=\u00a0\u00bb{}\u00a0\u00bb]<\/p>\n<p>\u00ab\u00a0La vie nous a dot\u00e9 d&rsquo;un superbe v\u00e9hicule : notre corps. Parfois il pr\u00e9sente quelques d\u00e9faillances, il nous laisse en panne. Etre en forme, est-ce uniquement\u00a0 le faire r\u00e9parer quand il casse ? apprendre \u00e0 l&rsquo;entretenir ? \u00e0 mieux le conduire ? \u00ab\u00a0<\/p>\n<p>[\/et_pb_text][\/et_pb_column][\/et_pb_row][et_pb_row _builder_version=\u00a0\u00bb4.23.1&Prime; _module_preset=\u00a0\u00bbdefault\u00a0\u00bb custom_padding=\u00a0\u00bb24px|||||\u00a0\u00bb global_colors_info=\u00a0\u00bb{}\u00a0\u00bb][et_pb_column type=\u00a0\u00bb4_4&Prime; _builder_version=\u00a0\u00bb4.23.1&Prime; _module_preset=\u00a0\u00bbdefault\u00a0\u00bb global_colors_info=\u00a0\u00bb{}\u00a0\u00bb][et_pb_text _builder_version=\u00a0\u00bb4.23.1&Prime; _module_preset=\u00a0\u00bbdefault\u00a0\u00bb text_orientation=\u00a0\u00bbjustified\u00a0\u00bb custom_padding=\u00a0\u00bb0px||34px|2px||\u00a0\u00bb global_colors_info=\u00a0\u00bb{}\u00a0\u00bb]<\/p>\n<p>Le <strong>Touch For Health<\/strong> ou TFH (la sant\u00e9 par le toucher) est une m\u00e9thode qui \u00e9tablit une relation entre les muscles, les organes et les \u00e9motions en r\u00e9sonnace avec les m\u00e9ridiens d&rsquo;acupuncture. En s&rsquo;appuyant sur le test musculaire, le Dr John Tie, chiroprateur am\u00e9ricain, a mis en place cette m\u00e9thode en 1973.<\/p>\n<p>L&rsquo;objectif de cette pratique est l&rsquo;\u00e9quilibrage de la posture, de l&rsquo;attitude et de l&rsquo;\u00e9nergie vitale. En r\u00e9duisant le stress actuel ou pass\u00e9, il est possible de retrouver ses capacit\u00e9s de choix et d&rsquo;action pour atteindre ses propres solutions.<\/p>\n<p>[\/et_pb_text][\/et_pb_column][\/et_pb_row][et_pb_row column_structure=\u00a0\u00bb1_2,1_2&Prime; _builder_version=\u00a0\u00bb4.23.1&Prime; _module_preset=\u00a0\u00bbdefault\u00a0\u00bb custom_margin=\u00a0\u00bb-24px|auto||auto||\u00a0\u00bb global_colors_info=\u00a0\u00bb{}\u00a0\u00bb][et_pb_column type=\u00a0\u00bb1_2&Prime; _builder_version=\u00a0\u00bb4.23.1&Prime; _module_preset=\u00a0\u00bbdefault\u00a0\u00bb global_colors_info=\u00a0\u00bb{}\u00a0\u00bb][et_pb_image src=\u00a0\u00bbhttps:\/\/o-de-r-ose.fr\/wp-content\/uploads\/2023\/12\/TFH.png\u00a0\u00bb title_text=\u00a0\u00bbTFH\u00a0\u00bb _builder_version=\u00a0\u00bb4.23.1&Prime; _module_preset=\u00a0\u00bbdefault\u00a0\u00bb global_colors_info=\u00a0\u00bb{}\u00a0\u00bb][\/et_pb_image][\/et_pb_column][et_pb_column type=\u00a0\u00bb1_2&Prime; _builder_version=\u00a0\u00bb4.23.1&Prime; _module_preset=\u00a0\u00bbdefault\u00a0\u00bb global_colors_info=\u00a0\u00bb{}\u00a0\u00bb][et_pb_text _builder_version=\u00a0\u00bb4.23.1&Prime; _module_preset=\u00a0\u00bbdefault\u00a0\u00bb text_font=\u00a0\u00bb|||||on|||\u00a0\u00bb text_text_color=\u00a0\u00bb#A8003B\u00a0\u00bb text_font_size=\u00a0\u00bb31px\u00a0\u00bb text_orientation=\u00a0\u00bbcenter\u00a0\u00bb min_height=\u00a0\u00bb154.8px\u00a0\u00bb custom_margin=\u00a0\u00bb||1px|||\u00a0\u00bb custom_padding=\u00a0\u00bb151px||40px|||\u00a0\u00bb global_colors_info=\u00a0\u00bb{}\u00a0\u00bb]<\/p>\n<p>Objectifs du Touch For Health<\/p>\n<p>[\/et_pb_text][et_pb_button button_url=\u00a0\u00bbhttps:\/\/o-de-r-ose.fr\/index.php\/le-touch-for-health\/\u00a0\u00bb button_text=\u00a0\u00bbLire ICI\u00a0\u00bb button_alignment=\u00a0\u00bbcenter\u00a0\u00bb _builder_version=\u00a0\u00bb4.23.1&Prime; _module_preset=\u00a0\u00bbdefault\u00a0\u00bb custom_button=\u00a0\u00bbon\u00a0\u00bb button_text_color=\u00a0\u00bb#775b41&Prime; button_bg_enable_image=\u00a0\u00bboff\u00a0\u00bb button_border_width=\u00a0\u00bb3px\u00a0\u00bb button_border_color=\u00a0\u00bb#775b41&Prime; button_border_radius=\u00a0\u00bb64px\u00a0\u00bb button_icon=\u00a0\u00bb&#x45;||divi||400&Prime; button_icon_color=\u00a0\u00bb#A8003B\u00a0\u00bb global_colors_info=\u00a0\u00bb{}\u00a0\u00bb][\/et_pb_button][\/et_pb_column][\/et_pb_row][\/et_pb_section][et_pb_section fb_built=\u00a0\u00bb1&Prime; prev_background_color=\u00a0\u00bb#f3efe5&Prime; next_background_color=\u00a0\u00bb#f3efe5&Prime; _builder_version=\u00a0\u00bb4.23.1&Prime; _module_preset=\u00a0\u00bbdefault\u00a0\u00bb background_color=\u00a0\u00bb#f3efe5&Prime; background_image=\u00a0\u00bbhttps:\/\/o-de-r-ose.fr\/wp-content\/uploads\/2023\/12\/ROSES-2.png\u00a0\u00bb parallax=\u00a0\u00bbon\u00a0\u00bb min_height=\u00a0\u00bb319.1px\u00a0\u00bb custom_padding=\u00a0\u00bb||143px|||\u00a0\u00bb top_divider_style=\u00a0\u00bbgraph2&Prime; top_divider_flip=\u00a0\u00bbhorizontal\u00a0\u00bb bottom_divider_style=\u00a0\u00bbgraph2&Prime; bottom_divider_flip=\u00a0\u00bbhorizontal\u00a0\u00bb global_colors_info=\u00a0\u00bb{}\u00a0\u00bb][\/et_pb_section][et_pb_section fb_built=\u00a0\u00bb1&Prime; _builder_version=\u00a0\u00bb4.23.1&Prime; _module_preset=\u00a0\u00bbdefault\u00a0\u00bb background_color=\u00a0\u00bb#f3efe5&Prime; min_height=\u00a0\u00bb569.7px\u00a0\u00bb custom_margin=\u00a0\u00bb-10px||-64px|||\u00a0\u00bb custom_padding=\u00a0\u00bb||0px|||\u00a0\u00bb global_colors_info=\u00a0\u00bb{}\u00a0\u00bb][et_pb_row _builder_version=\u00a0\u00bb4.23.1&Prime; _module_preset=\u00a0\u00bbdefault\u00a0\u00bb custom_padding=\u00a0\u00bb0px|||||\u00a0\u00bb global_colors_info=\u00a0\u00bb{}\u00a0\u00bb][et_pb_column type=\u00a0\u00bb4_4&Prime; _builder_version=\u00a0\u00bb4.23.1&Prime; _module_preset=\u00a0\u00bbdefault\u00a0\u00bb global_colors_info=\u00a0\u00bb{}\u00a0\u00bb][et_pb_heading title=\u00a0\u00bbDouceur d&rsquo;O\u00a0\u00bb _builder_version=\u00a0\u00bb4.23.1&Prime; _module_preset=\u00a0\u00bbdefault\u00a0\u00bb title_text_color=\u00a0\u00bb#A8003B\u00a0\u00bb global_colors_info=\u00a0\u00bb{}\u00a0\u00bb][\/et_pb_heading][\/et_pb_column][\/et_pb_row][et_pb_row _builder_version=\u00a0\u00bb4.23.1&Prime; _module_preset=\u00a0\u00bbdefault\u00a0\u00bb custom_margin=\u00a0\u00bb-29px|auto||auto||\u00a0\u00bb global_colors_info=\u00a0\u00bb{}\u00a0\u00bb][et_pb_column type=\u00a0\u00bb4_4&Prime; _builder_version=\u00a0\u00bb4.23.1&Prime; _module_preset=\u00a0\u00bbdefault\u00a0\u00bb global_colors_info=\u00a0\u00bb{}\u00a0\u00bb][et_pb_text _builder_version=\u00a0\u00bb4.23.1&Prime; _module_preset=\u00a0\u00bbdefault\u00a0\u00bb custom_margin=\u00a0\u00bb||-52px|||\u00a0\u00bb custom_padding=\u00a0\u00bb5px||0px|||\u00a0\u00bb global_colors_info=\u00a0\u00bb{}\u00a0\u00bb]<\/p>\n<p><strong>La voie de la F\u00e9minit\u00e9<\/strong><\/p>\n<p><strong>Le Temple de la Rose<br \/><\/strong><\/p>\n<p>&nbsp;<\/p>\n<p>&nbsp;<\/p>\n<p>&nbsp;<\/p>\n<p>[\/et_pb_text][et_pb_button button_url=\u00a0\u00bbhttps:\/\/o-de-r-ose.fr\/index.php\/douceur-do\/\u00a0\u00bb button_text=\u00a0\u00bbLire la suite ICI\u00a0\u00bb button_alignment=\u00a0\u00bbcenter\u00a0\u00bb _builder_version=\u00a0\u00bb4.23.1&Prime; _module_preset=\u00a0\u00bbdefault\u00a0\u00bb custom_button=\u00a0\u00bbon\u00a0\u00bb button_text_color=\u00a0\u00bb#775b41&Prime; button_border_radius=\u00a0\u00bb95px\u00a0\u00bb button_font=\u00a0\u00bb||||||||\u00a0\u00bb button_icon=\u00a0\u00bb&#x45;||divi||400&Prime; button_icon_color=\u00a0\u00bb#A8003B\u00a0\u00bb global_colors_info=\u00a0\u00bb{}\u00a0\u00bb][\/et_pb_button][\/et_pb_column][\/et_pb_row][\/et_pb_section][et_pb_section fb_built=\u00a0\u00bb1&Prime; _builder_version=\u00a0\u00bb4.23.1&Prime; _module_preset=\u00a0\u00bbdefault\u00a0\u00bb background_color=\u00a0\u00bb#f3efe5&Prime; use_background_color_gradient=\u00a0\u00bbon\u00a0\u00bb background_color_gradient_stops=\u00a0\u00bbrgba(243,239,229,0) 3%|rgba(224,219,208,0.22) 19%|rgba(205, 199, 186, 0.34) 35%|rgba(181,173,159,0.49) 55%|rgba(106, 93, 75, 0.6) 87%|rgba(76,60,41,0.79) 100%\u00a0\u00bb background_color_gradient_overlays_image=\u00a0\u00bbon\u00a0\u00bb background_image=\u00a0\u00bbhttps:\/\/o-de-r-ose.fr\/wp-content\/uploads\/2023\/12\/ROSES-1-e1702315248978.png\u00a0\u00bb parallax=\u00a0\u00bbon\u00a0\u00bb min_height=\u00a0\u00bb235px\u00a0\u00bb custom_margin=\u00a0\u00bb-30px|||||\u00a0\u00bb custom_padding=\u00a0\u00bb31px|||||\u00a0\u00bb global_colors_info=\u00a0\u00bb{}\u00a0\u00bb][\/et_pb_section]<\/p>\n","protected":false},"excerpt":{"rendered":"<p>Un pas l&rsquo;un apr\u00e8s l&rsquo;autrepour sa plus grande r\u00e9alisationKin\u00e9siologieTouch For HealthDouceur d&rsquo;OLes soins d&rsquo;harmonisationMuscle &#8211; Posture &#8211; Energie\u00a0\u00bbLa vie nous a dot\u00e9 d&rsquo;un superbe v\u00e9hicule : notre corps. Parfois il pr\u00e9sente quelques d\u00e9faillances, il nous laisse en panne. Etre en forme, est-ce uniquement\u00a0 le faire r\u00e9parer quand il casse ? apprendre \u00e0 l&rsquo;entretenir ? \u00e0 [&hellip;]<\/p>\n","protected":false},"author":1,"featured_media":0,"parent":0,"menu_order":0,"comment_status":"closed","ping_status":"closed","template":"","meta":{"_et_pb_use_builder":"on","_et_pb_old_content":"","_et_gb_content_width":"","footnotes":""},"class_list":["post-614","page","type-page","status-publish","hentry"],"yoast_head":"<!-- This site is optimized with the Yoast SEO plugin v23.0 - https:\/\/yoast.com\/wordpress\/plugins\/seo\/ -->\n<title>Soins et beaut\u00e9 - O de r&#039;Ose<\/title>\n<meta name=\"robots\" content=\"index, follow, max-snippet:-1, max-image-preview:large, max-video-preview:-1\" \/>\n<link rel=\"canonical\" href=\"https:\/\/o-de-r-ose.fr\/index.php\/soins-et-beaute\/\" \/>\n<meta property=\"og:locale\" content=\"fr_FR\" \/>\n<meta property=\"og:type\" content=\"article\" \/>\n<meta property=\"og:title\" content=\"Soins et beaut\u00e9 - O de r&#039;Ose\" \/>\n<meta property=\"og:description\" content=\"Un pas l&#039;un apr\u00e8s l&#039;autrepour sa plus grande r\u00e9alisationKin\u00e9siologieTouch For HealthDouceur d&#039;OLes soins d&#039;harmonisationMuscle - Posture - Energie&quot;La vie nous a dot\u00e9 d&#039;un superbe v\u00e9hicule : notre corps. Parfois il pr\u00e9sente quelques d\u00e9faillances, il nous laisse en panne. Etre en forme, est-ce uniquement\u00a0 le faire r\u00e9parer quand il casse ? apprendre \u00e0 l&#039;entretenir ? \u00e0 [&hellip;]\" \/>\n<meta property=\"og:url\" content=\"https:\/\/o-de-r-ose.fr\/index.php\/soins-et-beaute\/\" \/>\n<meta property=\"og:site_name\" content=\"O de r&#039;Ose\" \/>\n<meta property=\"article:publisher\" content=\"https:\/\/www.facebook.com\/people\/O-de-rOse\/61553288860149\/\" \/>\n<meta property=\"article:modified_time\" content=\"2024-12-04T12:16:25+00:00\" \/>\n<meta property=\"og:image\" content=\"https:\/\/o-de-r-ose.fr\/wp-content\/uploads\/2023\/11\/O-DE-ROSE-LOGO.png\" \/>\n\t<meta property=\"og:image:width\" content=\"500\" \/>\n\t<meta property=\"og:image:height\" content=\"500\" \/>\n\t<meta property=\"og:image:type\" content=\"image\/png\" \/>\n<meta name=\"twitter:card\" content=\"summary_large_image\" \/>\n<meta name=\"twitter:label1\" content=\"Dur\u00e9e de lecture estim\u00e9e\" \/>\n\t<meta name=\"twitter:data1\" content=\"7 minutes\" \/>\n<script type=\"application\/ld+json\" class=\"yoast-schema-graph\">{\"@context\":\"https:\/\/schema.org\",\"@graph\":[{\"@type\":\"WebPage\",\"@id\":\"https:\/\/o-de-r-ose.fr\/index.php\/soins-et-beaute\/\",\"url\":\"https:\/\/o-de-r-ose.fr\/index.php\/soins-et-beaute\/\",\"name\":\"Soins et beaut\u00e9 - O de r&#039;Ose\",\"isPartOf\":{\"@id\":\"https:\/\/o-de-r-ose.fr\/#website\"},\"datePublished\":\"2023-12-10T18:11:38+00:00\",\"dateModified\":\"2024-12-04T12:16:25+00:00\",\"breadcrumb\":{\"@id\":\"https:\/\/o-de-r-ose.fr\/index.php\/soins-et-beaute\/#breadcrumb\"},\"inLanguage\":\"fr-FR\",\"potentialAction\":[{\"@type\":\"ReadAction\",\"target\":[\"https:\/\/o-de-r-ose.fr\/index.php\/soins-et-beaute\/\"]}]},{\"@type\":\"BreadcrumbList\",\"@id\":\"https:\/\/o-de-r-ose.fr\/index.php\/soins-et-beaute\/#breadcrumb\",\"itemListElement\":[{\"@type\":\"ListItem\",\"position\":1,\"name\":\"Accueil\",\"item\":\"https:\/\/o-de-r-ose.fr\/\"},{\"@type\":\"ListItem\",\"position\":2,\"name\":\"Soins et beaut\u00e9\"}]},{\"@type\":\"WebSite\",\"@id\":\"https:\/\/o-de-r-ose.fr\/#website\",\"url\":\"https:\/\/o-de-r-ose.fr\/\",\"name\":\"O de r'Ose\",\"description\":\"La seconde Floraison\",\"publisher\":{\"@id\":\"https:\/\/o-de-r-ose.fr\/#organization\"},\"potentialAction\":[{\"@type\":\"SearchAction\",\"target\":{\"@type\":\"EntryPoint\",\"urlTemplate\":\"https:\/\/o-de-r-ose.fr\/?s={search_term_string}\"},\"query-input\":\"required name=search_term_string\"}],\"inLanguage\":\"fr-FR\"},{\"@type\":\"Organization\",\"@id\":\"https:\/\/o-de-r-ose.fr\/#organization\",\"name\":\"O de r'Ose\",\"url\":\"https:\/\/o-de-r-ose.fr\/\",\"logo\":{\"@type\":\"ImageObject\",\"inLanguage\":\"fr-FR\",\"@id\":\"https:\/\/o-de-r-ose.fr\/#\/schema\/logo\/image\/\",\"url\":\"https:\/\/o-de-r-ose.fr\/wp-content\/uploads\/2023\/11\/O-DE-ROSE-LOGO.png\",\"contentUrl\":\"https:\/\/o-de-r-ose.fr\/wp-content\/uploads\/2023\/11\/O-DE-ROSE-LOGO.png\",\"width\":500,\"height\":500,\"caption\":\"O de r'Ose\"},\"image\":{\"@id\":\"https:\/\/o-de-r-ose.fr\/#\/schema\/logo\/image\/\"},\"sameAs\":[\"https:\/\/www.facebook.com\/people\/O-de-rOse\/61553288860149\/\"]}]}<\/script>\n<!-- \/ Yoast SEO plugin. -->","yoast_head_json":{"title":"Soins et beaut\u00e9 - O de r&#039;Ose","robots":{"index":"index","follow":"follow","max-snippet":"max-snippet:-1","max-image-preview":"max-image-preview:large","max-video-preview":"max-video-preview:-1"},"canonical":"https:\/\/o-de-r-ose.fr\/index.php\/soins-et-beaute\/","og_locale":"fr_FR","og_type":"article","og_title":"Soins et beaut\u00e9 - O de r&#039;Ose","og_description":"Un pas l'un apr\u00e8s l'autrepour sa plus grande r\u00e9alisationKin\u00e9siologieTouch For HealthDouceur d'OLes soins d'harmonisationMuscle - Posture - Energie\"La vie nous a dot\u00e9 d'un superbe v\u00e9hicule : notre corps. Parfois il pr\u00e9sente quelques d\u00e9faillances, il nous laisse en panne. Etre en forme, est-ce uniquement\u00a0 le faire r\u00e9parer quand il casse ? apprendre \u00e0 l'entretenir ? \u00e0 [&hellip;]","og_url":"https:\/\/o-de-r-ose.fr\/index.php\/soins-et-beaute\/","og_site_name":"O de r&#039;Ose","article_publisher":"https:\/\/www.facebook.com\/people\/O-de-rOse\/61553288860149\/","article_modified_time":"2024-12-04T12:16:25+00:00","og_image":[{"width":500,"height":500,"url":"https:\/\/o-de-r-ose.fr\/wp-content\/uploads\/2023\/11\/O-DE-ROSE-LOGO.png","type":"image\/png"}],"twitter_card":"summary_large_image","twitter_misc":{"Dur\u00e9e de lecture estim\u00e9e":"7 minutes"},"schema":{"@context":"https:\/\/schema.org","@graph":[{"@type":"WebPage","@id":"https:\/\/o-de-r-ose.fr\/index.php\/soins-et-beaute\/","url":"https:\/\/o-de-r-ose.fr\/index.php\/soins-et-beaute\/","name":"Soins et beaut\u00e9 - O de r&#039;Ose","isPartOf":{"@id":"https:\/\/o-de-r-ose.fr\/#website"},"datePublished":"2023-12-10T18:11:38+00:00","dateModified":"2024-12-04T12:16:25+00:00","breadcrumb":{"@id":"https:\/\/o-de-r-ose.fr\/index.php\/soins-et-beaute\/#breadcrumb"},"inLanguage":"fr-FR","potentialAction":[{"@type":"ReadAction","target":["https:\/\/o-de-r-ose.fr\/index.php\/soins-et-beaute\/"]}]},{"@type":"BreadcrumbList","@id":"https:\/\/o-de-r-ose.fr\/index.php\/soins-et-beaute\/#breadcrumb","itemListElement":[{"@type":"ListItem","position":1,"name":"Accueil","item":"https:\/\/o-de-r-ose.fr\/"},{"@type":"ListItem","position":2,"name":"Soins et beaut\u00e9"}]},{"@type":"WebSite","@id":"https:\/\/o-de-r-ose.fr\/#website","url":"https:\/\/o-de-r-ose.fr\/","name":"O de r'Ose","description":"La seconde Floraison","publisher":{"@id":"https:\/\/o-de-r-ose.fr\/#organization"},"potentialAction":[{"@type":"SearchAction","target":{"@type":"EntryPoint","urlTemplate":"https:\/\/o-de-r-ose.fr\/?s={search_term_string}"},"query-input":"required name=search_term_string"}],"inLanguage":"fr-FR"},{"@type":"Organization","@id":"https:\/\/o-de-r-ose.fr\/#organization","name":"O de r'Ose","url":"https:\/\/o-de-r-ose.fr\/","logo":{"@type":"ImageObject","inLanguage":"fr-FR","@id":"https:\/\/o-de-r-ose.fr\/#\/schema\/logo\/image\/","url":"https:\/\/o-de-r-ose.fr\/wp-content\/uploads\/2023\/11\/O-DE-ROSE-LOGO.png","contentUrl":"https:\/\/o-de-r-ose.fr\/wp-content\/uploads\/2023\/11\/O-DE-ROSE-LOGO.png","width":500,"height":500,"caption":"O de r'Ose"},"image":{"@id":"https:\/\/o-de-r-ose.fr\/#\/schema\/logo\/image\/"},"sameAs":["https:\/\/www.facebook.com\/people\/O-de-rOse\/61553288860149\/"]}]}},"_links":{"self":[{"href":"https:\/\/o-de-r-ose.fr\/index.php\/wp-json\/wp\/v2\/pages\/614","targetHints":{"allow":["GET"]}}],"collection":[{"href":"https:\/\/o-de-r-ose.fr\/index.php\/wp-json\/wp\/v2\/pages"}],"about":[{"href":"https:\/\/o-de-r-ose.fr\/index.php\/wp-json\/wp\/v2\/types\/page"}],"author":[{"embeddable":true,"href":"https:\/\/o-de-r-ose.fr\/index.php\/wp-json\/wp\/v2\/users\/1"}],"replies":[{"embeddable":true,"href":"https:\/\/o-de-r-ose.fr\/index.php\/wp-json\/wp\/v2\/comments?post=614"}],"version-history":[{"count":68,"href":"https:\/\/o-de-r-ose.fr\/index.php\/wp-json\/wp\/v2\/pages\/614\/revisions"}],"predecessor-version":[{"id":2518,"href":"https:\/\/o-de-r-ose.fr\/index.php\/wp-json\/wp\/v2\/pages\/614\/revisions\/2518"}],"wp:attachment":[{"href":"https:\/\/o-de-r-ose.fr\/index.php\/wp-json\/wp\/v2\/media?parent=614"}],"curies":[{"name":"wp","href":"https:\/\/api.w.org\/{rel}","templated":true}]}}