{"id":745,"date":"2023-12-10T16:24:10","date_gmt":"2023-12-10T15:24:10","guid":{"rendered":"https:\/\/o-de-r-ose.fr\/?page_id=745"},"modified":"2024-08-10T09:57:32","modified_gmt":"2024-08-10T07:57:32","slug":"le-ori-tahiti","status":"publish","type":"page","link":"https:\/\/o-de-r-ose.fr\/index.php\/le-ori-tahiti\/","title":{"rendered":"Danse Tahitienne"},"content":{"rendered":"<p>[et_pb_section fb_built=\u00a0\u00bb1&Prime; _builder_version=\u00a0\u00bb4.23.1&Prime; _module_preset=\u00a0\u00bbdefault\u00a0\u00bb background_color=\u00a0\u00bb#f3efe5&Prime; use_background_color_gradient=\u00a0\u00bbon\u00a0\u00bb background_color_gradient_direction=\u00a0\u00bb56deg\u00a0\u00bb background_color_gradient_stops=\u00a0\u00bb#f3efe5 0%|rgba(243, 239, 229, 0.88) 25%|rgba(243,239,229,0.64) 40%|rgba(243, 239, 229, 0.46) 50%|rgba(243,239,229,0.28) 60%|rgba(243,239,229,0.23) 77%|rgba(243,239,229,0.14) 98%\u00a0\u00bb background_color_gradient_overlays_image=\u00a0\u00bbon\u00a0\u00bb background_enable_image=\u00a0\u00bboff\u00a0\u00bb background_size=\u00a0\u00bbcustom\u00a0\u00bb background_image_width=\u00a0\u00bb46%\u00a0\u00bb background_position=\u00a0\u00bbcenter_right\u00a0\u00bb background_video_mp4=\u00a0\u00bbhttps:\/\/o-de-r-ose.fr\/wp-content\/uploads\/2023\/12\/ORI-TAHITI.mp4&Prime; min_height=\u00a0\u00bb756.1px\u00a0\u00bb top_divider_flip=\u00a0\u00bbhorizontal\u00a0\u00bb bottom_divider_style=\u00a0\u00bbcurve2&Prime; bottom_divider_color=\u00a0\u00bb#f3efe5&Prime; global_colors_info=\u00a0\u00bb{}\u00a0\u00bb][et_pb_row _builder_version=\u00a0\u00bb4.23.1&Prime; _module_preset=\u00a0\u00bbdefault\u00a0\u00bb custom_margin=\u00a0\u00bb176px|auto||auto||\u00a0\u00bb custom_padding=\u00a0\u00bb41px|||||\u00a0\u00bb global_colors_info=\u00a0\u00bb{}\u00a0\u00bb][et_pb_column type=\u00a0\u00bb4_4&Prime; _builder_version=\u00a0\u00bb4.23.1&Prime; _module_preset=\u00a0\u00bbdefault\u00a0\u00bb global_colors_info=\u00a0\u00bb{}\u00a0\u00bb][et_pb_heading title=\u00a0\u00bbOri Tahiti\u00a0\u00bb _builder_version=\u00a0\u00bb4.23.1&Prime; _module_preset=\u00a0\u00bbdefault\u00a0\u00bb title_text_align=\u00a0\u00bbcenter\u00a0\u00bb title_text_color=\u00a0\u00bb#FFFFFF\u00a0\u00bb title_font_size=\u00a0\u00bb59px\u00a0\u00bb transform_scale=\u00a0\u00bb186%|186%\u00a0\u00bb custom_padding=\u00a0\u00bb42px|||||\u00a0\u00bb global_colors_info=\u00a0\u00bb{}\u00a0\u00bb][\/et_pb_heading][\/et_pb_column][\/et_pb_row][\/et_pb_section][et_pb_section fb_built=\u00a0\u00bb1&Prime; _builder_version=\u00a0\u00bb4.23.1&Prime; _module_preset=\u00a0\u00bbdefault\u00a0\u00bb background_color=\u00a0\u00bbrgba(86,69,54,0.87)\u00a0\u00bb top_divider_style=\u00a0\u00bbwave2&Prime; top_divider_color=\u00a0\u00bb#f3efe5&Prime; bottom_divider_style=\u00a0\u00bbgraph2&Prime; bottom_divider_color=\u00a0\u00bb#f5efe3&Prime; global_colors_info=\u00a0\u00bb{}\u00a0\u00bb][et_pb_row column_structure=\u00a0\u00bb1_2,1_2&Prime; _builder_version=\u00a0\u00bb4.23.1&Prime; _module_preset=\u00a0\u00bbdefault\u00a0\u00bb global_colors_info=\u00a0\u00bb{}\u00a0\u00bb][et_pb_column type=\u00a0\u00bb1_2&Prime; _builder_version=\u00a0\u00bb4.23.1&Prime; _module_preset=\u00a0\u00bbdefault\u00a0\u00bb global_colors_info=\u00a0\u00bb{}\u00a0\u00bb][et_pb_image src=\u00a0\u00bbhttps:\/\/o-de-r-ose.fr\/wp-content\/uploads\/2023\/12\/FLEURS-1.png\u00a0\u00bb title_text=\u00a0\u00bbFLEURS\u00a0\u00bb _builder_version=\u00a0\u00bb4.23.1&Prime; _module_preset=\u00a0\u00bbdefault\u00a0\u00bb transform_rotate=\u00a0\u00bb0deg|181deg|0deg\u00a0\u00bb global_colors_info=\u00a0\u00bb{}\u00a0\u00bb][\/et_pb_image][\/et_pb_column][et_pb_column type=\u00a0\u00bb1_2&Prime; _builder_version=\u00a0\u00bb4.23.1&Prime; _module_preset=\u00a0\u00bbdefault\u00a0\u00bb global_colors_info=\u00a0\u00bb{}\u00a0\u00bb][et_pb_heading title=\u00a0\u00bbLa danse de Tahiti\u00a0\u00bb _builder_version=\u00a0\u00bb4.23.1&Prime; _module_preset=\u00a0\u00bbdefault\u00a0\u00bb title_text_color=\u00a0\u00bb#FFFFFF\u00a0\u00bb global_colors_info=\u00a0\u00bb{}\u00a0\u00bb][\/et_pb_heading][et_pb_text _builder_version=\u00a0\u00bb4.23.1&Prime; _module_preset=\u00a0\u00bbdefault\u00a0\u00bb text_text_color=\u00a0\u00bb#FFFFFF\u00a0\u00bb custom_padding=\u00a0\u00bb|12px||12px||\u00a0\u00bb global_colors_info=\u00a0\u00bb{}\u00a0\u00bb]<\/p>\n<p style=\"text-align: justify;\">Tahiti est la plus grande \u00eele de la Polyn\u00e9sie Fran\u00e7aise situ\u00e9e au centre de l&rsquo;Oc\u00e9an Pacifique.<\/p>\n<p style=\"text-align: justify;\">Occupant une place pr\u00e9pond\u00e9rante dans toutes les cultures oc\u00e9aniennes, la danse rythme la succession des saisons. Les costumes sont faits de <strong>Tapa<\/strong> (\u00e9toffe d&rsquo;\u00e9corce d&rsquo;arbre battue) qui habillent danseurs et musiciens. Les femmes \u00e9tant torse nu, totalement libre dans le mouvement des corps, celles-ci choquent \u00e9norm\u00e9ment les missionnaires occidentaux d\u00e9barqu\u00e9s sur l&rsquo;\u00eele. Apr\u00e8s une p\u00e9riode d&rsquo;interdiction vers les ann\u00e9es 1819, ces danses \u00e9tant consid\u00e9r\u00e9es comme sataniques et obsc\u00e8nes, elles ont cependant retrouv\u00e9 leur maintien par les festivit\u00e9s engendr\u00e9es par la f\u00eate du 14 juillet c\u00e9l\u00e9br\u00e9e alors sous le nom de <strong>Tiurai<\/strong>. Les danseurs sont v\u00eatus d&rsquo;\u00e9toffes et de coton.<\/p>\n<p>[\/et_pb_text][\/et_pb_column][\/et_pb_row][et_pb_row _builder_version=\u00a0\u00bb4.23.1&Prime; _module_preset=\u00a0\u00bbdefault\u00a0\u00bb custom_padding=\u00a0\u00bb|2px||||\u00a0\u00bb global_colors_info=\u00a0\u00bb{}\u00a0\u00bb][et_pb_column type=\u00a0\u00bb4_4&Prime; _builder_version=\u00a0\u00bb4.23.1&Prime; _module_preset=\u00a0\u00bbdefault\u00a0\u00bb global_colors_info=\u00a0\u00bb{}\u00a0\u00bb][et_pb_text _builder_version=\u00a0\u00bb4.23.1&Prime; _module_preset=\u00a0\u00bbdefault\u00a0\u00bb text_text_color=\u00a0\u00bb#FFFFFF\u00a0\u00bb custom_padding=\u00a0\u00bb|18px||11px||\u00a0\u00bb global_colors_info=\u00a0\u00bb{}\u00a0\u00bb]<\/p>\n<p style=\"text-align: justify;\">La vraie renaissance de la danse commence dans les ann\u00e9e 50 avec <strong>Madeleine Moar<\/strong>, institutrice, qui apr\u00e8s un voyage en Bretagne a souhait\u00e9 redonner la m\u00eame vigueur aux danses traditionnelles sur l&rsquo;\u00eele de Tahiti. Elle cr\u00e9e alors un groupe de danse qu&rsquo;elle baptise <strong>Heiva<\/strong>. Elle redonne \u00e0 la danse tahitienne toute sa noblesse en cr\u00e9ant des costumes \u00e0 base de feuilles, de fleurs, de coquillages. Ses chor\u00e9graphies r\u00e9inventent la gestuelle. Le balancement des hanches est associ\u00e9 aux mouvements des vagues. <strong>Heiva i Tahiti<\/strong> est maintenant le nom donn\u00e9 au festival annuel qui a lieu en juillet.<\/p>\n<p>[\/et_pb_text][et_pb_text _builder_version=\u00a0\u00bb4.23.1&Prime; _module_preset=\u00a0\u00bbdefault\u00a0\u00bb text_text_color=\u00a0\u00bb#FFFFFF\u00a0\u00bb custom_padding=\u00a0\u00bb|12px||14px||\u00a0\u00bb global_colors_info=\u00a0\u00bb{}\u00a0\u00bb]<\/p>\n<p style=\"text-align: justify;\">Les peuples de Polyn\u00e9sie utilisent la musique vocale pour s&rsquo;exprimer, t\u00e9moigner, raconter des l\u00e9gendes ou invoquer les dieux. On retrouve 3 grandes cat\u00e9gories de chants qui sont :<\/p>\n<p style=\"text-align: justify;\">&#8211; les <strong>Himenes<\/strong> (Tarawa et Ru&rsquo;au) : chants non accompagn\u00e9s \u00e0 3 ou 5 voix. Ils sont en rapport avec la nature, la mythologie, les l\u00e9gendes des \u00eeles.<\/p>\n<p style=\"text-align: justify;\">&#8211; <strong>Ute Paripari<\/strong> : il est souvent improvis\u00e9 et t\u00e9moigne de la vie \u00e9motionnelle des polyn\u00e9siens. Il est accompagn\u00e9 d&rsquo;un orchestre traditionnel.<\/p>\n<p>[\/et_pb_text][et_pb_text _builder_version=\u00a0\u00bb4.23.1&Prime; _module_preset=\u00a0\u00bbdefault\u00a0\u00bb text_text_color=\u00a0\u00bb#FFFFFF\u00a0\u00bb custom_padding=\u00a0\u00bb|||13px||\u00a0\u00bb global_colors_info=\u00a0\u00bb{}\u00a0\u00bb]<\/p>\n<p>Les instruments de musique sont simples :<\/p>\n<p>&#8211; instruments \u00e0 vent : <strong>Vivo<\/strong> (fl\u00fbte nasale)<\/p>\n<p>&#8211; instruments \u00e0 percussion : les tambours <strong>Pahu<\/strong> et <strong>Fa&rsquo;atete<\/strong>, le <strong>Ihara<\/strong>, le <strong>Oro&rsquo;ora<\/strong> (sorte de maracasse), le <strong>Toere<\/strong><\/p>\n<p>&#8211; instruments \u00e0 cordes : venus d&rsquo;Hawa\u00ef au XVIII\u00e8me si\u00e8cle, le <strong>Pu<\/strong>, le <strong>Tita<\/strong>, le <strong>Ukulele<\/strong><\/p>\n<p>[\/et_pb_text][\/et_pb_column][\/et_pb_row][\/et_pb_section][et_pb_section fb_built=\u00a0\u00bb1&Prime; _builder_version=\u00a0\u00bb4.23.1&Prime; _module_preset=\u00a0\u00bbdefault\u00a0\u00bb background_color=\u00a0\u00bb#f3efe5&Prime; global_colors_info=\u00a0\u00bb{}\u00a0\u00bb][et_pb_row _builder_version=\u00a0\u00bb4.23.1&Prime; _module_preset=\u00a0\u00bbdefault\u00a0\u00bb min_height=\u00a0\u00bb100px\u00a0\u00bb height=\u00a0\u00bb100px\u00a0\u00bb max_height=\u00a0\u00bb139px\u00a0\u00bb global_colors_info=\u00a0\u00bb{}\u00a0\u00bb][et_pb_column type=\u00a0\u00bb4_4&Prime; _builder_version=\u00a0\u00bb4.23.1&Prime; _module_preset=\u00a0\u00bbdefault\u00a0\u00bb global_colors_info=\u00a0\u00bb{}\u00a0\u00bb][et_pb_text _builder_version=\u00a0\u00bb4.23.1&Prime; _module_preset=\u00a0\u00bbdefault\u00a0\u00bb text_text_color=\u00a0\u00bb#A8003B\u00a0\u00bb text_font_size=\u00a0\u00bb22px\u00a0\u00bb min_height=\u00a0\u00bb110px\u00a0\u00bb height=\u00a0\u00bb110px\u00a0\u00bb max_height=\u00a0\u00bb133px\u00a0\u00bb custom_padding=\u00a0\u00bb|||14px||\u00a0\u00bb hover_enabled=\u00a0\u00bb0&Prime; global_colors_info=\u00a0\u00bb{}\u00a0\u00bb sticky_enabled=\u00a0\u00bb0&Prime;]<\/p>\n<p>Cours danse tahitienne au Puy en Velay avec Fabienne : infos <a href=\"https:\/\/o-de-r-ose.fr\/index.php\/1632-2\/\">ICI<\/a><\/p>\n<p>[\/et_pb_text][\/et_pb_column][\/et_pb_row][\/et_pb_section][et_pb_section fb_built=\u00a0\u00bb1&Prime; _builder_version=\u00a0\u00bb4.23.1&Prime; _module_preset=\u00a0\u00bbdefault\u00a0\u00bb background_color=\u00a0\u00bb#f3efe5&Prime; background_video_mp4=\u00a0\u00bbhttps:\/\/o-de-r-ose.fr\/wp-content\/uploads\/2023\/12\/TAHITI.mp4&Prime; min_height=\u00a0\u00bb344.1px\u00a0\u00bb top_divider_style=\u00a0\u00bbwave2&Prime; top_divider_color=\u00a0\u00bb#f3efe5&Prime; global_colors_info=\u00a0\u00bb{}\u00a0\u00bb][\/et_pb_section][et_pb_section fb_built=\u00a0\u00bb1&Prime; _builder_version=\u00a0\u00bb4.23.1&Prime; _module_preset=\u00a0\u00bbdefault\u00a0\u00bb background_color=\u00a0\u00bb#f3efe5&Prime; top_divider_style=\u00a0\u00bbcurve2&Prime; top_divider_color=\u00a0\u00bb#af9982&Prime; global_colors_info=\u00a0\u00bb{}\u00a0\u00bb][et_pb_row column_structure=\u00a0\u00bb1_2,1_2&Prime; _builder_version=\u00a0\u00bb4.23.1&Prime; _module_preset=\u00a0\u00bbdefault\u00a0\u00bb global_colors_info=\u00a0\u00bb{}\u00a0\u00bb][et_pb_column type=\u00a0\u00bb1_2&Prime; _builder_version=\u00a0\u00bb4.23.1&Prime; _module_preset=\u00a0\u00bbdefault\u00a0\u00bb global_colors_info=\u00a0\u00bb{}\u00a0\u00bb][et_pb_image src=\u00a0\u00bbhttps:\/\/o-de-r-ose.fr\/wp-content\/uploads\/2023\/12\/DEFILE-2020.jpg\u00a0\u00bb title_text=\u00a0\u00bbDEFILE 2020&Prime; _builder_version=\u00a0\u00bb4.23.1&Prime; _module_preset=\u00a0\u00bbdefault\u00a0\u00bb border_radii=\u00a0\u00bbon|80px|80px|80px|80px\u00a0\u00bb global_colors_info=\u00a0\u00bb{}\u00a0\u00bb][\/et_pb_image][\/et_pb_column][et_pb_column type=\u00a0\u00bb1_2&Prime; _builder_version=\u00a0\u00bb4.23.1&Prime; _module_preset=\u00a0\u00bbdefault\u00a0\u00bb global_colors_info=\u00a0\u00bb{}\u00a0\u00bb][et_pb_image src=\u00a0\u00bbhttps:\/\/o-de-r-ose.fr\/wp-content\/uploads\/2023\/12\/85239878_2741493352614040_8530701929221718016_n.jpg\u00a0\u00bb title_text=\u00a0\u00bb85239878_2741493352614040_8530701929221718016_n\u00a0\u00bb _builder_version=\u00a0\u00bb4.23.1&Prime; _module_preset=\u00a0\u00bbdefault\u00a0\u00bb border_radii=\u00a0\u00bbon|80px|80px|80px|80px\u00a0\u00bb global_colors_info=\u00a0\u00bb{}\u00a0\u00bb][\/et_pb_image][\/et_pb_column][\/et_pb_row][\/et_pb_section]<\/p>\n","protected":false},"excerpt":{"rendered":"<p>Tahiti est la plus grande \u00eele de la Polyn\u00e9sie Fran\u00e7aise situ\u00e9e au centre de l&rsquo;Oc\u00e9an Pacifique. Occupant une place pr\u00e9pond\u00e9rante dans toutes les cultures oc\u00e9aniennes, la danse rythme la succession des saisons. Les costumes sont faits de Tapa (\u00e9toffe d&rsquo;\u00e9corce d&rsquo;arbre battue) qui habillent danseurs et musiciens. Les femmes \u00e9tant torse nu, totalement libre dans [&hellip;]<\/p>\n","protected":false},"author":1,"featured_media":1684,"parent":0,"menu_order":0,"comment_status":"closed","ping_status":"closed","template":"","meta":{"_et_pb_use_builder":"on","_et_pb_old_content":"","_et_gb_content_width":"","footnotes":""},"class_list":["post-745","page","type-page","status-publish","has-post-thumbnail","hentry"],"yoast_head":"<!-- This site is optimized with the Yoast SEO plugin v23.0 - https:\/\/yoast.com\/wordpress\/plugins\/seo\/ -->\n<title>Danse Tahitienne - O de r&#039;Ose<\/title>\n<meta name=\"description\" content=\"Occupant une place pr\u00e9pond\u00e9rante dans toutes les cultures oc\u00e9aniennes, la danse tahitienne rythme les saisons ... Cours Puy en Velay\" \/>\n<meta name=\"robots\" content=\"index, follow, max-snippet:-1, max-image-preview:large, max-video-preview:-1\" \/>\n<link rel=\"canonical\" href=\"https:\/\/o-de-r-ose.fr\/index.php\/le-ori-tahiti\/\" \/>\n<meta property=\"og:locale\" content=\"fr_FR\" \/>\n<meta property=\"og:type\" content=\"article\" \/>\n<meta property=\"og:title\" content=\"Danse Tahitienne - O de r&#039;Ose\" \/>\n<meta property=\"og:description\" content=\"Occupant une place pr\u00e9pond\u00e9rante dans toutes les cultures oc\u00e9aniennes, la danse tahitienne rythme les saisons ... Cours Puy en Velay\" \/>\n<meta property=\"og:url\" content=\"https:\/\/o-de-r-ose.fr\/index.php\/le-ori-tahiti\/\" \/>\n<meta property=\"og:site_name\" content=\"O de r&#039;Ose\" \/>\n<meta property=\"article:publisher\" content=\"https:\/\/www.facebook.com\/people\/O-de-rOse\/61553288860149\/\" \/>\n<meta property=\"article:modified_time\" content=\"2024-08-10T07:57:32+00:00\" \/>\n<meta property=\"og:image\" content=\"https:\/\/o-de-r-ose.fr\/wp-content\/uploads\/2024\/07\/ORI-TAHITI.png\" \/>\n\t<meta property=\"og:image:width\" content=\"925\" \/>\n\t<meta property=\"og:image:height\" content=\"869\" \/>\n\t<meta property=\"og:image:type\" content=\"image\/png\" \/>\n<meta name=\"twitter:card\" content=\"summary_large_image\" \/>\n<script type=\"application\/ld+json\" class=\"yoast-schema-graph\">{\"@context\":\"https:\/\/schema.org\",\"@graph\":[{\"@type\":\"WebPage\",\"@id\":\"https:\/\/o-de-r-ose.fr\/index.php\/le-ori-tahiti\/\",\"url\":\"https:\/\/o-de-r-ose.fr\/index.php\/le-ori-tahiti\/\",\"name\":\"Danse Tahitienne - O de r&#039;Ose\",\"isPartOf\":{\"@id\":\"https:\/\/o-de-r-ose.fr\/#website\"},\"primaryImageOfPage\":{\"@id\":\"https:\/\/o-de-r-ose.fr\/index.php\/le-ori-tahiti\/#primaryimage\"},\"image\":{\"@id\":\"https:\/\/o-de-r-ose.fr\/index.php\/le-ori-tahiti\/#primaryimage\"},\"thumbnailUrl\":\"https:\/\/o-de-r-ose.fr\/wp-content\/uploads\/2024\/07\/ORI-TAHITI.png\",\"datePublished\":\"2023-12-10T15:24:10+00:00\",\"dateModified\":\"2024-08-10T07:57:32+00:00\",\"description\":\"Occupant une place pr\u00e9pond\u00e9rante dans toutes les cultures oc\u00e9aniennes, la danse tahitienne rythme les saisons ... Cours Puy en Velay\",\"breadcrumb\":{\"@id\":\"https:\/\/o-de-r-ose.fr\/index.php\/le-ori-tahiti\/#breadcrumb\"},\"inLanguage\":\"fr-FR\",\"potentialAction\":[{\"@type\":\"ReadAction\",\"target\":[\"https:\/\/o-de-r-ose.fr\/index.php\/le-ori-tahiti\/\"]}]},{\"@type\":\"ImageObject\",\"inLanguage\":\"fr-FR\",\"@id\":\"https:\/\/o-de-r-ose.fr\/index.php\/le-ori-tahiti\/#primaryimage\",\"url\":\"https:\/\/o-de-r-ose.fr\/wp-content\/uploads\/2024\/07\/ORI-TAHITI.png\",\"contentUrl\":\"https:\/\/o-de-r-ose.fr\/wp-content\/uploads\/2024\/07\/ORI-TAHITI.png\",\"width\":925,\"height\":869},{\"@type\":\"BreadcrumbList\",\"@id\":\"https:\/\/o-de-r-ose.fr\/index.php\/le-ori-tahiti\/#breadcrumb\",\"itemListElement\":[{\"@type\":\"ListItem\",\"position\":1,\"name\":\"Accueil\",\"item\":\"https:\/\/o-de-r-ose.fr\/\"},{\"@type\":\"ListItem\",\"position\":2,\"name\":\"Danse Tahitienne\"}]},{\"@type\":\"WebSite\",\"@id\":\"https:\/\/o-de-r-ose.fr\/#website\",\"url\":\"https:\/\/o-de-r-ose.fr\/\",\"name\":\"O de r'Ose\",\"description\":\"La seconde Floraison\",\"publisher\":{\"@id\":\"https:\/\/o-de-r-ose.fr\/#organization\"},\"potentialAction\":[{\"@type\":\"SearchAction\",\"target\":{\"@type\":\"EntryPoint\",\"urlTemplate\":\"https:\/\/o-de-r-ose.fr\/?s={search_term_string}\"},\"query-input\":\"required name=search_term_string\"}],\"inLanguage\":\"fr-FR\"},{\"@type\":\"Organization\",\"@id\":\"https:\/\/o-de-r-ose.fr\/#organization\",\"name\":\"O de r'Ose\",\"url\":\"https:\/\/o-de-r-ose.fr\/\",\"logo\":{\"@type\":\"ImageObject\",\"inLanguage\":\"fr-FR\",\"@id\":\"https:\/\/o-de-r-ose.fr\/#\/schema\/logo\/image\/\",\"url\":\"https:\/\/o-de-r-ose.fr\/wp-content\/uploads\/2023\/11\/O-DE-ROSE-LOGO.png\",\"contentUrl\":\"https:\/\/o-de-r-ose.fr\/wp-content\/uploads\/2023\/11\/O-DE-ROSE-LOGO.png\",\"width\":500,\"height\":500,\"caption\":\"O de r'Ose\"},\"image\":{\"@id\":\"https:\/\/o-de-r-ose.fr\/#\/schema\/logo\/image\/\"},\"sameAs\":[\"https:\/\/www.facebook.com\/people\/O-de-rOse\/61553288860149\/\"]}]}<\/script>\n<!-- \/ Yoast SEO plugin. -->","yoast_head_json":{"title":"Danse Tahitienne - O de r&#039;Ose","description":"Occupant une place pr\u00e9pond\u00e9rante dans toutes les cultures oc\u00e9aniennes, la danse tahitienne rythme les saisons ... Cours Puy en Velay","robots":{"index":"index","follow":"follow","max-snippet":"max-snippet:-1","max-image-preview":"max-image-preview:large","max-video-preview":"max-video-preview:-1"},"canonical":"https:\/\/o-de-r-ose.fr\/index.php\/le-ori-tahiti\/","og_locale":"fr_FR","og_type":"article","og_title":"Danse Tahitienne - O de r&#039;Ose","og_description":"Occupant une place pr\u00e9pond\u00e9rante dans toutes les cultures oc\u00e9aniennes, la danse tahitienne rythme les saisons ... Cours Puy en Velay","og_url":"https:\/\/o-de-r-ose.fr\/index.php\/le-ori-tahiti\/","og_site_name":"O de r&#039;Ose","article_publisher":"https:\/\/www.facebook.com\/people\/O-de-rOse\/61553288860149\/","article_modified_time":"2024-08-10T07:57:32+00:00","og_image":[{"width":925,"height":869,"url":"https:\/\/o-de-r-ose.fr\/wp-content\/uploads\/2024\/07\/ORI-TAHITI.png","type":"image\/png"}],"twitter_card":"summary_large_image","schema":{"@context":"https:\/\/schema.org","@graph":[{"@type":"WebPage","@id":"https:\/\/o-de-r-ose.fr\/index.php\/le-ori-tahiti\/","url":"https:\/\/o-de-r-ose.fr\/index.php\/le-ori-tahiti\/","name":"Danse Tahitienne - O de r&#039;Ose","isPartOf":{"@id":"https:\/\/o-de-r-ose.fr\/#website"},"primaryImageOfPage":{"@id":"https:\/\/o-de-r-ose.fr\/index.php\/le-ori-tahiti\/#primaryimage"},"image":{"@id":"https:\/\/o-de-r-ose.fr\/index.php\/le-ori-tahiti\/#primaryimage"},"thumbnailUrl":"https:\/\/o-de-r-ose.fr\/wp-content\/uploads\/2024\/07\/ORI-TAHITI.png","datePublished":"2023-12-10T15:24:10+00:00","dateModified":"2024-08-10T07:57:32+00:00","description":"Occupant une place pr\u00e9pond\u00e9rante dans toutes les cultures oc\u00e9aniennes, la danse tahitienne rythme les saisons ... Cours Puy en Velay","breadcrumb":{"@id":"https:\/\/o-de-r-ose.fr\/index.php\/le-ori-tahiti\/#breadcrumb"},"inLanguage":"fr-FR","potentialAction":[{"@type":"ReadAction","target":["https:\/\/o-de-r-ose.fr\/index.php\/le-ori-tahiti\/"]}]},{"@type":"ImageObject","inLanguage":"fr-FR","@id":"https:\/\/o-de-r-ose.fr\/index.php\/le-ori-tahiti\/#primaryimage","url":"https:\/\/o-de-r-ose.fr\/wp-content\/uploads\/2024\/07\/ORI-TAHITI.png","contentUrl":"https:\/\/o-de-r-ose.fr\/wp-content\/uploads\/2024\/07\/ORI-TAHITI.png","width":925,"height":869},{"@type":"BreadcrumbList","@id":"https:\/\/o-de-r-ose.fr\/index.php\/le-ori-tahiti\/#breadcrumb","itemListElement":[{"@type":"ListItem","position":1,"name":"Accueil","item":"https:\/\/o-de-r-ose.fr\/"},{"@type":"ListItem","position":2,"name":"Danse Tahitienne"}]},{"@type":"WebSite","@id":"https:\/\/o-de-r-ose.fr\/#website","url":"https:\/\/o-de-r-ose.fr\/","name":"O de r'Ose","description":"La seconde Floraison","publisher":{"@id":"https:\/\/o-de-r-ose.fr\/#organization"},"potentialAction":[{"@type":"SearchAction","target":{"@type":"EntryPoint","urlTemplate":"https:\/\/o-de-r-ose.fr\/?s={search_term_string}"},"query-input":"required name=search_term_string"}],"inLanguage":"fr-FR"},{"@type":"Organization","@id":"https:\/\/o-de-r-ose.fr\/#organization","name":"O de r'Ose","url":"https:\/\/o-de-r-ose.fr\/","logo":{"@type":"ImageObject","inLanguage":"fr-FR","@id":"https:\/\/o-de-r-ose.fr\/#\/schema\/logo\/image\/","url":"https:\/\/o-de-r-ose.fr\/wp-content\/uploads\/2023\/11\/O-DE-ROSE-LOGO.png","contentUrl":"https:\/\/o-de-r-ose.fr\/wp-content\/uploads\/2023\/11\/O-DE-ROSE-LOGO.png","width":500,"height":500,"caption":"O de r'Ose"},"image":{"@id":"https:\/\/o-de-r-ose.fr\/#\/schema\/logo\/image\/"},"sameAs":["https:\/\/www.facebook.com\/people\/O-de-rOse\/61553288860149\/"]}]}},"_links":{"self":[{"href":"https:\/\/o-de-r-ose.fr\/index.php\/wp-json\/wp\/v2\/pages\/745","targetHints":{"allow":["GET"]}}],"collection":[{"href":"https:\/\/o-de-r-ose.fr\/index.php\/wp-json\/wp\/v2\/pages"}],"about":[{"href":"https:\/\/o-de-r-ose.fr\/index.php\/wp-json\/wp\/v2\/types\/page"}],"author":[{"embeddable":true,"href":"https:\/\/o-de-r-ose.fr\/index.php\/wp-json\/wp\/v2\/users\/1"}],"replies":[{"embeddable":true,"href":"https:\/\/o-de-r-ose.fr\/index.php\/wp-json\/wp\/v2\/comments?post=745"}],"version-history":[{"count":54,"href":"https:\/\/o-de-r-ose.fr\/index.php\/wp-json\/wp\/v2\/pages\/745\/revisions"}],"predecessor-version":[{"id":1983,"href":"https:\/\/o-de-r-ose.fr\/index.php\/wp-json\/wp\/v2\/pages\/745\/revisions\/1983"}],"wp:featuredmedia":[{"embeddable":true,"href":"https:\/\/o-de-r-ose.fr\/index.php\/wp-json\/wp\/v2\/media\/1684"}],"wp:attachment":[{"href":"https:\/\/o-de-r-ose.fr\/index.php\/wp-json\/wp\/v2\/media?parent=745"}],"curies":[{"name":"wp","href":"https:\/\/api.w.org\/{rel}","templated":true}]}}