{"id":904,"date":"2023-12-13T11:03:06","date_gmt":"2023-12-13T10:03:06","guid":{"rendered":"https:\/\/o-de-r-ose.fr\/?page_id=904"},"modified":"2024-05-06T14:20:28","modified_gmt":"2024-05-06T12:20:28","slug":"904-2","status":"publish","type":"page","link":"https:\/\/o-de-r-ose.fr\/index.php\/904-2\/","title":{"rendered":"Le F\u00e9minin"},"content":{"rendered":"<p>[et_pb_section fb_built=\u00a0\u00bb1&Prime; admin_label=\u00a0\u00bbHeader\u00a0\u00bb _builder_version=\u00a0\u00bb4.23.1&Prime; _module_preset=\u00a0\u00bbdefault\u00a0\u00bb background_color=\u00a0\u00bb#F3EFE5&Prime; background_image=\u00a0\u00bbhttps:\/\/o-de-r-ose.fr\/wp-content\/uploads\/2024\/02\/LE-FEMININ.png\u00a0\u00bb background_position=\u00a0\u00bbbottom_center\u00a0\u00bb background_vertical_offset=\u00a0\u00bb0%\u00a0\u00bb min_height=\u00a0\u00bb751.6px\u00a0\u00bb height=\u00a0\u00bb389px\u00a0\u00bb max_height=\u00a0\u00bb421px\u00a0\u00bb custom_padding=\u00a0\u00bb8vw||0vw||false|false\u00a0\u00bb top_divider_color=\u00a0\u00bb#f5efe3&Prime; top_divider_flip=\u00a0\u00bbhorizontal\u00a0\u00bb bottom_divider_style=\u00a0\u00bbcurve2&Prime; bottom_divider_color=\u00a0\u00bb#f5efe3&Prime; border_color_all=\u00a0\u00bbRGBA(255,255,255,0)\u00a0\u00bb border_style_all=\u00a0\u00bbnone\u00a0\u00bb collapsed=\u00a0\u00bbon\u00a0\u00bb global_colors_info=\u00a0\u00bb{%22gcid-904649ba-8489-45ef-bc4d-794bd4d0fcba%22:%91%22background_color_gradient_stops%22%93}\u00a0\u00bb][et_pb_row _builder_version=\u00a0\u00bb4.23.1&Prime; _module_preset=\u00a0\u00bbdefault\u00a0\u00bb min_height=\u00a0\u00bb275px\u00a0\u00bb custom_margin=\u00a0\u00bb-78px|auto||auto||\u00a0\u00bb global_colors_info=\u00a0\u00bb{}\u00a0\u00bb][et_pb_column type=\u00a0\u00bb4_4&Prime; _builder_version=\u00a0\u00bb4.23.1&Prime; _module_preset=\u00a0\u00bbdefault\u00a0\u00bb global_colors_info=\u00a0\u00bb{}\u00a0\u00bb][et_pb_heading title=\u00a0\u00bbLe F\u00e9minin\u00a0\u00bb _builder_version=\u00a0\u00bb4.23.1&Prime; _module_preset=\u00a0\u00bbdefault\u00a0\u00bb title_text_align=\u00a0\u00bbcenter\u00a0\u00bb title_text_color=\u00a0\u00bb#FFFFFF\u00a0\u00bb title_font_size=\u00a0\u00bb116px\u00a0\u00bb title_line_height=\u00a0\u00bb1.5em\u00a0\u00bb min_height=\u00a0\u00bb183px\u00a0\u00bb height=\u00a0\u00bb183px\u00a0\u00bb max_height=\u00a0\u00bb242px\u00a0\u00bb global_colors_info=\u00a0\u00bb{}\u00a0\u00bb][\/et_pb_heading][\/et_pb_column][\/et_pb_row][et_pb_row _builder_version=\u00a0\u00bb4.23.1&Prime; _module_preset=\u00a0\u00bbdefault\u00a0\u00bb custom_margin=\u00a0\u00bb57px|auto||auto||\u00a0\u00bb global_colors_info=\u00a0\u00bb{}\u00a0\u00bb][et_pb_column type=\u00a0\u00bb4_4&Prime; _builder_version=\u00a0\u00bb4.23.1&Prime; _module_preset=\u00a0\u00bbdefault\u00a0\u00bb global_colors_info=\u00a0\u00bb{}\u00a0\u00bb][et_pb_text _builder_version=\u00a0\u00bb4.23.1&Prime; _module_preset=\u00a0\u00bbdefault\u00a0\u00bb text_text_color=\u00a0\u00bb#FFFFFF\u00a0\u00bb text_font_size=\u00a0\u00bb65px\u00a0\u00bb text_line_height=\u00a0\u00bb1.9em\u00a0\u00bb global_colors_info=\u00a0\u00bb{}\u00a0\u00bb]<\/p>\n<p style=\"text-align: center;\"><strong>Le Temple de la r&rsquo;Ose<\/strong><\/p>\n<p>[\/et_pb_text][\/et_pb_column][\/et_pb_row][\/et_pb_section][et_pb_section fb_built=\u00a0\u00bb1&Prime; admin_label=\u00a0\u00bbAbout\u00a0\u00bb _builder_version=\u00a0\u00bb4.23.1&Prime; _module_preset=\u00a0\u00bbdefault\u00a0\u00bb background_color=\u00a0\u00bbgcid-904649ba-8489-45ef-bc4d-794bd4d0fcba\u00a0\u00bb min_height=\u00a0\u00bb454.4px\u00a0\u00bb top_divider_style=\u00a0\u00bbslant2&Prime; top_divider_color=\u00a0\u00bb#f3efe5&Prime; top_divider_flip=\u00a0\u00bbhorizontal\u00a0\u00bb collapsed=\u00a0\u00bbon\u00a0\u00bb global_colors_info=\u00a0\u00bb{%22gcid-904649ba-8489-45ef-bc4d-794bd4d0fcba%22:%91%22background_color%22%93}\u00a0\u00bb][et_pb_row column_structure=\u00a0\u00bb4_4,1_2&Prime; _builder_version=\u00a0\u00bb4.23.1&Prime; _module_preset=\u00a0\u00bbdefault\u00a0\u00bb global_colors_info=\u00a0\u00bb{}\u00a0\u00bb][et_pb_column type=\u00a0\u00bb4_4&Prime; _builder_version=\u00a0\u00bb4.20.0&Prime; _module_preset=\u00a0\u00bbdefault\u00a0\u00bb global_colors_info=\u00a0\u00bb{}\u00a0\u00bb][et_pb_image src=\u00a0\u00bbhttps:\/\/o-de-r-ose.fr\/wp-content\/uploads\/2023\/12\/beauty-esthetician-2.jpg\u00a0\u00bb title_text=\u00a0\u00bbbeauty-esthetician-2&Prime; _builder_version=\u00a0\u00bb4.21.0&Prime; _module_preset=\u00a0\u00bbdefault\u00a0\u00bb custom_margin=\u00a0\u00bb||||false|false\u00a0\u00bb global_colors_info=\u00a0\u00bb{}\u00a0\u00bb][\/et_pb_image][et_pb_image src=\u00a0\u00bbhttps:\/\/o-de-r-ose.fr\/wp-content\/uploads\/2023\/12\/beauty-esthetician-43.png\u00a0\u00bb title_text=\u00a0\u00bbbeauty-esthetician-43&Prime; align=\u00a0\u00bbright\u00a0\u00bb _builder_version=\u00a0\u00bb4.21.0&Prime; _module_preset=\u00a0\u00bbdefault\u00a0\u00bb width=\u00a0\u00bb88%\u00a0\u00bb custom_margin=\u00a0\u00bb-41%|-12%|||false|false\u00a0\u00bb global_colors_info=\u00a0\u00bb{}\u00a0\u00bb][\/et_pb_image][et_pb_text _builder_version=\u00a0\u00bb4.23.1&Prime; _module_preset=\u00a0\u00bb4c14da39-89eb-4263-8182-341275e383ae\u00a0\u00bb header_text_align=\u00a0\u00bbleft\u00a0\u00bb global_colors_info=\u00a0\u00bb{}\u00a0\u00bb]<\/p>\n<h2>Le culte de la beaut\u00e9<\/h2>\n<p>[\/et_pb_text][\/et_pb_column][et_pb_column type=\u00a0\u00bb1_2&Prime; _builder_version=\u00a0\u00bb4.20.0&Prime; _module_preset=\u00a0\u00bbdefault\u00a0\u00bb global_colors_info=\u00a0\u00bb{}\u00a0\u00bb][et_pb_text _builder_version=\u00a0\u00bb4.23.1&Prime; _module_preset=\u00a0\u00bb4c14da39-89eb-4263-8182-341275e383ae\u00a0\u00bb header_text_align=\u00a0\u00bbleft\u00a0\u00bb global_colors_info=\u00a0\u00bb{}\u00a0\u00bb]<\/p>\n<h2>Le culte de la beaut\u00e9<\/h2>\n<p>[\/et_pb_text][\/et_pb_column][\/et_pb_row][et_pb_row column_structure=\u00a0\u00bb3_5,2_5&Prime; _builder_version=\u00a0\u00bb4.23.1&Prime; _module_preset=\u00a0\u00bbdefault\u00a0\u00bb global_colors_info=\u00a0\u00bb{}\u00a0\u00bb][et_pb_column type=\u00a0\u00bb3_5&Prime; _builder_version=\u00a0\u00bb4.23.1&Prime; _module_preset=\u00a0\u00bbdefault\u00a0\u00bb global_colors_info=\u00a0\u00bb{}\u00a0\u00bb][et_pb_text _builder_version=\u00a0\u00bb4.23.1&Prime; _module_preset=\u00a0\u00bbdefault\u00a0\u00bb global_colors_info=\u00a0\u00bb{}\u00a0\u00bb]<\/p>\n<p>La beaut\u00e9 est l&rsquo;expression de l&rsquo;amour, l&rsquo;amour que l&rsquo;on porte en soi, l&rsquo;amour que l&rsquo;on offre. Elle est l&rsquo;expression du divin par l&rsquo;extase qu&rsquo;elle procure, si subtile et profonde qu&rsquo;elle en fait rougir de g\u00eane parfois nos esprits si peu habitu\u00e9s \u00e0 la reconna\u00eetre en soi.<\/p>\n<p>La beaut\u00e9 raconte la vie et nourrit le coeur.<\/p>\n<p>De la simplicit\u00e9 \u00e0 une touche plus audacieuse, oser la beaut\u00e9 est un acte d&rsquo;amour, de respect, offert \u00e0 l&rsquo;unique \u00eatre que nous sommes.<\/p>\n<p>[\/et_pb_text][\/et_pb_column][et_pb_column type=\u00a0\u00bb2_5&Prime; _builder_version=\u00a0\u00bb4.23.1&Prime; _module_preset=\u00a0\u00bbdefault\u00a0\u00bb global_colors_info=\u00a0\u00bb{}\u00a0\u00bb][et_pb_image src=\u00a0\u00bbhttps:\/\/o-de-r-ose.fr\/wp-content\/uploads\/2024\/02\/d3532039448b3922a72391bb32d612bd.jpg\u00a0\u00bb title_text=\u00a0\u00bbd3532039448b3922a72391bb32d612bd\u00a0\u00bb align=\u00a0\u00bbright\u00a0\u00bb _builder_version=\u00a0\u00bb4.23.1&Prime; _module_preset=\u00a0\u00bbdefault\u00a0\u00bb global_colors_info=\u00a0\u00bb{}\u00a0\u00bb][\/et_pb_image][\/et_pb_column][\/et_pb_row][\/et_pb_section][et_pb_section fb_built=\u00a0\u00bb1&Prime; admin_label=\u00a0\u00bbAbout\u00a0\u00bb _builder_version=\u00a0\u00bb4.23.1&Prime; _module_preset=\u00a0\u00bbdefault\u00a0\u00bb background_color=\u00a0\u00bbgcid-904649ba-8489-45ef-bc4d-794bd4d0fcba\u00a0\u00bb background_video_mp4=\u00a0\u00bbhttps:\/\/o-de-r-ose.fr\/wp-content\/uploads\/2024\/02\/FLEURS-EAU.mp4&Prime; module_alignment=\u00a0\u00bbcenter\u00a0\u00bb min_height=\u00a0\u00bb592.7px\u00a0\u00bb collapsed=\u00a0\u00bbon\u00a0\u00bb global_colors_info=\u00a0\u00bb{%22gcid-904649ba-8489-45ef-bc4d-794bd4d0fcba%22:%91%22background_color%22%93}\u00a0\u00bb][et_pb_row column_structure=\u00a0\u00bb1_2,1_2&Prime; _builder_version=\u00a0\u00bb4.20.0&Prime; _module_preset=\u00a0\u00bbdefault\u00a0\u00bb global_colors_info=\u00a0\u00bb{}\u00a0\u00bb][et_pb_column type=\u00a0\u00bb1_2&Prime; _builder_version=\u00a0\u00bb4.20.0&Prime; _module_preset=\u00a0\u00bbdefault\u00a0\u00bb global_colors_info=\u00a0\u00bb{}\u00a0\u00bb][et_pb_image src=\u00a0\u00bbhttps:\/\/o-de-r-ose.fr\/wp-content\/uploads\/2023\/12\/beauty-esthetician-2.jpg\u00a0\u00bb title_text=\u00a0\u00bbbeauty-esthetician-2&Prime; _builder_version=\u00a0\u00bb4.21.0&Prime; _module_preset=\u00a0\u00bbdefault\u00a0\u00bb custom_margin=\u00a0\u00bb||||false|false\u00a0\u00bb global_colors_info=\u00a0\u00bb{}\u00a0\u00bb][\/et_pb_image][et_pb_image src=\u00a0\u00bbhttps:\/\/o-de-r-ose.fr\/wp-content\/uploads\/2023\/12\/beauty-esthetician-43.png\u00a0\u00bb title_text=\u00a0\u00bbbeauty-esthetician-43&Prime; align=\u00a0\u00bbright\u00a0\u00bb _builder_version=\u00a0\u00bb4.21.0&Prime; _module_preset=\u00a0\u00bbdefault\u00a0\u00bb width=\u00a0\u00bb88%\u00a0\u00bb custom_margin=\u00a0\u00bb-41%|-12%|||false|false\u00a0\u00bb global_colors_info=\u00a0\u00bb{}\u00a0\u00bb][\/et_pb_image][\/et_pb_column][et_pb_column type=\u00a0\u00bb1_2&Prime; _builder_version=\u00a0\u00bb4.20.0&Prime; _module_preset=\u00a0\u00bbdefault\u00a0\u00bb global_colors_info=\u00a0\u00bb{}\u00a0\u00bb][et_pb_text _builder_version=\u00a0\u00bb4.20.0&Prime; _module_preset=\u00a0\u00bb4c14da39-89eb-4263-8182-341275e383ae\u00a0\u00bb global_colors_info=\u00a0\u00bb{}\u00a0\u00bb]<\/p>\n<h2><span style=\"color: #ffffff;\">La reliance au Soi<\/span><\/h2>\n<p>[\/et_pb_text][et_pb_text _builder_version=\u00a0\u00bb4.23.1&Prime; _module_preset=\u00a0\u00bbdefault\u00a0\u00bb custom_padding=\u00a0\u00bb||0px|||\u00a0\u00bb global_colors_info=\u00a0\u00bb{}\u00a0\u00bb]<\/p>\n<p><span style=\"color: #ffffff;\">En chacun de nous vibre un \u00e9tat d&rsquo;\u00eatre pur et majestueux qui se manifeste par l&rsquo;\u00e9coute du coeur.<br \/><\/span><\/p>\n<p><span style=\"color: #ffffff;\"><\/span><\/p>\n<p><span style=\"color: #ffffff;\">Etre reli\u00e9 \u00e0 son coeur c&rsquo;est se donner la possibilit\u00e9 d&rsquo;acc\u00e9der \u00e0 la meilleure version de sa vie, une vie o\u00f9 nous sommes au service\u00a0 du grand oeuvre qui d\u00e9passe l&rsquo;entendement.\u00a0<\/span><span style=\"color: #ffffff;\"> \u00a0 <\/span><\/p>\n<p><span style=\"color: #ffffff;\"><\/span><\/p>\n<p>[\/et_pb_text][\/et_pb_column][\/et_pb_row][\/et_pb_section][et_pb_section fb_built=\u00a0\u00bb1&Prime; admin_label=\u00a0\u00bbAbout\u00a0\u00bb _builder_version=\u00a0\u00bb4.20.0&Prime; _module_preset=\u00a0\u00bbdefault\u00a0\u00bb background_color=\u00a0\u00bbgcid-904649ba-8489-45ef-bc4d-794bd4d0fcba\u00a0\u00bb min_height=\u00a0\u00bb454.4px\u00a0\u00bb collapsed=\u00a0\u00bbon\u00a0\u00bb global_colors_info=\u00a0\u00bb{%22gcid-904649ba-8489-45ef-bc4d-794bd4d0fcba%22:%91%22background_color%22%93}\u00a0\u00bb][et_pb_row column_structure=\u00a0\u00bb1_2,1_2&Prime; _builder_version=\u00a0\u00bb4.23.1&Prime; _module_preset=\u00a0\u00bbdefault\u00a0\u00bb global_colors_info=\u00a0\u00bb{}\u00a0\u00bb][et_pb_column type=\u00a0\u00bb1_2&Prime; _builder_version=\u00a0\u00bb4.23.1&Prime; _module_preset=\u00a0\u00bbdefault\u00a0\u00bb global_colors_info=\u00a0\u00bb{}\u00a0\u00bb][et_pb_image src=\u00a0\u00bbhttps:\/\/o-de-r-ose.fr\/wp-content\/uploads\/2024\/04\/07d4dc3f392b5fb5a37105aae1ebeb69.jpg\u00a0\u00bb title_text=\u00a0\u00bb07d4dc3f392b5fb5a37105aae1ebeb69&Prime; _builder_version=\u00a0\u00bb4.23.1&Prime; _module_preset=\u00a0\u00bbdefault\u00a0\u00bb width=\u00a0\u00bb64%\u00a0\u00bb max_width=\u00a0\u00bb65%\u00a0\u00bb global_colors_info=\u00a0\u00bb{}\u00a0\u00bb][\/et_pb_image][\/et_pb_column][et_pb_column type=\u00a0\u00bb1_2&Prime; _builder_version=\u00a0\u00bb4.23.1&Prime; _module_preset=\u00a0\u00bbdefault\u00a0\u00bb global_colors_info=\u00a0\u00bb{}\u00a0\u00bb][et_pb_text _builder_version=\u00a0\u00bb4.23.1&Prime; _module_preset=\u00a0\u00bb4c14da39-89eb-4263-8182-341275e383ae\u00a0\u00bb text_orientation=\u00a0\u00bbcenter\u00a0\u00bb module_alignment=\u00a0\u00bbright\u00a0\u00bb global_colors_info=\u00a0\u00bb{}\u00a0\u00bb]<\/p>\n<h2>Contacter sa douceur<\/h2>\n<p>[\/et_pb_text][et_pb_text _builder_version=\u00a0\u00bb4.23.1&Prime; _module_preset=\u00a0\u00bbdefault\u00a0\u00bb width=\u00a0\u00bb99.4%\u00a0\u00bb global_colors_info=\u00a0\u00bb{}\u00a0\u00bb]<\/p>\n<p>La femme est belle par nature. Et lorsqu&rsquo;elle marie \u00e0 cette beaut\u00e9 sa douceur naturelle, alors la magie d&rsquo;un f\u00e9minin issu du sacr\u00e9 embrase l&rsquo;univers.<\/p>\n<p>Cette douceur est le culte du f\u00e9minin symbolisant l&rsquo;amour \u00e0 l&rsquo;\u00e9tat pur parce que de l&rsquo;amour germent la confiance, la foi, \u00a0 la patience de voir \u00e9clore la vie en toute chose, de reconna\u00eetre le meilleur en chacun et en toute situation.<\/p>\n<p>Soit cette douceur qui nourrit avec humilit\u00e9 les profondeurs des \u00e2mes reconnaissant ainsi le parfum divin de l&rsquo;unit\u00e9 retrouv\u00e9e.<\/p>\n<p>&nbsp;<\/p>\n<p>[\/et_pb_text][\/et_pb_column][\/et_pb_row][\/et_pb_section][et_pb_section fb_built=\u00a0\u00bb1&Prime; theme_builder_area=\u00a0\u00bbpost_content\u00a0\u00bb _builder_version=\u00a0\u00bb4.23.1&Prime; _module_preset=\u00a0\u00bbdefault\u00a0\u00bb title_text=\u00a0\u00bb6cb48a3d55f8269807664e260ad35e18&Prime; background_image=\u00a0\u00bbhttps:\/\/o-de-r-ose.fr\/wp-content\/uploads\/2024\/05\/6cb48a3d55f8269807664e260ad35e18.jpg\u00a0\u00bb background_size=\u00a0\u00bbcustom\u00a0\u00bb hover_enabled=\u00a0\u00bb0&Prime; sticky_enabled=\u00a0\u00bb0&Prime; background_color=\u00a0\u00bb#f3efe5&Prime; background_image_width=\u00a0\u00bb48%\u00a0\u00bb background_image_height=\u00a0\u00bb0%\u00a0\u00bb custom_padding=\u00a0\u00bb54px|||||\u00a0\u00bb][et_pb_row _builder_version=\u00a0\u00bb4.23.1&Prime; _module_preset=\u00a0\u00bbdefault\u00a0\u00bb theme_builder_area=\u00a0\u00bbpost_content\u00a0\u00bb max_height=\u00a0\u00bb1000px\u00a0\u00bb min_height=\u00a0\u00bb910px\u00a0\u00bb hover_enabled=\u00a0\u00bb0&Prime; sticky_enabled=\u00a0\u00bb0&Prime;][et_pb_column _builder_version=\u00a0\u00bb4.23.1&Prime; _module_preset=\u00a0\u00bbdefault\u00a0\u00bb type=\u00a0\u00bb4_4&Prime; theme_builder_area=\u00a0\u00bbpost_content\u00a0\u00bb][et_pb_heading title=\u00a0\u00bbAccueillir et vivre son f\u00e9minin\u00a0\u00bb _builder_version=\u00a0\u00bb4.23.1&Prime; _module_preset=\u00a0\u00bbdefault\u00a0\u00bb theme_builder_area=\u00a0\u00bbpost_content\u00a0\u00bb title_text_color=\u00a0\u00bb#FFFFFF\u00a0\u00bb title_text_align=\u00a0\u00bbcenter\u00a0\u00bb title_font_size=\u00a0\u00bb47px\u00a0\u00bb title_line_height=\u00a0\u00bb1.7em\u00a0\u00bb hover_enabled=\u00a0\u00bb0&Prime; sticky_enabled=\u00a0\u00bb0&Prime;][\/et_pb_heading][\/et_pb_column][\/et_pb_row][\/et_pb_section]<\/p>\n","protected":false},"excerpt":{"rendered":"<p>Le Temple de la r&rsquo;OseLe culte de la beaut\u00e9Le culte de la beaut\u00e9La beaut\u00e9 est l&rsquo;expression de l&rsquo;amour, l&rsquo;amour que l&rsquo;on porte en soi, l&rsquo;amour que l&rsquo;on offre. Elle est l&rsquo;expression du divin par l&rsquo;extase qu&rsquo;elle procure, si subtile et profonde qu&rsquo;elle en fait rougir de g\u00eane parfois nos esprits si peu habitu\u00e9s \u00e0 la [&hellip;]<\/p>\n","protected":false},"author":1,"featured_media":0,"parent":0,"menu_order":0,"comment_status":"closed","ping_status":"closed","template":"","meta":{"_et_pb_use_builder":"on","_et_pb_old_content":"","_et_gb_content_width":"","footnotes":""},"class_list":["post-904","page","type-page","status-publish","hentry"],"yoast_head":"<!-- This site is optimized with the Yoast SEO plugin v23.0 - https:\/\/yoast.com\/wordpress\/plugins\/seo\/ -->\n<title>Le F\u00e9minin - O de r&#039;Ose<\/title>\n<meta name=\"robots\" content=\"index, follow, max-snippet:-1, max-image-preview:large, max-video-preview:-1\" \/>\n<link rel=\"canonical\" href=\"https:\/\/o-de-r-ose.fr\/index.php\/904-2\/\" \/>\n<meta property=\"og:locale\" content=\"fr_FR\" \/>\n<meta property=\"og:type\" content=\"article\" \/>\n<meta property=\"og:title\" content=\"Le F\u00e9minin - O de r&#039;Ose\" \/>\n<meta property=\"og:description\" content=\"Le Temple de la r&#039;OseLe culte de la beaut\u00e9Le culte de la beaut\u00e9La beaut\u00e9 est l&#039;expression de l&#039;amour, l&#039;amour que l&#039;on porte en soi, l&#039;amour que l&#039;on offre. Elle est l&#039;expression du divin par l&#039;extase qu&#039;elle procure, si subtile et profonde qu&#039;elle en fait rougir de g\u00eane parfois nos esprits si peu habitu\u00e9s \u00e0 la [&hellip;]\" \/>\n<meta property=\"og:url\" content=\"https:\/\/o-de-r-ose.fr\/index.php\/904-2\/\" \/>\n<meta property=\"og:site_name\" content=\"O de r&#039;Ose\" \/>\n<meta property=\"article:publisher\" content=\"https:\/\/www.facebook.com\/people\/O-de-rOse\/61553288860149\/\" \/>\n<meta property=\"article:modified_time\" content=\"2024-05-06T12:20:28+00:00\" \/>\n<meta property=\"og:image\" content=\"https:\/\/o-de-r-ose.fr\/wp-content\/uploads\/2023\/11\/O-DE-ROSE-LOGO.png\" \/>\n\t<meta property=\"og:image:width\" content=\"500\" \/>\n\t<meta property=\"og:image:height\" content=\"500\" \/>\n\t<meta property=\"og:image:type\" content=\"image\/png\" \/>\n<meta name=\"twitter:card\" content=\"summary_large_image\" \/>\n<meta name=\"twitter:label1\" content=\"Dur\u00e9e de lecture estim\u00e9e\" \/>\n\t<meta name=\"twitter:data1\" content=\"7 minutes\" \/>\n<script type=\"application\/ld+json\" class=\"yoast-schema-graph\">{\"@context\":\"https:\/\/schema.org\",\"@graph\":[{\"@type\":\"WebPage\",\"@id\":\"https:\/\/o-de-r-ose.fr\/index.php\/904-2\/\",\"url\":\"https:\/\/o-de-r-ose.fr\/index.php\/904-2\/\",\"name\":\"Le F\u00e9minin - O de r&#039;Ose\",\"isPartOf\":{\"@id\":\"https:\/\/o-de-r-ose.fr\/#website\"},\"datePublished\":\"2023-12-13T10:03:06+00:00\",\"dateModified\":\"2024-05-06T12:20:28+00:00\",\"breadcrumb\":{\"@id\":\"https:\/\/o-de-r-ose.fr\/index.php\/904-2\/#breadcrumb\"},\"inLanguage\":\"fr-FR\",\"potentialAction\":[{\"@type\":\"ReadAction\",\"target\":[\"https:\/\/o-de-r-ose.fr\/index.php\/904-2\/\"]}]},{\"@type\":\"BreadcrumbList\",\"@id\":\"https:\/\/o-de-r-ose.fr\/index.php\/904-2\/#breadcrumb\",\"itemListElement\":[{\"@type\":\"ListItem\",\"position\":1,\"name\":\"Accueil\",\"item\":\"https:\/\/o-de-r-ose.fr\/\"},{\"@type\":\"ListItem\",\"position\":2,\"name\":\"Le F\u00e9minin\"}]},{\"@type\":\"WebSite\",\"@id\":\"https:\/\/o-de-r-ose.fr\/#website\",\"url\":\"https:\/\/o-de-r-ose.fr\/\",\"name\":\"O de r'Ose\",\"description\":\"La seconde Floraison\",\"publisher\":{\"@id\":\"https:\/\/o-de-r-ose.fr\/#organization\"},\"potentialAction\":[{\"@type\":\"SearchAction\",\"target\":{\"@type\":\"EntryPoint\",\"urlTemplate\":\"https:\/\/o-de-r-ose.fr\/?s={search_term_string}\"},\"query-input\":\"required name=search_term_string\"}],\"inLanguage\":\"fr-FR\"},{\"@type\":\"Organization\",\"@id\":\"https:\/\/o-de-r-ose.fr\/#organization\",\"name\":\"O de r'Ose\",\"url\":\"https:\/\/o-de-r-ose.fr\/\",\"logo\":{\"@type\":\"ImageObject\",\"inLanguage\":\"fr-FR\",\"@id\":\"https:\/\/o-de-r-ose.fr\/#\/schema\/logo\/image\/\",\"url\":\"https:\/\/o-de-r-ose.fr\/wp-content\/uploads\/2023\/11\/O-DE-ROSE-LOGO.png\",\"contentUrl\":\"https:\/\/o-de-r-ose.fr\/wp-content\/uploads\/2023\/11\/O-DE-ROSE-LOGO.png\",\"width\":500,\"height\":500,\"caption\":\"O de r'Ose\"},\"image\":{\"@id\":\"https:\/\/o-de-r-ose.fr\/#\/schema\/logo\/image\/\"},\"sameAs\":[\"https:\/\/www.facebook.com\/people\/O-de-rOse\/61553288860149\/\"]}]}<\/script>\n<!-- \/ Yoast SEO plugin. -->","yoast_head_json":{"title":"Le F\u00e9minin - O de r&#039;Ose","robots":{"index":"index","follow":"follow","max-snippet":"max-snippet:-1","max-image-preview":"max-image-preview:large","max-video-preview":"max-video-preview:-1"},"canonical":"https:\/\/o-de-r-ose.fr\/index.php\/904-2\/","og_locale":"fr_FR","og_type":"article","og_title":"Le F\u00e9minin - O de r&#039;Ose","og_description":"Le Temple de la r'OseLe culte de la beaut\u00e9Le culte de la beaut\u00e9La beaut\u00e9 est l'expression de l'amour, l'amour que l'on porte en soi, l'amour que l'on offre. Elle est l'expression du divin par l'extase qu'elle procure, si subtile et profonde qu'elle en fait rougir de g\u00eane parfois nos esprits si peu habitu\u00e9s \u00e0 la [&hellip;]","og_url":"https:\/\/o-de-r-ose.fr\/index.php\/904-2\/","og_site_name":"O de r&#039;Ose","article_publisher":"https:\/\/www.facebook.com\/people\/O-de-rOse\/61553288860149\/","article_modified_time":"2024-05-06T12:20:28+00:00","og_image":[{"width":500,"height":500,"url":"https:\/\/o-de-r-ose.fr\/wp-content\/uploads\/2023\/11\/O-DE-ROSE-LOGO.png","type":"image\/png"}],"twitter_card":"summary_large_image","twitter_misc":{"Dur\u00e9e de lecture estim\u00e9e":"7 minutes"},"schema":{"@context":"https:\/\/schema.org","@graph":[{"@type":"WebPage","@id":"https:\/\/o-de-r-ose.fr\/index.php\/904-2\/","url":"https:\/\/o-de-r-ose.fr\/index.php\/904-2\/","name":"Le F\u00e9minin - O de r&#039;Ose","isPartOf":{"@id":"https:\/\/o-de-r-ose.fr\/#website"},"datePublished":"2023-12-13T10:03:06+00:00","dateModified":"2024-05-06T12:20:28+00:00","breadcrumb":{"@id":"https:\/\/o-de-r-ose.fr\/index.php\/904-2\/#breadcrumb"},"inLanguage":"fr-FR","potentialAction":[{"@type":"ReadAction","target":["https:\/\/o-de-r-ose.fr\/index.php\/904-2\/"]}]},{"@type":"BreadcrumbList","@id":"https:\/\/o-de-r-ose.fr\/index.php\/904-2\/#breadcrumb","itemListElement":[{"@type":"ListItem","position":1,"name":"Accueil","item":"https:\/\/o-de-r-ose.fr\/"},{"@type":"ListItem","position":2,"name":"Le F\u00e9minin"}]},{"@type":"WebSite","@id":"https:\/\/o-de-r-ose.fr\/#website","url":"https:\/\/o-de-r-ose.fr\/","name":"O de r'Ose","description":"La seconde Floraison","publisher":{"@id":"https:\/\/o-de-r-ose.fr\/#organization"},"potentialAction":[{"@type":"SearchAction","target":{"@type":"EntryPoint","urlTemplate":"https:\/\/o-de-r-ose.fr\/?s={search_term_string}"},"query-input":"required name=search_term_string"}],"inLanguage":"fr-FR"},{"@type":"Organization","@id":"https:\/\/o-de-r-ose.fr\/#organization","name":"O de r'Ose","url":"https:\/\/o-de-r-ose.fr\/","logo":{"@type":"ImageObject","inLanguage":"fr-FR","@id":"https:\/\/o-de-r-ose.fr\/#\/schema\/logo\/image\/","url":"https:\/\/o-de-r-ose.fr\/wp-content\/uploads\/2023\/11\/O-DE-ROSE-LOGO.png","contentUrl":"https:\/\/o-de-r-ose.fr\/wp-content\/uploads\/2023\/11\/O-DE-ROSE-LOGO.png","width":500,"height":500,"caption":"O de r'Ose"},"image":{"@id":"https:\/\/o-de-r-ose.fr\/#\/schema\/logo\/image\/"},"sameAs":["https:\/\/www.facebook.com\/people\/O-de-rOse\/61553288860149\/"]}]}},"_links":{"self":[{"href":"https:\/\/o-de-r-ose.fr\/index.php\/wp-json\/wp\/v2\/pages\/904","targetHints":{"allow":["GET"]}}],"collection":[{"href":"https:\/\/o-de-r-ose.fr\/index.php\/wp-json\/wp\/v2\/pages"}],"about":[{"href":"https:\/\/o-de-r-ose.fr\/index.php\/wp-json\/wp\/v2\/types\/page"}],"author":[{"embeddable":true,"href":"https:\/\/o-de-r-ose.fr\/index.php\/wp-json\/wp\/v2\/users\/1"}],"replies":[{"embeddable":true,"href":"https:\/\/o-de-r-ose.fr\/index.php\/wp-json\/wp\/v2\/comments?post=904"}],"version-history":[{"count":38,"href":"https:\/\/o-de-r-ose.fr\/index.php\/wp-json\/wp\/v2\/pages\/904\/revisions"}],"predecessor-version":[{"id":1442,"href":"https:\/\/o-de-r-ose.fr\/index.php\/wp-json\/wp\/v2\/pages\/904\/revisions\/1442"}],"wp:attachment":[{"href":"https:\/\/o-de-r-ose.fr\/index.php\/wp-json\/wp\/v2\/media?parent=904"}],"curies":[{"name":"wp","href":"https:\/\/api.w.org\/{rel}","templated":true}]}}